{"id":47630,"date":"2019-07-02T18:56:54","date_gmt":"2019-07-02T16:56:54","guid":{"rendered":"http:\/\/unifitch.cyon.link\/conditions-generales"},"modified":"2019-07-06T22:24:38","modified_gmt":"2019-07-06T20:24:38","slug":"conditions-generales","status":"publish","type":"page","link":"https:\/\/uni-fit.ch\/fr\/conditions-generales","title":{"rendered":"Conditions g\u00e9n\u00e9rales"},"content":{"rendered":"<div class=\"wpb-content-wrapper\"><p>[vc_row][vc_column][vc_column_text]<\/p>\n<h1><strong>Conditions g\u00e9n\u00e9rales UNI-FIT Katalysatoren GmbH<\/strong><\/h1>\n<p>[\/vc_column_text][\/vc_column][\/vc_row][vc_row][vc_column][vc_column_text]<strong>G\u00e9n\u00e9ral<\/strong><\/p>\n<p>Les conditions suivantes s&#8217;appliquent exclusivement, m\u00eame si dans des cas individuels non r\u00e9f\u00e9renc\u00e9s d\u00e9sormais pour toutes nos offres, ventes et livraisons. Lors de la distribution des commandes, le client accepte les conditions g\u00e9n\u00e9rales. Diff\u00e9rentes conditions ne sont valables que si nous les confirmons par \u00e9crit.<\/p>\n<p>&nbsp;<\/p>\n<p><strong>Transport maritime<\/strong><\/p>\n<p>Les frais de port, y compris les retours, sont toujours \u00e0 la charge et aux risques de l&#8217;acheteur. Les d\u00e9lais de livraison ne sont pas contraignants.<\/p>\n<p>Nous livrons uniquement en Suisse et dans la Principaut\u00e9 du Liechtenstein.<\/p>\n<p>&nbsp;<\/p>\n<p><strong>Garantie et retour<\/strong><\/p>\n<p>La garantie couvre exclusivement le remplacement des pi\u00e8ces d\u00e9fectueuses, mais pas en dehors des heures de travail et des dommages indirects.<\/p>\n<p>Les autres demandes de responsabilit\u00e9 pour vice et les demandes de dommages-int\u00e9r\u00eats pour quelque raison que ce soit sont exclues.<\/p>\n<p>La condition pr\u00e9alable est que le client ait correctement remplac\u00e9 la pi\u00e8ce de rechange et que les instructions de montage aient \u00e9t\u00e9 suivies.<\/p>\n<p>Si les documents demand\u00e9s ne sont pas disponibles, la demande de garantie sera rejet\u00e9e.<\/p>\n<p>Si, aux fins de la plainte, les marchandises ont \u00e9t\u00e9 retourn\u00e9es, que la plainte a \u00e9t\u00e9 faite par erreur,<\/p>\n<p>Ainsi, le vendeur est en droit de facturer non seulement les frais d&#8217;exp\u00e9dition, mais \u00e9galement une r\u00e9mun\u00e9ration raisonnable pour l&#8217;examen des marchandises.<\/p>\n<p>La p\u00e9riode de garantie est de 2 ans sur les pi\u00e8ces neuves.<\/p>\n<p>Le droit de retour est de 14 jours, les marchandises doivent \u00eatre retourn\u00e9es inutilis\u00e9es comme dans l&#8217;\u00e9tat re\u00e7u.<\/p>\n<p>Les frais d&#8217;exp\u00e9dition \u00e9ventuels ne seront pas rembours\u00e9s et les frais d&#8217;exp\u00e9dition de retour seront \u00e0 la charge de l&#8217;acheteur.<\/p>\n<p>&nbsp;<\/p>\n<p><strong>Prix \u200b\u200bet conditions de paiement<\/strong><\/p>\n<p>Tous les prix propos\u00e9s sont en CHF, TVA comprise, hors entrep\u00f4t, frais de port et d&#8217;emballage. Ces prix peuvent \u00eatre adapt\u00e9s \u00e0 tout moment aux circonstances. Si des prix fixes ont \u00e9t\u00e9 convenus, ceux-ci sont valables jusqu&#8217;au prochain changement de prix g\u00e9n\u00e9ral. En tout \u00e9tat de cause, tous les biens restent la propri\u00e9t\u00e9 du vendeur jusqu&#8217;au paiement int\u00e9gral.<\/p>\n<p>Nos factures doivent \u00eatre r\u00e9gl\u00e9es au comptant \u00e0 la livraison, \u00e0 l&#8217;avance ou \u00e0 l&#8217;avance dans les 14 jours suivant le r\u00e8glement. Nous n&#8217;acceptons pas les d\u00e9ductions non autoris\u00e9es. Si aucun paiement de la facture due n\u2019est effectu\u00e9 dans la semaine qui suit le premier rappel, la r\u00e9clamation sera retir\u00e9e par un avocat. Les co\u00fbts de cette proc\u00e9dure sont \u00e0 la charge du client. Dans ce cas, nous sommes en droit d\u2019interrompre toute livraison ult\u00e9rieure et d\u2019appeler et de r\u00e9clamer toutes les factures en attente. Dans ce cas, nous nous r\u00e9servons le droit de facturer des int\u00e9r\u00eats sup\u00e9rieurs de 4% au taux d\u2019actualisation respectif fix\u00e9 par les banques suisses.<\/p>\n<p>Lorsque vous achetez avec des cartes de d\u00e9bit et de cr\u00e9dit, les frais sont factur\u00e9s au moment de la commande. Les donn\u00e9es de paiement via les cartes de cr\u00e9dit et de d\u00e9bit sont crypt\u00e9es. Lors d&#8217;un achat avec paiement anticip\u00e9, la commande ne sera d\u00e9clench\u00e9e que lorsque le paiement correspondant sera parvenu \u00e0 UNI-FIT. Les articles d\u00e9sir\u00e9s ne peuvent pas \u00eatre r\u00e9serv\u00e9s pendant cette p\u00e9riode. En cas de p\u00e9nurie de marchandises, il peut arriver que des marchandises ayant le statut &#8220;en stock&#8221; ne puissent plus \u00eatre livr\u00e9es imm\u00e9diatement jusqu&#8217;\u00e0 ce que la commande soit d\u00e9clench\u00e9e. Si le paiement n&#8217;est pas re\u00e7u par UNI-FIT dans les 5 jours, UNI-FIT peut annuler la commande.<\/p>\n<p>&nbsp;<\/p>\n<p><strong>Ordres<\/strong><\/p>\n<p>Pour les demandes de renseignements et les commandes t\u00e9l\u00e9phoniques, l&#8217;appelant supporte les frais de suivi r\u00e9sultant d&#8217;erreurs d&#8217;audience ou de malentendus.<\/p>\n<p>Nous ne sommes pas responsables des erreurs et des \u00e9carts dans nos documents de vente et dans les d\u00e9clarations de nos employ\u00e9s.<\/p>\n<p>&nbsp;<\/p>\n<p><strong>R\u00e9serve de propri\u00e9t\u00e9<\/strong><\/p>\n<p>Les marchandises restent notre propri\u00e9t\u00e9 jusqu&#8217;au paiement int\u00e9gral. La r\u00e9serve de propri\u00e9t\u00e9 \u00e9tendue est accept\u00e9e. En cas de retard de paiement, nous sommes \u00e9galement en droit de supprimer des marchandises de la propri\u00e9t\u00e9 du client qui ne nous ont pas \u00e9t\u00e9 livr\u00e9es dans la mesure o\u00f9 les factures restent ouvertes. Nous pouvons exercer ce droit d\u00e8s que le client nous ouvre, s\u2019il ne dispose pas des fonds n\u00e9cessaires pour r\u00e9gler nos factures. Si des marchandises impay\u00e9es sont saisies ou alt\u00e9r\u00e9es d&#8217;une autre mani\u00e8re, le client est oblig\u00e9 de nous en informer imm\u00e9diatement &#8211; si le client \u00e9choue, il est responsable des dommages que nous avons subis.<\/p>\n<p>&nbsp;<\/p>\n<p><strong>Juridiction<\/strong><\/p>\n<p>Le lieu d\u2019ex\u00e9cution et le tribunal comp\u00e9tent sont &#8211; si ce n\u2019est pas autrement d\u00e9termin\u00e9 par nous &#8211; pour tous les litiges Laufen Basel-Land. Avec les contreparties \u00e9trang\u00e8res, le droit suisse est toujours applicable.<\/p>\n<p>&nbsp;<\/p>\n<p><strong>Contenu de l&#8217;offre en ligne<\/strong><\/p>\n<p>L&#8217;auteur se r\u00e9serve le droit de ne pas \u00eatre responsable de l&#8217;actualit\u00e9, de l&#8217;exactitude, de l&#8217;exhaustivit\u00e9 ou de la qualit\u00e9 des informations fournies. Les actions en responsabilit\u00e9 contre l&#8217;auteur, qui ont trait \u00e0 la nature mat\u00e9rielle ou immat\u00e9rielle, caus\u00e9es par l&#8217;utilisation ou la non-utilisation des informations fournies ou par l&#8217;utilisation d&#8217;informations inexactes ou incompl\u00e8tes sont exclues, sauf si l&#8217;auteur est intentionnellement ou grossi\u00e8rement n\u00e9gligent est pr\u00e9sent. Toutes les offres sont sans engagement. L\u2019auteur se r\u00e9serve express\u00e9ment le droit de modifier, d\u2019ajouter ou de supprimer des parties des pages ou de l\u2019offre enti\u00e8re sans pr\u00e9avis, ou d\u2019interrompre temporairement ou d\u00e9finitivement la publication.<\/p>\n<p>&nbsp;<\/p>\n<p><strong>Droit d&#8217;auteur et droit des marques<\/strong><br \/>\nL&#8217;auteur s&#8217;efforce de respecter les droits d&#8217;auteur des graphiques, documents sonores, s\u00e9quences vid\u00e9o et textes utilis\u00e9s dans toutes les publications, d&#8217;utiliser des graphiques, des documents sonores, des s\u00e9quences vid\u00e9o et des textes cr\u00e9\u00e9s par lui ou des graphiques sans licence, des documents sonores, des s\u00e9quences vid\u00e9o et des textes. ,<br \/>\nTous les noms de marque et marques cit\u00e9s dans l&#8217;offre Internet et \u00e9ventuellement prot\u00e9g\u00e9s par des tiers sont soumis sans restriction aux dispositions du droit des marques en vigueur et aux droits de propri\u00e9t\u00e9 des propri\u00e9taires respectifs enregistr\u00e9s. La simple mention ne signifie pas que les marques ne sont pas prot\u00e9g\u00e9es par des droits de tiers! Le copyright pour publi\u00e9, cr\u00e9\u00e9 par les objets de l&#8217;auteur appartient uniquement \u00e0 l&#8217;auteur des pages. La reproduction ou l&#8217;utilisation de tels graphiques, documents sonores, s\u00e9quences vid\u00e9o et textes dans d&#8217;autres publications \u00e9lectroniques ou imprim\u00e9es n&#8217;est pas autoris\u00e9e sans le consentement expr\u00e8s de l&#8217;auteur.<\/p>\n<p>&nbsp;<\/p>\n<p><strong>Validit\u00e9 juridique de cette clause de non-responsabilit\u00e9<\/strong><br \/>\nCette clause de non-responsabilit\u00e9 doit \u00eatre consid\u00e9r\u00e9e comme faisant partie de l&#8217;offre Internet, \u00e0 partir de laquelle il a \u00e9t\u00e9 fait r\u00e9f\u00e9rence \u00e0 cette page. Si des sections ou des termes individuels de cette d\u00e9claration ne sont pas l\u00e9gaux ou corrects, le contenu ou la validit\u00e9 des autres parties ne sont pas influenc\u00e9s par ce fait.<\/p>\n<p>&nbsp;<\/p>\n<p><strong>UNI-FIT Katalysatoren GmbH<\/strong><\/p>\n<p>Novembre 2017<\/p>\n<p>Il est interdit de reproduire ou de copier nos donn\u00e9es sans notre consentement!<\/p>\n<p>Les donn\u00e9es et les graphiques sont copyright \u00a9[\/vc_column_text][\/vc_column][\/vc_row]<\/p>\n<\/div>","protected":false},"excerpt":{"rendered":"<p>[vc_row][vc_column][vc_column_text] Conditions g\u00e9n\u00e9rales UNI-FIT Katalysatoren GmbH [\/vc_column_text][\/vc_column][\/vc_row][vc_row][vc_column][vc_column_text]G\u00e9n\u00e9ral Les conditions suivantes s&#8217;appliquent exclusivement, m\u00eame si dans des cas individuels non r\u00e9f\u00e9renc\u00e9s d\u00e9sormais pour toutes nos offres, ventes et livraisons. Lors de la distribution des commandes, le client accepte les conditions g\u00e9n\u00e9rales. Diff\u00e9rentes conditions ne sont valables que si nous les confirmons par \u00e9crit. &nbsp; Transport maritime [&hellip;]<\/p>\n","protected":false},"author":3,"featured_media":0,"parent":0,"menu_order":0,"comment_status":"closed","ping_status":"closed","template":"","meta":{"footnotes":""},"class_list":["post-47630","page","type-page","status-publish","hentry"],"yoast_head":"<!-- This site is optimized with the Yoast SEO plugin v22.9 - https:\/\/yoast.com\/wordpress\/plugins\/seo\/ -->\n<title>Conditions g\u00e9n\u00e9rales - Catalyseurs UNI-FIT<\/title>\n<meta name=\"robots\" content=\"index, follow, max-snippet:-1, max-image-preview:large, max-video-preview:-1\" \/>\n<link rel=\"canonical\" href=\"https:\/\/uni-fit.ch\/fr\/conditions-generales\" \/>\n<meta property=\"og:locale\" content=\"fr_FR\" \/>\n<meta property=\"og:type\" content=\"article\" \/>\n<meta property=\"og:title\" content=\"Conditions g\u00e9n\u00e9rales - Catalyseurs UNI-FIT\" \/>\n<meta property=\"og:description\" content=\"[vc_row][vc_column][vc_column_text] Conditions g\u00e9n\u00e9rales UNI-FIT Katalysatoren GmbH [\/vc_column_text][\/vc_column][\/vc_row][vc_row][vc_column][vc_column_text]G\u00e9n\u00e9ral Les conditions suivantes s&#8217;appliquent exclusivement, m\u00eame si dans des cas individuels non r\u00e9f\u00e9renc\u00e9s d\u00e9sormais pour toutes nos offres, ventes et livraisons. Lors de la distribution des commandes, le client accepte les conditions g\u00e9n\u00e9rales. Diff\u00e9rentes conditions ne sont valables que si nous les confirmons par \u00e9crit. &nbsp; Transport maritime [&hellip;]\" \/>\n<meta property=\"og:url\" content=\"https:\/\/uni-fit.ch\/fr\/conditions-generales\" \/>\n<meta property=\"og:site_name\" content=\"Catalyseurs UNI-FIT\" \/>\n<meta property=\"article:modified_time\" content=\"2019-07-06T20:24:38+00:00\" \/>\n<meta name=\"twitter:card\" content=\"summary_large_image\" \/>\n<meta name=\"twitter:label1\" content=\"Dur\u00e9e de lecture estim\u00e9e\" \/>\n\t<meta name=\"twitter:data1\" content=\"6 minutes\" \/>\n<script type=\"application\/ld+json\" class=\"yoast-schema-graph\">{\"@context\":\"https:\/\/schema.org\",\"@graph\":[{\"@type\":\"WebPage\",\"@id\":\"https:\/\/uni-fit.ch\/fr\/conditions-generales\",\"url\":\"https:\/\/uni-fit.ch\/fr\/conditions-generales\",\"name\":\"Conditions g\u00e9n\u00e9rales - Catalyseurs UNI-FIT\",\"isPartOf\":{\"@id\":\"https:\/\/uni-fit.ch\/it\/#website\"},\"datePublished\":\"2019-07-02T16:56:54+00:00\",\"dateModified\":\"2019-07-06T20:24:38+00:00\",\"breadcrumb\":{\"@id\":\"https:\/\/uni-fit.ch\/fr\/conditions-generales#breadcrumb\"},\"inLanguage\":\"fr-FR\",\"potentialAction\":[{\"@type\":\"ReadAction\",\"target\":[\"https:\/\/uni-fit.ch\/fr\/conditions-generales\"]}]},{\"@type\":\"BreadcrumbList\",\"@id\":\"https:\/\/uni-fit.ch\/fr\/conditions-generales#breadcrumb\",\"itemListElement\":[{\"@type\":\"ListItem\",\"position\":1,\"name\":\"Startseite\",\"item\":\"https:\/\/uni-fit.ch\/fr\"},{\"@type\":\"ListItem\",\"position\":2,\"name\":\"Conditions g\u00e9n\u00e9rales\"}]},{\"@type\":\"WebSite\",\"@id\":\"https:\/\/uni-fit.ch\/it\/#website\",\"url\":\"https:\/\/uni-fit.ch\/it\/\",\"name\":\"Catalyseurs UNI-FIT\",\"description\":\"Catalyseur et filtre \u00e0 particules pour voitures et camionnettes\",\"publisher\":{\"@id\":\"https:\/\/uni-fit.ch\/it\/#organization\"},\"potentialAction\":[{\"@type\":\"SearchAction\",\"target\":{\"@type\":\"EntryPoint\",\"urlTemplate\":\"https:\/\/uni-fit.ch\/it\/?s={search_term_string}\"},\"query-input\":\"required name=search_term_string\"}],\"inLanguage\":\"fr-FR\"},{\"@type\":\"Organization\",\"@id\":\"https:\/\/uni-fit.ch\/it\/#organization\",\"name\":\"UNI-FIT Katalysatoren GmbH\",\"url\":\"https:\/\/uni-fit.ch\/it\/\",\"logo\":{\"@type\":\"ImageObject\",\"inLanguage\":\"fr-FR\",\"@id\":\"https:\/\/uni-fit.ch\/it\/#\/schema\/logo\/image\/\",\"url\":\"https:\/\/uni-fit.ch\/wp-content\/uploads\/unifit-katalysatoren-email-logo.png\",\"contentUrl\":\"https:\/\/uni-fit.ch\/wp-content\/uploads\/unifit-katalysatoren-email-logo.png\",\"width\":600,\"height\":286,\"caption\":\"UNI-FIT Katalysatoren GmbH\"},\"image\":{\"@id\":\"https:\/\/uni-fit.ch\/it\/#\/schema\/logo\/image\/\"}}]}<\/script>\n<!-- \/ Yoast SEO plugin. -->","yoast_head_json":{"title":"Conditions g\u00e9n\u00e9rales - Catalyseurs UNI-FIT","robots":{"index":"index","follow":"follow","max-snippet":"max-snippet:-1","max-image-preview":"max-image-preview:large","max-video-preview":"max-video-preview:-1"},"canonical":"https:\/\/uni-fit.ch\/fr\/conditions-generales","og_locale":"fr_FR","og_type":"article","og_title":"Conditions g\u00e9n\u00e9rales - Catalyseurs UNI-FIT","og_description":"[vc_row][vc_column][vc_column_text] Conditions g\u00e9n\u00e9rales UNI-FIT Katalysatoren GmbH [\/vc_column_text][\/vc_column][\/vc_row][vc_row][vc_column][vc_column_text]G\u00e9n\u00e9ral Les conditions suivantes s&#8217;appliquent exclusivement, m\u00eame si dans des cas individuels non r\u00e9f\u00e9renc\u00e9s d\u00e9sormais pour toutes nos offres, ventes et livraisons. Lors de la distribution des commandes, le client accepte les conditions g\u00e9n\u00e9rales. Diff\u00e9rentes conditions ne sont valables que si nous les confirmons par \u00e9crit. &nbsp; Transport maritime [&hellip;]","og_url":"https:\/\/uni-fit.ch\/fr\/conditions-generales","og_site_name":"Catalyseurs UNI-FIT","article_modified_time":"2019-07-06T20:24:38+00:00","twitter_card":"summary_large_image","twitter_misc":{"Dur\u00e9e de lecture estim\u00e9e":"6 minutes"},"schema":{"@context":"https:\/\/schema.org","@graph":[{"@type":"WebPage","@id":"https:\/\/uni-fit.ch\/fr\/conditions-generales","url":"https:\/\/uni-fit.ch\/fr\/conditions-generales","name":"Conditions g\u00e9n\u00e9rales - Catalyseurs UNI-FIT","isPartOf":{"@id":"https:\/\/uni-fit.ch\/it\/#website"},"datePublished":"2019-07-02T16:56:54+00:00","dateModified":"2019-07-06T20:24:38+00:00","breadcrumb":{"@id":"https:\/\/uni-fit.ch\/fr\/conditions-generales#breadcrumb"},"inLanguage":"fr-FR","potentialAction":[{"@type":"ReadAction","target":["https:\/\/uni-fit.ch\/fr\/conditions-generales"]}]},{"@type":"BreadcrumbList","@id":"https:\/\/uni-fit.ch\/fr\/conditions-generales#breadcrumb","itemListElement":[{"@type":"ListItem","position":1,"name":"Startseite","item":"https:\/\/uni-fit.ch\/fr"},{"@type":"ListItem","position":2,"name":"Conditions g\u00e9n\u00e9rales"}]},{"@type":"WebSite","@id":"https:\/\/uni-fit.ch\/it\/#website","url":"https:\/\/uni-fit.ch\/it\/","name":"Catalyseurs UNI-FIT","description":"Catalyseur et filtre \u00e0 particules pour voitures et camionnettes","publisher":{"@id":"https:\/\/uni-fit.ch\/it\/#organization"},"potentialAction":[{"@type":"SearchAction","target":{"@type":"EntryPoint","urlTemplate":"https:\/\/uni-fit.ch\/it\/?s={search_term_string}"},"query-input":"required name=search_term_string"}],"inLanguage":"fr-FR"},{"@type":"Organization","@id":"https:\/\/uni-fit.ch\/it\/#organization","name":"UNI-FIT Katalysatoren GmbH","url":"https:\/\/uni-fit.ch\/it\/","logo":{"@type":"ImageObject","inLanguage":"fr-FR","@id":"https:\/\/uni-fit.ch\/it\/#\/schema\/logo\/image\/","url":"https:\/\/uni-fit.ch\/wp-content\/uploads\/unifit-katalysatoren-email-logo.png","contentUrl":"https:\/\/uni-fit.ch\/wp-content\/uploads\/unifit-katalysatoren-email-logo.png","width":600,"height":286,"caption":"UNI-FIT Katalysatoren GmbH"},"image":{"@id":"https:\/\/uni-fit.ch\/it\/#\/schema\/logo\/image\/"}}]}},"_links":{"self":[{"href":"https:\/\/uni-fit.ch\/fr\/wp-json\/wp\/v2\/pages\/47630","targetHints":{"allow":["GET"]}}],"collection":[{"href":"https:\/\/uni-fit.ch\/fr\/wp-json\/wp\/v2\/pages"}],"about":[{"href":"https:\/\/uni-fit.ch\/fr\/wp-json\/wp\/v2\/types\/page"}],"author":[{"embeddable":true,"href":"https:\/\/uni-fit.ch\/fr\/wp-json\/wp\/v2\/users\/3"}],"replies":[{"embeddable":true,"href":"https:\/\/uni-fit.ch\/fr\/wp-json\/wp\/v2\/comments?post=47630"}],"version-history":[{"count":0,"href":"https:\/\/uni-fit.ch\/fr\/wp-json\/wp\/v2\/pages\/47630\/revisions"}],"wp:attachment":[{"href":"https:\/\/uni-fit.ch\/fr\/wp-json\/wp\/v2\/media?parent=47630"}],"curies":[{"name":"wp","href":"https:\/\/api.w.org\/{rel}","templated":true}]}}