{"id":47653,"date":"2019-07-02T20:23:05","date_gmt":"2019-07-02T18:23:05","guid":{"rendered":"http:\/\/unifitch.cyon.link\/faqs-fr"},"modified":"2019-07-02T20:23:05","modified_gmt":"2019-07-02T18:23:05","slug":"faqs-fr","status":"publish","type":"page","link":"https:\/\/uni-fit.ch\/fr\/faqs-fr","title":{"rendered":"FAQs &#8211; FR"},"content":{"rendered":"<div class=\"wpb-content-wrapper\"><p>[vc_row][vc_column][vc_custom_heading text=&#8221;FAQ&#8221; use_theme_fonts=&#8221;yes&#8221; el_class=&#8221;shorter&#8221;][vc_column_text] <strong>FAQ<\/strong> &#8211; Les questions les plus fr\u00e9quemment pos\u00e9es.[\/vc_column_text][vc_separator color=&#8221;custom&#8221; gap=&#8221;tall&#8221; gradient=&#8221;yes&#8221;][\/vc_column][\/vc_row][vc_row][vc_column]<div class=\"porto-faqs porto-faqs5zwj wpb_content_element \"><h4 class=\"wpb_heading \">H\u00e4ufig gestellte Kundenfragen<\/h4>\r\n\t<div class=\"page-faqs clearfix m-t-lg wpb_custom_7fe7ddf8f1a240d6488c8a8c41279112\" id=\"porto_faqs_9f5w\">\r\n\r\n\t\t\r\n\t\t\r\n\t\t<div class=\"faq-row faqs-container\">\r\n\t\t\t\r\n<div class=\"faq kundenfragen-fr post-34909 type-faq status-publish hentry faq_cat-kundenfragen-fr\">\r\n\t<section class=\"toggle\">\r\n\t\t<label>Ai-je le droit de retour<\/label>\r\n\t\t<div class=\"toggle-content\">\r\n\t\t<h3 class=\"entry-title\" style=\"display: none;\">Ai-je le droit de retour<\/h3><span class=\"vcard\" style=\"display: none;\"><span class=\"fn\"><a href=\"https:\/\/uni-fit.ch\/fr\/author\/uni-fit\" title=\"Articles par uni-fit\" rel=\"author\">uni-fit<\/a><\/span><\/span><span class=\"updated\" style=\"display:none\">2019-06-25T09:37:42+02:00<\/span>Les marchandises command\u00e9es peuvent \u00eatre retourn\u00e9es dans les 14 jours suivant la r\u00e9ception de l'envoi ou \u00e9chang\u00e9es. Dans les deux cas, cela n'est possible qu'avec des produits non utilis\u00e9s, propres et non endommag\u00e9s, dans l'emballage d'origine.\r\n\t\t<\/div>\r\n\t<\/section>\r\n<\/div>\r\n\r\n<div class=\"faq kundenfragen-fr post-34907 type-faq status-publish hentry faq_cat-kundenfragen-fr\">\r\n\t<section class=\"toggle\">\r\n\t\t<label>Quel est le cr\u00e9dit de l&#8217;article retourn\u00e9?<\/label>\r\n\t\t<div class=\"toggle-content\">\r\n\t\t<h3 class=\"entry-title\" style=\"display: none;\">Quel est le cr\u00e9dit de l&#8217;article retourn\u00e9?<\/h3><span class=\"vcard\" style=\"display: none;\"><span class=\"fn\"><a href=\"https:\/\/uni-fit.ch\/fr\/author\/uni-fit\" title=\"Articles par uni-fit\" rel=\"author\">uni-fit<\/a><\/span><\/span><span class=\"updated\" style=\"display:none\">2019-06-25T09:27:43+02:00<\/span>Seul le prix de vente du produit retourn\u00e9 sera rembours\u00e9. Les taxes \u00e9ventuelles ainsi que les frais de port engag\u00e9s ne seront pas rembours\u00e9s. Le remboursement du prix de vente sera effectu\u00e9 de la m\u00eame mani\u00e8re que le paiement initial. Pour les produits command\u00e9s par pr\u00e9paiement, nous avons besoin des coordonn\u00e9es bancaires appropri\u00e9es pour le remboursement.\t\t<\/div>\r\n\t<\/section>\r\n<\/div>\r\n\r\n<div class=\"faq kundenfragen-fr post-34905 type-faq status-publish hentry faq_cat-kundenfragen-fr\">\r\n\t<section class=\"toggle\">\r\n\t\t<label>Qui supporte les frais de retour<\/label>\r\n\t\t<div class=\"toggle-content\">\r\n\t\t<h3 class=\"entry-title\" style=\"display: none;\">Qui supporte les frais de retour<\/h3><span class=\"vcard\" style=\"display: none;\"><span class=\"fn\"><a href=\"https:\/\/uni-fit.ch\/fr\/author\/uni-fit\" title=\"Articles par uni-fit\" rel=\"author\">uni-fit<\/a><\/span><\/span><span class=\"updated\" style=\"display:none\">2019-06-25T08:59:31+02:00<\/span>Les frais d'exp\u00e9dition de retour sont \u00e0 la charge de l'acheteur. Les produits peuvent \u00eatre retourn\u00e9s \u00e0 l'adresse suivante:\r\nUNI-FIT KATALYSATOREN GMBH\r\nKohlbachstrasse 77\r\nCH-4242 Laufen\t\t<\/div>\r\n\t<\/section>\r\n<\/div>\r\n\t\t<\/div>\r\n\r\n\t\t\r\n\t<\/div>\r\n\r\n\t\r\n\t<\/div>[vc_empty_space height=&#8221;1px&#8221;][vc_separator color=&#8221;custom&#8221; gap=&#8221;tall&#8221; gradient=&#8221;yes&#8221;][\/vc_column][\/vc_row]<\/p>\n<\/div>","protected":false},"excerpt":{"rendered":"<p>[vc_row][vc_column][vc_custom_heading text=&#8221;FAQ&#8221; use_theme_fonts=&#8221;yes&#8221; el_class=&#8221;shorter&#8221;][vc_column_text] FAQ &#8211; Les questions les plus fr\u00e9quemment pos\u00e9es.[\/vc_column_text][vc_separator color=&#8221;custom&#8221; gap=&#8221;tall&#8221; gradient=&#8221;yes&#8221;][\/vc_column][\/vc_row][vc_row][vc_column][vc_empty_space height=&#8221;1px&#8221;][vc_separator color=&#8221;custom&#8221; gap=&#8221;tall&#8221; gradient=&#8221;yes&#8221;][\/vc_column][\/vc_row]<\/p>\n","protected":false},"author":3,"featured_media":0,"parent":0,"menu_order":0,"comment_status":"closed","ping_status":"closed","template":"","meta":{"footnotes":""},"class_list":["post-47653","page","type-page","status-publish","hentry"],"yoast_head":"<!-- This site is optimized with the Yoast SEO plugin v22.9 - https:\/\/yoast.com\/wordpress\/plugins\/seo\/ -->\n<title>FAQs - FR - Catalyseurs UNI-FIT<\/title>\n<meta name=\"robots\" content=\"index, follow, max-snippet:-1, max-image-preview:large, max-video-preview:-1\" \/>\n<link rel=\"canonical\" href=\"https:\/\/uni-fit.ch\/fr\/faqs-fr\" \/>\n<meta property=\"og:locale\" content=\"fr_FR\" \/>\n<meta property=\"og:type\" content=\"article\" \/>\n<meta property=\"og:title\" content=\"FAQs - FR - Catalyseurs UNI-FIT\" \/>\n<meta property=\"og:description\" content=\"[vc_row][vc_column][vc_custom_heading text=&#8221;FAQ&#8221; use_theme_fonts=&#8221;yes&#8221; el_class=&#8221;shorter&#8221;][vc_column_text] FAQ &#8211; Les questions les plus fr\u00e9quemment pos\u00e9es.[\/vc_column_text][vc_separator color=&#8221;custom&#8221; gap=&#8221;tall&#8221; gradient=&#8221;yes&#8221;][\/vc_column][\/vc_row][vc_row][vc_column][vc_empty_space height=&#8221;1px&#8221;][vc_separator color=&#8221;custom&#8221; gap=&#8221;tall&#8221; gradient=&#8221;yes&#8221;][\/vc_column][\/vc_row]\" \/>\n<meta property=\"og:url\" content=\"https:\/\/uni-fit.ch\/fr\/faqs-fr\" \/>\n<meta property=\"og:site_name\" content=\"Catalyseurs UNI-FIT\" \/>\n<meta name=\"twitter:card\" content=\"summary_large_image\" \/>\n<script type=\"application\/ld+json\" class=\"yoast-schema-graph\">{\"@context\":\"https:\/\/schema.org\",\"@graph\":[{\"@type\":\"WebPage\",\"@id\":\"https:\/\/uni-fit.ch\/fr\/faqs-fr\",\"url\":\"https:\/\/uni-fit.ch\/fr\/faqs-fr\",\"name\":\"FAQs - FR - Catalyseurs UNI-FIT\",\"isPartOf\":{\"@id\":\"https:\/\/uni-fit.ch\/it\/#website\"},\"datePublished\":\"2019-07-02T18:23:05+00:00\",\"dateModified\":\"2019-07-02T18:23:05+00:00\",\"breadcrumb\":{\"@id\":\"https:\/\/uni-fit.ch\/fr\/faqs-fr#breadcrumb\"},\"inLanguage\":\"fr-FR\",\"potentialAction\":[{\"@type\":\"ReadAction\",\"target\":[\"https:\/\/uni-fit.ch\/fr\/faqs-fr\"]}]},{\"@type\":\"BreadcrumbList\",\"@id\":\"https:\/\/uni-fit.ch\/fr\/faqs-fr#breadcrumb\",\"itemListElement\":[{\"@type\":\"ListItem\",\"position\":1,\"name\":\"Startseite\",\"item\":\"https:\/\/uni-fit.ch\/fr\"},{\"@type\":\"ListItem\",\"position\":2,\"name\":\"FAQs &#8211; FR\"}]},{\"@type\":\"WebSite\",\"@id\":\"https:\/\/uni-fit.ch\/it\/#website\",\"url\":\"https:\/\/uni-fit.ch\/it\/\",\"name\":\"Catalyseurs UNI-FIT\",\"description\":\"Catalyseur et filtre \u00e0 particules pour voitures et camionnettes\",\"publisher\":{\"@id\":\"https:\/\/uni-fit.ch\/it\/#organization\"},\"potentialAction\":[{\"@type\":\"SearchAction\",\"target\":{\"@type\":\"EntryPoint\",\"urlTemplate\":\"https:\/\/uni-fit.ch\/it\/?s={search_term_string}\"},\"query-input\":\"required name=search_term_string\"}],\"inLanguage\":\"fr-FR\"},{\"@type\":\"Organization\",\"@id\":\"https:\/\/uni-fit.ch\/it\/#organization\",\"name\":\"UNI-FIT Katalysatoren GmbH\",\"url\":\"https:\/\/uni-fit.ch\/it\/\",\"logo\":{\"@type\":\"ImageObject\",\"inLanguage\":\"fr-FR\",\"@id\":\"https:\/\/uni-fit.ch\/it\/#\/schema\/logo\/image\/\",\"url\":\"https:\/\/uni-fit.ch\/wp-content\/uploads\/unifit-katalysatoren-email-logo.png\",\"contentUrl\":\"https:\/\/uni-fit.ch\/wp-content\/uploads\/unifit-katalysatoren-email-logo.png\",\"width\":600,\"height\":286,\"caption\":\"UNI-FIT Katalysatoren GmbH\"},\"image\":{\"@id\":\"https:\/\/uni-fit.ch\/it\/#\/schema\/logo\/image\/\"}}]}<\/script>\n<!-- \/ Yoast SEO plugin. -->","yoast_head_json":{"title":"FAQs - FR - Catalyseurs UNI-FIT","robots":{"index":"index","follow":"follow","max-snippet":"max-snippet:-1","max-image-preview":"max-image-preview:large","max-video-preview":"max-video-preview:-1"},"canonical":"https:\/\/uni-fit.ch\/fr\/faqs-fr","og_locale":"fr_FR","og_type":"article","og_title":"FAQs - FR - Catalyseurs UNI-FIT","og_description":"[vc_row][vc_column][vc_custom_heading text=&#8221;FAQ&#8221; use_theme_fonts=&#8221;yes&#8221; el_class=&#8221;shorter&#8221;][vc_column_text] FAQ &#8211; Les questions les plus fr\u00e9quemment pos\u00e9es.[\/vc_column_text][vc_separator color=&#8221;custom&#8221; gap=&#8221;tall&#8221; gradient=&#8221;yes&#8221;][\/vc_column][\/vc_row][vc_row][vc_column][vc_empty_space height=&#8221;1px&#8221;][vc_separator color=&#8221;custom&#8221; gap=&#8221;tall&#8221; gradient=&#8221;yes&#8221;][\/vc_column][\/vc_row]","og_url":"https:\/\/uni-fit.ch\/fr\/faqs-fr","og_site_name":"Catalyseurs UNI-FIT","twitter_card":"summary_large_image","schema":{"@context":"https:\/\/schema.org","@graph":[{"@type":"WebPage","@id":"https:\/\/uni-fit.ch\/fr\/faqs-fr","url":"https:\/\/uni-fit.ch\/fr\/faqs-fr","name":"FAQs - FR - Catalyseurs UNI-FIT","isPartOf":{"@id":"https:\/\/uni-fit.ch\/it\/#website"},"datePublished":"2019-07-02T18:23:05+00:00","dateModified":"2019-07-02T18:23:05+00:00","breadcrumb":{"@id":"https:\/\/uni-fit.ch\/fr\/faqs-fr#breadcrumb"},"inLanguage":"fr-FR","potentialAction":[{"@type":"ReadAction","target":["https:\/\/uni-fit.ch\/fr\/faqs-fr"]}]},{"@type":"BreadcrumbList","@id":"https:\/\/uni-fit.ch\/fr\/faqs-fr#breadcrumb","itemListElement":[{"@type":"ListItem","position":1,"name":"Startseite","item":"https:\/\/uni-fit.ch\/fr"},{"@type":"ListItem","position":2,"name":"FAQs &#8211; FR"}]},{"@type":"WebSite","@id":"https:\/\/uni-fit.ch\/it\/#website","url":"https:\/\/uni-fit.ch\/it\/","name":"Catalyseurs UNI-FIT","description":"Catalyseur et filtre \u00e0 particules pour voitures et camionnettes","publisher":{"@id":"https:\/\/uni-fit.ch\/it\/#organization"},"potentialAction":[{"@type":"SearchAction","target":{"@type":"EntryPoint","urlTemplate":"https:\/\/uni-fit.ch\/it\/?s={search_term_string}"},"query-input":"required name=search_term_string"}],"inLanguage":"fr-FR"},{"@type":"Organization","@id":"https:\/\/uni-fit.ch\/it\/#organization","name":"UNI-FIT Katalysatoren GmbH","url":"https:\/\/uni-fit.ch\/it\/","logo":{"@type":"ImageObject","inLanguage":"fr-FR","@id":"https:\/\/uni-fit.ch\/it\/#\/schema\/logo\/image\/","url":"https:\/\/uni-fit.ch\/wp-content\/uploads\/unifit-katalysatoren-email-logo.png","contentUrl":"https:\/\/uni-fit.ch\/wp-content\/uploads\/unifit-katalysatoren-email-logo.png","width":600,"height":286,"caption":"UNI-FIT Katalysatoren GmbH"},"image":{"@id":"https:\/\/uni-fit.ch\/it\/#\/schema\/logo\/image\/"}}]}},"_links":{"self":[{"href":"https:\/\/uni-fit.ch\/fr\/wp-json\/wp\/v2\/pages\/47653","targetHints":{"allow":["GET"]}}],"collection":[{"href":"https:\/\/uni-fit.ch\/fr\/wp-json\/wp\/v2\/pages"}],"about":[{"href":"https:\/\/uni-fit.ch\/fr\/wp-json\/wp\/v2\/types\/page"}],"author":[{"embeddable":true,"href":"https:\/\/uni-fit.ch\/fr\/wp-json\/wp\/v2\/users\/3"}],"replies":[{"embeddable":true,"href":"https:\/\/uni-fit.ch\/fr\/wp-json\/wp\/v2\/comments?post=47653"}],"version-history":[{"count":0,"href":"https:\/\/uni-fit.ch\/fr\/wp-json\/wp\/v2\/pages\/47653\/revisions"}],"wp:attachment":[{"href":"https:\/\/uni-fit.ch\/fr\/wp-json\/wp\/v2\/media?parent=47653"}],"curies":[{"name":"wp","href":"https:\/\/api.w.org\/{rel}","templated":true}]}}