{"id":47656,"date":"2019-07-02T21:28:42","date_gmt":"2019-07-02T19:28:42","guid":{"rendered":"http:\/\/unifitch.cyon.link\/empreinte"},"modified":"2019-07-02T21:28:43","modified_gmt":"2019-07-02T19:28:43","slug":"empreinte","status":"publish","type":"page","link":"https:\/\/uni-fit.ch\/fr\/empreinte","title":{"rendered":"Empreinte"},"content":{"rendered":"<div class=\"wpb-content-wrapper\"><p>[vc_row][vc_column][vc_empty_space][vc_row_inner][vc_column_inner][vc_column_text]<\/p>\n<h2>Empreinte<\/h2>\n<p>[\/vc_column_text][vc_column_text]<\/p>\n<h3>UNI-FIT Katalysatoren GmbH<\/h3>\n<p>Kohlbachstrasse 77<br \/>\n4242 Laufen<br \/>\nSuisse<\/p>\n<p>N\u00b0 de t\u00e9l: 061 763 04 35<br \/>\nN\u00b0 de fax: 061 763 04 37<\/p>\n<p>info@uni-fit.ch<\/p>\n<p>Lun-ven: de 08h00 \u00e0 20h00<br \/>\nSamedi et dimanche: ferm\u00e9<\/p>\n<p>Num\u00e9ro de tva. CHE 112739561[\/vc_column_text][vc_empty_space][\/vc_column_inner][\/vc_row_inner][\/vc_column][\/vc_row][vc_row][vc_column][vc_empty_space][vc_row_inner][vc_column_inner][vc_column_text]<\/p>\n<h2>D\u00e9n\u00e9gation<\/h2>\n<p>L&#8217;auteur se r\u00e9serve le droit de ne pas \u00eatre responsable de l&#8217;exactitude, de l&#8217;exactitude, de l&#8217;actualit\u00e9, de la fiabilit\u00e9 et de l&#8217;exhaustivit\u00e9 des informations.<br \/>\nLes actions en responsabilit\u00e9 \u00e0 l&#8217;encontre de l&#8217;auteur en raison de dommages mat\u00e9riels ou immat\u00e9riels r\u00e9sultant de l&#8217;acc\u00e8s, de l&#8217;utilisation ou de la non-utilisation des informations publi\u00e9es, d&#8217;une mauvaise utilisation de la connexion ou de d\u00e9fauts techniques sont exclues.<br \/>\nToutes les offres sont sans engagement. L\u2019auteur se r\u00e9serve express\u00e9ment le droit de modifier, d\u2019ajouter ou de supprimer des parties des pages ou de l\u2019offre enti\u00e8re sans pr\u00e9avis, ou d\u2019interrompre temporairement ou d\u00e9finitivement la publication.[\/vc_column_text][vc_empty_space][\/vc_column_inner][\/vc_row_inner][vc_row_inner][vc_column_inner][vc_column_text]<\/p>\n<h2>Responsabilit\u00e9 des liens<\/h2>\n<p>[\/vc_column_text][vc_column_text]Les r\u00e9f\u00e9rences et les liens vers des sites Web tiers ne rel\u00e8vent pas de notre responsabilit\u00e9. Toute responsabilit\u00e9 relative \u00e0 ces sites Web est rejet\u00e9e. L&#8217;acc\u00e8s et l&#8217;utilisation de tels sites Web sont aux risques et p\u00e9rils de l&#8217;utilisateur.[\/vc_column_text][vc_empty_space][\/vc_column_inner][\/vc_row_inner][vc_row_inner][vc_column_inner][vc_column_text]<\/p>\n<h2>Droits d&#8217;auteur<\/h2>\n<p>[\/vc_column_text][vc_column_text]Les droits d&#8217;auteur et tous les autres droits sur le contenu, les images, photos et autres fichiers du site Web appartiennent exclusivement \u00e0 UNI-FIT Catalyss GmbH  ou aux titulaires de droits sp\u00e9cifiquement nomm\u00e9s. Pour la reproduction de tout \u00e9l\u00e9ment, l&#8217;autorisation \u00e9crite des d\u00e9tenteurs des droits d&#8217;auteur doit \u00eatre obtenue \u00e0 l&#8217;avance.[\/vc_column_text][vc_empty_space][\/vc_column_inner][\/vc_row_inner][vc_row_inner el_class=&#8221;impress-no-links&#8221;][vc_column_inner][vc_column_text]<\/p>\n<h2>Partenaire de mise en \u0153uvre<\/h2>\n<p>[\/vc_column_text][vc_column_text]<a title=\"Soriax GmbH Werbeagentur\" href=\"https:\/\/www.soriax.com\/\" target=\"_blank\" rel=\"noopener noreferrer\"><img loading=\"lazy\" decoding=\"async\" title=\"Logo de Soriax\" src=\"https:\/\/www.soriax.com\/media\/soriax-logo.png\" alt=\"Soriax Logo\" width=\"360\" height=\"88\" \/><\/a>[\/vc_column_text][vc_column_text]<\/p>\n<h3><a href=\"https:\/\/www.soriax.com\/\">Soriax<\/a> GmbH<\/h3>\n<ul>\n<li><a href=\"https:\/\/www.soriax.com\/soriax.com\/marketing-angebot\">Gestion de projet<\/a><\/li>\n<li><a href=\"https:\/\/www.webdesign-swiss.ch\/\">Concept global du<\/a> site Web des UNI-FIT<\/li>\n<li><a title=\"Website erstellen mit web-d-sign\" href=\"https:\/\/www.web-d-sign.ch\/website-erstellen-lassen\">Mise en \u0153uvre technique<\/a><\/li>\n<li><a title=\"Search Engine Optimization (SEO) mit Soriax\" href=\"https:\/\/webtrek.ch\/seo-suchmaschinenoptimierung\">Search Engine Optimization<\/a><\/li>\n<\/ul>\n<p>[\/vc_column_text][vc_empty_space][\/vc_column_inner][\/vc_row_inner][vc_row_inner][vc_column_inner][vc_column_text]<\/p>\n<h2>Politique de confidentialit\u00e9<\/h2>\n<p>[\/vc_column_text][vc_column_text]<a href=\"https:\/\/uni-fit.ch\/fr\/politique-de-confidentialite\">Politique de confidentialit\u00e9<\/a>[\/vc_column_text][vc_empty_space][\/vc_column_inner][\/vc_row_inner][\/vc_column][\/vc_row]<\/p>\n<\/div>","protected":false},"excerpt":{"rendered":"<p>[vc_row][vc_column][vc_empty_space][vc_row_inner][vc_column_inner][vc_column_text] Empreinte [\/vc_column_text][vc_column_text] UNI-FIT Katalysatoren GmbH Kohlbachstrasse 77 4242 Laufen Suisse N\u00b0 de t\u00e9l: 061 763 04 35 N\u00b0 de fax: 061 763 04 37 info@uni-fit.ch Lun-ven: de 08h00 \u00e0 20h00 Samedi et dimanche: ferm\u00e9 Num\u00e9ro de tva. CHE 112739561[\/vc_column_text][vc_empty_space][\/vc_column_inner][\/vc_row_inner][\/vc_column][\/vc_row][vc_row][vc_column][vc_empty_space][vc_row_inner][vc_column_inner][vc_column_text] D\u00e9n\u00e9gation L&#8217;auteur se r\u00e9serve le droit de ne pas \u00eatre responsable de l&#8217;exactitude, de l&#8217;exactitude, [&hellip;]<\/p>\n","protected":false},"author":3,"featured_media":0,"parent":0,"menu_order":0,"comment_status":"closed","ping_status":"closed","template":"","meta":{"footnotes":""},"class_list":["post-47656","page","type-page","status-publish","hentry"],"yoast_head":"<!-- This site is optimized with the Yoast SEO plugin v22.9 - https:\/\/yoast.com\/wordpress\/plugins\/seo\/ -->\n<title>Empreinte - Catalyseurs UNI-FIT<\/title>\n<meta name=\"robots\" content=\"index, follow, max-snippet:-1, max-image-preview:large, max-video-preview:-1\" \/>\n<link rel=\"canonical\" href=\"https:\/\/uni-fit.ch\/fr\/empreinte\" \/>\n<meta property=\"og:locale\" content=\"fr_FR\" \/>\n<meta property=\"og:type\" content=\"article\" \/>\n<meta property=\"og:title\" content=\"Empreinte - Catalyseurs UNI-FIT\" \/>\n<meta property=\"og:description\" content=\"[vc_row][vc_column][vc_empty_space][vc_row_inner][vc_column_inner][vc_column_text] Empreinte [\/vc_column_text][vc_column_text] UNI-FIT Katalysatoren GmbH Kohlbachstrasse 77 4242 Laufen Suisse N\u00b0 de t\u00e9l: 061 763 04 35 N\u00b0 de fax: 061 763 04 37 info@uni-fit.ch Lun-ven: de 08h00 \u00e0 20h00 Samedi et dimanche: ferm\u00e9 Num\u00e9ro de tva. CHE 112739561[\/vc_column_text][vc_empty_space][\/vc_column_inner][\/vc_row_inner][\/vc_column][\/vc_row][vc_row][vc_column][vc_empty_space][vc_row_inner][vc_column_inner][vc_column_text] D\u00e9n\u00e9gation L&#8217;auteur se r\u00e9serve le droit de ne pas \u00eatre responsable de l&#8217;exactitude, de l&#8217;exactitude, [&hellip;]\" \/>\n<meta property=\"og:url\" content=\"https:\/\/uni-fit.ch\/fr\/empreinte\" \/>\n<meta property=\"og:site_name\" content=\"Catalyseurs UNI-FIT\" \/>\n<meta property=\"article:modified_time\" content=\"2019-07-02T19:28:43+00:00\" \/>\n<meta property=\"og:image\" content=\"https:\/\/www.soriax.com\/media\/soriax-logo.png\" \/>\n<meta name=\"twitter:card\" content=\"summary_large_image\" \/>\n<meta name=\"twitter:label1\" content=\"Dur\u00e9e de lecture estim\u00e9e\" \/>\n\t<meta name=\"twitter:data1\" content=\"2 minutes\" \/>\n<script type=\"application\/ld+json\" class=\"yoast-schema-graph\">{\"@context\":\"https:\/\/schema.org\",\"@graph\":[{\"@type\":\"WebPage\",\"@id\":\"https:\/\/uni-fit.ch\/fr\/empreinte\",\"url\":\"https:\/\/uni-fit.ch\/fr\/empreinte\",\"name\":\"Empreinte - Catalyseurs UNI-FIT\",\"isPartOf\":{\"@id\":\"https:\/\/uni-fit.ch\/it\/#website\"},\"primaryImageOfPage\":{\"@id\":\"https:\/\/uni-fit.ch\/fr\/empreinte#primaryimage\"},\"image\":{\"@id\":\"https:\/\/uni-fit.ch\/fr\/empreinte#primaryimage\"},\"thumbnailUrl\":\"https:\/\/www.soriax.com\/media\/soriax-logo.png\",\"datePublished\":\"2019-07-02T19:28:42+00:00\",\"dateModified\":\"2019-07-02T19:28:43+00:00\",\"breadcrumb\":{\"@id\":\"https:\/\/uni-fit.ch\/fr\/empreinte#breadcrumb\"},\"inLanguage\":\"fr-FR\",\"potentialAction\":[{\"@type\":\"ReadAction\",\"target\":[\"https:\/\/uni-fit.ch\/fr\/empreinte\"]}]},{\"@type\":\"ImageObject\",\"inLanguage\":\"fr-FR\",\"@id\":\"https:\/\/uni-fit.ch\/fr\/empreinte#primaryimage\",\"url\":\"https:\/\/www.soriax.com\/media\/soriax-logo.png\",\"contentUrl\":\"https:\/\/www.soriax.com\/media\/soriax-logo.png\"},{\"@type\":\"BreadcrumbList\",\"@id\":\"https:\/\/uni-fit.ch\/fr\/empreinte#breadcrumb\",\"itemListElement\":[{\"@type\":\"ListItem\",\"position\":1,\"name\":\"Startseite\",\"item\":\"https:\/\/uni-fit.ch\/fr\"},{\"@type\":\"ListItem\",\"position\":2,\"name\":\"Empreinte\"}]},{\"@type\":\"WebSite\",\"@id\":\"https:\/\/uni-fit.ch\/it\/#website\",\"url\":\"https:\/\/uni-fit.ch\/it\/\",\"name\":\"Catalyseurs UNI-FIT\",\"description\":\"Catalyseur et filtre \u00e0 particules pour voitures et camionnettes\",\"publisher\":{\"@id\":\"https:\/\/uni-fit.ch\/it\/#organization\"},\"potentialAction\":[{\"@type\":\"SearchAction\",\"target\":{\"@type\":\"EntryPoint\",\"urlTemplate\":\"https:\/\/uni-fit.ch\/it\/?s={search_term_string}\"},\"query-input\":\"required name=search_term_string\"}],\"inLanguage\":\"fr-FR\"},{\"@type\":\"Organization\",\"@id\":\"https:\/\/uni-fit.ch\/it\/#organization\",\"name\":\"UNI-FIT Katalysatoren GmbH\",\"url\":\"https:\/\/uni-fit.ch\/it\/\",\"logo\":{\"@type\":\"ImageObject\",\"inLanguage\":\"fr-FR\",\"@id\":\"https:\/\/uni-fit.ch\/it\/#\/schema\/logo\/image\/\",\"url\":\"https:\/\/uni-fit.ch\/wp-content\/uploads\/unifit-katalysatoren-email-logo.png\",\"contentUrl\":\"https:\/\/uni-fit.ch\/wp-content\/uploads\/unifit-katalysatoren-email-logo.png\",\"width\":600,\"height\":286,\"caption\":\"UNI-FIT Katalysatoren GmbH\"},\"image\":{\"@id\":\"https:\/\/uni-fit.ch\/it\/#\/schema\/logo\/image\/\"}}]}<\/script>\n<!-- \/ Yoast SEO plugin. -->","yoast_head_json":{"title":"Empreinte - Catalyseurs UNI-FIT","robots":{"index":"index","follow":"follow","max-snippet":"max-snippet:-1","max-image-preview":"max-image-preview:large","max-video-preview":"max-video-preview:-1"},"canonical":"https:\/\/uni-fit.ch\/fr\/empreinte","og_locale":"fr_FR","og_type":"article","og_title":"Empreinte - Catalyseurs UNI-FIT","og_description":"[vc_row][vc_column][vc_empty_space][vc_row_inner][vc_column_inner][vc_column_text] Empreinte [\/vc_column_text][vc_column_text] UNI-FIT Katalysatoren GmbH Kohlbachstrasse 77 4242 Laufen Suisse N\u00b0 de t\u00e9l: 061 763 04 35 N\u00b0 de fax: 061 763 04 37 info@uni-fit.ch Lun-ven: de 08h00 \u00e0 20h00 Samedi et dimanche: ferm\u00e9 Num\u00e9ro de tva. CHE 112739561[\/vc_column_text][vc_empty_space][\/vc_column_inner][\/vc_row_inner][\/vc_column][\/vc_row][vc_row][vc_column][vc_empty_space][vc_row_inner][vc_column_inner][vc_column_text] D\u00e9n\u00e9gation L&#8217;auteur se r\u00e9serve le droit de ne pas \u00eatre responsable de l&#8217;exactitude, de l&#8217;exactitude, [&hellip;]","og_url":"https:\/\/uni-fit.ch\/fr\/empreinte","og_site_name":"Catalyseurs UNI-FIT","article_modified_time":"2019-07-02T19:28:43+00:00","og_image":[{"url":"https:\/\/www.soriax.com\/media\/soriax-logo.png"}],"twitter_card":"summary_large_image","twitter_misc":{"Dur\u00e9e de lecture estim\u00e9e":"2 minutes"},"schema":{"@context":"https:\/\/schema.org","@graph":[{"@type":"WebPage","@id":"https:\/\/uni-fit.ch\/fr\/empreinte","url":"https:\/\/uni-fit.ch\/fr\/empreinte","name":"Empreinte - Catalyseurs UNI-FIT","isPartOf":{"@id":"https:\/\/uni-fit.ch\/it\/#website"},"primaryImageOfPage":{"@id":"https:\/\/uni-fit.ch\/fr\/empreinte#primaryimage"},"image":{"@id":"https:\/\/uni-fit.ch\/fr\/empreinte#primaryimage"},"thumbnailUrl":"https:\/\/www.soriax.com\/media\/soriax-logo.png","datePublished":"2019-07-02T19:28:42+00:00","dateModified":"2019-07-02T19:28:43+00:00","breadcrumb":{"@id":"https:\/\/uni-fit.ch\/fr\/empreinte#breadcrumb"},"inLanguage":"fr-FR","potentialAction":[{"@type":"ReadAction","target":["https:\/\/uni-fit.ch\/fr\/empreinte"]}]},{"@type":"ImageObject","inLanguage":"fr-FR","@id":"https:\/\/uni-fit.ch\/fr\/empreinte#primaryimage","url":"https:\/\/www.soriax.com\/media\/soriax-logo.png","contentUrl":"https:\/\/www.soriax.com\/media\/soriax-logo.png"},{"@type":"BreadcrumbList","@id":"https:\/\/uni-fit.ch\/fr\/empreinte#breadcrumb","itemListElement":[{"@type":"ListItem","position":1,"name":"Startseite","item":"https:\/\/uni-fit.ch\/fr"},{"@type":"ListItem","position":2,"name":"Empreinte"}]},{"@type":"WebSite","@id":"https:\/\/uni-fit.ch\/it\/#website","url":"https:\/\/uni-fit.ch\/it\/","name":"Catalyseurs UNI-FIT","description":"Catalyseur et filtre \u00e0 particules pour voitures et camionnettes","publisher":{"@id":"https:\/\/uni-fit.ch\/it\/#organization"},"potentialAction":[{"@type":"SearchAction","target":{"@type":"EntryPoint","urlTemplate":"https:\/\/uni-fit.ch\/it\/?s={search_term_string}"},"query-input":"required name=search_term_string"}],"inLanguage":"fr-FR"},{"@type":"Organization","@id":"https:\/\/uni-fit.ch\/it\/#organization","name":"UNI-FIT Katalysatoren GmbH","url":"https:\/\/uni-fit.ch\/it\/","logo":{"@type":"ImageObject","inLanguage":"fr-FR","@id":"https:\/\/uni-fit.ch\/it\/#\/schema\/logo\/image\/","url":"https:\/\/uni-fit.ch\/wp-content\/uploads\/unifit-katalysatoren-email-logo.png","contentUrl":"https:\/\/uni-fit.ch\/wp-content\/uploads\/unifit-katalysatoren-email-logo.png","width":600,"height":286,"caption":"UNI-FIT Katalysatoren GmbH"},"image":{"@id":"https:\/\/uni-fit.ch\/it\/#\/schema\/logo\/image\/"}}]}},"_links":{"self":[{"href":"https:\/\/uni-fit.ch\/fr\/wp-json\/wp\/v2\/pages\/47656","targetHints":{"allow":["GET"]}}],"collection":[{"href":"https:\/\/uni-fit.ch\/fr\/wp-json\/wp\/v2\/pages"}],"about":[{"href":"https:\/\/uni-fit.ch\/fr\/wp-json\/wp\/v2\/types\/page"}],"author":[{"embeddable":true,"href":"https:\/\/uni-fit.ch\/fr\/wp-json\/wp\/v2\/users\/3"}],"replies":[{"embeddable":true,"href":"https:\/\/uni-fit.ch\/fr\/wp-json\/wp\/v2\/comments?post=47656"}],"version-history":[{"count":0,"href":"https:\/\/uni-fit.ch\/fr\/wp-json\/wp\/v2\/pages\/47656\/revisions"}],"wp:attachment":[{"href":"https:\/\/uni-fit.ch\/fr\/wp-json\/wp\/v2\/media?parent=47656"}],"curies":[{"name":"wp","href":"https:\/\/api.w.org\/{rel}","templated":true}]}}