{"id":47657,"date":"2019-07-02T21:38:58","date_gmt":"2019-07-02T19:38:58","guid":{"rendered":"http:\/\/unifitch.cyon.link\/carriere-et-emplois"},"modified":"2019-07-02T21:39:00","modified_gmt":"2019-07-02T19:39:00","slug":"carriere-et-emplois","status":"publish","type":"page","link":"https:\/\/uni-fit.ch\/fr\/carriere-et-emplois","title":{"rendered":"Carri\u00e8re et emplois"},"content":{"rendered":"<div class=\"wpb-content-wrapper\"><p>[vc_row][vc_column offset=&#8221;vc_col-xs-12&#8243;][vc_custom_heading text=&#8221;<strong>uni-fit.ch<\/strong> vous cherche!&#8221; use_theme_fonts=&#8221;yes&#8221;][vc_column_text]UNI-FIT Katalysatoren GmbH est une entreprise \u00e0 croissance rentable depuis plus de 18 ans. Nous vendons des catalyseurs dans notre boutique en ligne et dans notre magasin local pour rester mobile. Une formation continue offre \u00e0 nos employ\u00e9s la possibilit\u00e9 de prouver leurs comp\u00e9tences et d\u2019apporter le bon produit \u00e0 l\u2019utilisateur final.[\/vc_column_text][vc_separator color=&#8221;custom&#8221; gradient=&#8221;yes&#8221;][\/vc_column][\/vc_row][vc_row disable_element=&#8221;yes&#8221;][vc_column offset=&#8221;vc_col-xs-12&#8243;][vc_custom_heading text=&#8221;<strong>uni-fit.ch<\/strong> vous cherche!&#8221; use_theme_fonts=&#8221;yes&#8221;][vc_column_text el_class=&#8221;featured lead m-b-xl&#8221;]UNI-FIT Katalysatoren GmbH est une entreprise \u00e0 croissance rentable depuis plus de 18 ans. Nous vendons des catalyseurs dans notre boutique en ligne et dans notre magasin local pour rester mobile. Une formation continue offre \u00e0 nos employ\u00e9s la possibilit\u00e9 de prouver leurs comp\u00e9tences et d\u2019apporter le bon produit \u00e0 l\u2019utilisateur final.[\/vc_column_text][vc_separator color=&#8221;custom&#8221; gradient=&#8221;yes&#8221;][\/vc_column][\/vc_row][vc_row][vc_column offset=&#8221;vc_col-md-8&#8243; el_class=&#8221;m-t-md&#8221;][vc_toggle title=&#8221;Support technique&#8221; open=&#8221;true&#8221; preview_active=&#8221;true&#8221; hide_toggle=&#8221;true&#8221;]<strong>Lieu de travail:<\/strong> Laufen \/ BL &#8211; <strong>D\u00e9partement:<\/strong> Technologie<\/p>\n<p>Vous \u00eates la personne de contact de notre client\u00e8le suisse pour les questions techniques complexes concernant nos produits.<\/p>\n<p>Formation technique de base (m\u00e9canique, automatique ou \u00e9quivalente)<\/p>\n<p><a class=\"btn btn-primary push-bottom\" href=\"mailto:info@uni-fit.ch\">Postulez maintenant<\/a>[\/vc_toggle][vc_toggle title=&#8221;Logisticiens \/ -in&#8221; preview_active=&#8221;true&#8221; hide_toggle=&#8221;true&#8221;]<strong>Lieu de travail:<\/strong> Laufen \/ BL &#8211; <strong>D\u00e9partement:<\/strong> Gestion du mat\u00e9riel<\/p>\n<p>Pour la logistique sans faille des produits de haute qualit\u00e9, nous recherchons un logisticien EFZ. Vous avez la responsabilit\u00e9 que la bonne quantit\u00e9 soit au bon endroit au bon moment.<\/p>\n<p>Termin\u00e9 l&#8217;apprentissage en tant qu&#8217;entreposeur ou plusieurs ann\u00e9es d&#8217;exp\u00e9rience pratique.<\/p>\n<p><a class=\"btn btn-primary push-bottom\" href=\"mailto:info@uni-fit.ch\">Postulez maintenant<\/a>[\/vc_toggle][\/vc_column][vc_column offset=&#8221;vc_col-md-4&#8243;]<div class=\"porto-content-box featured-boxes wpb_content_element  featured-box-primary\"><div class=\"featured-box  align-center\" style=\"\"><div class=\"box-content\" style=\"\">[vc_column_text]<b>Votre contact chez UNI-FIT:<\/b><\/p>\n<p>Franco Lodato, directeur g\u00e9n\u00e9ral<br \/>\n<a href=\"mailto:info@uni-fit.ch\">info@uni-fit.ch<\/a>[\/vc_column_text][vc_separator color=&#8221;custom&#8221; gradient=&#8221;yes&#8221;]<div id=\"porto-products-7787\" class=\"porto-products wpb_content_element theme_option wpb_custom_62a4eacfc8feec53792cf7b9298138b5\"><div class=\"woocommerce columns-3 \"><ul class=\"products products-container grid show-nav-middle pcols-lg-3 pcols-md-3 pcols-xs-2 pcols-ls-2 pwidth-lg-3 pwidth-md-3 pwidth-xs-2 pwidth-ls-1 is-shortcode\"\r\n\t data-product_layout=\"product-outimage\">\r\n\n<li class=\"product-col product-outimage product type-product post-47690 status-publish first instock product_cat-lambdasonden-zubehoer product_tag-einschweiss-gewinde has-post-thumbnail taxable shipping-taxable purchasable product-type-simple\">\n<div class=\"product-inner\">\n\t\n\t<div class=\"product-image\">\n\n\t\t<a  href=\"https:\/\/uni-fit.ch\/fr\/shop\/einschweiss-gewinde-va-002\">\n\t\t\t<div class=\"inner\"><img loading=\"lazy\" decoding=\"async\" width=\"300\" height=\"300\" src=\"https:\/\/uni-fit.ch\/wp-content\/uploads\/va002@2x-300x300.jpg\" class=\" wp-post-image\" alt=\"\" \/><\/div>\t\t<\/a>\n\t\t<\/div>\n\n\t<div class=\"product-content\">\n\t\t<span class=\"category-list\"><a href=\"https:\/\/uni-fit.ch\/fr\/katalog\/lambdasonden-zubehoer\" rel=\"tag\">Lambdasonden Zubeh\u00f6r<\/a><\/span>\n\t\t\t<a class=\"product-loop-title\"  href=\"https:\/\/uni-fit.ch\/fr\/shop\/einschweiss-gewinde-va-002\">\r\n\t<h3 class=\"woocommerce-loop-product__title\">Einschweiss-Gewinde VA 002<\/h3>\t<\/a>\r\n\t\n\t\t\r\n\r\n<div class=\"rating-wrap\">\r\n\t<div class=\"rating-content\"><div class=\"star-rating\" title=\"0\"><span style=\"width:0%\"><strong class=\"rating\">0<\/strong> out of 5<\/span><\/div><\/div>\r\n<\/div>\r\n\r\n\n\t<span class=\"price\"><span class=\"woocommerce-Price-amount amount\"><bdi><span class=\"woocommerce-Price-currencySymbol\">&#67;&#72;&#70;<\/span>&nbsp;5.11<\/bdi><\/span> <small class=\"woocommerce-price-suffix\">exkl. MWST<\/small><\/span>\n\n\t\t<div class=\"add-links-wrap\">\r\n\t<div class=\"add-links no-effect clearfix\">\r\n\t\t<a href=\"?add-to-cart=47690\" aria-describedby=\"woocommerce_loop_add_to_cart_link_describedby_47690\" data-quantity=\"1\" class=\"viewcart-style-2 button product_type_simple add_to_cart_button ajax_add_to_cart\" data-product_id=\"47690\" data-product_sku=\"VA 002\" aria-label=\"Add to cart: &ldquo;Einschweiss-Gewinde VA 002&rdquo;\" rel=\"nofollow\">Add to cart<\/a>\t\t<span id=\"woocommerce_loop_add_to_cart_link_describedby_47690\" class=\"screen-reader-text\">\r\n\t\t\t<\/span>\r\n\t\t\t<\/div>\r\n\t<\/div>\r\n\t<\/div>\n<\/div>\n<\/li>\n\n<li class=\"product-col product-outimage product type-product post-47704 status-publish instock product_cat-lambdasonden-zubehoer product_tag-einschweiss-gewinde has-post-thumbnail taxable shipping-taxable purchasable product-type-simple\">\n<div class=\"product-inner\">\n\t\n\t<div class=\"product-image\">\n\n\t\t<a  href=\"https:\/\/uni-fit.ch\/fr\/shop\/einschweiss-gewinde-vs-001\">\n\t\t\t<div class=\"inner\"><img loading=\"lazy\" decoding=\"async\" width=\"300\" height=\"300\" src=\"https:\/\/uni-fit.ch\/wp-content\/uploads\/vs001@2x-300x300.jpg\" class=\" wp-post-image\" alt=\"\" \/><\/div>\t\t<\/a>\n\t\t<\/div>\n\n\t<div class=\"product-content\">\n\t\t<span class=\"category-list\"><a href=\"https:\/\/uni-fit.ch\/fr\/katalog\/lambdasonden-zubehoer\" rel=\"tag\">Lambdasonden Zubeh\u00f6r<\/a><\/span>\n\t\t\t<a class=\"product-loop-title\"  href=\"https:\/\/uni-fit.ch\/fr\/shop\/einschweiss-gewinde-vs-001\">\r\n\t<h3 class=\"woocommerce-loop-product__title\">Verschlussschraube VS 001<\/h3>\t<\/a>\r\n\t\n\t\t\r\n\r\n<div class=\"rating-wrap\">\r\n\t<div class=\"rating-content\"><div class=\"star-rating\" title=\"0\"><span style=\"width:0%\"><strong class=\"rating\">0<\/strong> out of 5<\/span><\/div><\/div>\r\n<\/div>\r\n\r\n\n\t<span class=\"price\"><span class=\"woocommerce-Price-amount amount\"><bdi><span class=\"woocommerce-Price-currencySymbol\">&#67;&#72;&#70;<\/span>&nbsp;4.64<\/bdi><\/span> <small class=\"woocommerce-price-suffix\">exkl. MWST<\/small><\/span>\n\n\t\t<div class=\"add-links-wrap\">\r\n\t<div class=\"add-links no-effect clearfix\">\r\n\t\t<a href=\"?add-to-cart=47704\" aria-describedby=\"woocommerce_loop_add_to_cart_link_describedby_47704\" data-quantity=\"1\" class=\"viewcart-style-2 button product_type_simple add_to_cart_button ajax_add_to_cart\" data-product_id=\"47704\" data-product_sku=\"VS 001\" aria-label=\"Add to cart: &ldquo;Verschlussschraube VS 001&rdquo;\" rel=\"nofollow\">Add to cart<\/a>\t\t<span id=\"woocommerce_loop_add_to_cart_link_describedby_47704\" class=\"screen-reader-text\">\r\n\t\t\t<\/span>\r\n\t\t\t<\/div>\r\n\t<\/div>\r\n\t<\/div>\n<\/div>\n<\/li>\n\n<li class=\"product-col product-outimage product type-product post-47892 status-publish last instock product_cat-flexrohre product_tag-flexibles-zwischenstueck product_tag-flexrohr has-post-thumbnail taxable shipping-taxable purchasable product-type-simple\">\n<div class=\"product-inner\">\n\t\n\t<div class=\"product-image\">\n\n\t\t<a  href=\"https:\/\/uni-fit.ch\/shop\/flexrohr-fp-131-er-flexibles-zwischenstueck\">\n\t\t\t<div class=\"inner\"><img loading=\"lazy\" decoding=\"async\" width=\"225\" height=\"225\" src=\"https:\/\/uni-fit.ch\/wp-content\/uploads\/flexrohr@2x.png\" class=\" wp-post-image\" alt=\"\" \/><\/div>\t\t<\/a>\n\t\t<\/div>\n\n\t<div class=\"product-content\">\n\t\t<span class=\"category-list\"><a href=\"https:\/\/uni-fit.ch\/fr\/katalog\/flexrohre\" rel=\"tag\">Flexrohre<\/a><\/span>\n\t\t\t<a class=\"product-loop-title\"  href=\"https:\/\/uni-fit.ch\/shop\/flexrohr-fp-131-er-flexibles-zwischenstueck\">\r\n\t<h3 class=\"woocommerce-loop-product__title\">Flexrohr FP 131-ER &#8211; Flexibles Zwischenst\u00fcck<\/h3>\t<\/a>\r\n\t\n\t\t\r\n\r\n<div class=\"rating-wrap\">\r\n\t<div class=\"rating-content\"><div class=\"star-rating\" title=\"0\"><span style=\"width:0%\"><strong class=\"rating\">0<\/strong> out of 5<\/span><\/div><\/div>\r\n<\/div>\r\n\r\n\n\t<span class=\"price\"><span class=\"woocommerce-Price-amount amount\"><bdi><span class=\"woocommerce-Price-currencySymbol\">&#67;&#72;&#70;<\/span>&nbsp;38.49<\/bdi><\/span> <small class=\"woocommerce-price-suffix\">exkl. MWST<\/small><\/span>\n\n\t\t<div class=\"add-links-wrap\">\r\n\t<div class=\"add-links no-effect clearfix\">\r\n\t\t<a href=\"?add-to-cart=47892\" aria-describedby=\"woocommerce_loop_add_to_cart_link_describedby_47892\" data-quantity=\"1\" class=\"viewcart-style-2 button product_type_simple add_to_cart_button ajax_add_to_cart\" data-product_id=\"47892\" data-product_sku=\"FP 131-ER\" aria-label=\"Add to cart: &ldquo;Flexrohr FP 131-ER - Flexibles Zwischenst\u00fcck&rdquo;\" rel=\"nofollow\">Add to cart<\/a>\t\t<span id=\"woocommerce_loop_add_to_cart_link_describedby_47892\" class=\"screen-reader-text\">\r\n\t\t\t<\/span>\r\n\t\t\t<\/div>\r\n\t<\/div>\r\n\t<\/div>\n<\/div>\n<\/li>\n\n<li class=\"product-col product-outimage product type-product post-47887 status-publish first instock product_cat-flexrohre product_tag-flexibles-zwischenstueck product_tag-flexrohr has-post-thumbnail taxable shipping-taxable purchasable product-type-simple\">\n<div class=\"product-inner\">\n\t\n\t<div class=\"product-image\">\n\n\t\t<a  href=\"https:\/\/uni-fit.ch\/shop\/flexrohr-fp-117-er-flexibles-zwischenstueck\">\n\t\t\t<div class=\"inner\"><img loading=\"lazy\" decoding=\"async\" width=\"225\" height=\"225\" src=\"https:\/\/uni-fit.ch\/wp-content\/uploads\/flexrohr@2x.png\" class=\" wp-post-image\" alt=\"\" \/><\/div>\t\t<\/a>\n\t\t<\/div>\n\n\t<div class=\"product-content\">\n\t\t<span class=\"category-list\"><a href=\"https:\/\/uni-fit.ch\/fr\/katalog\/flexrohre\" rel=\"tag\">Flexrohre<\/a><\/span>\n\t\t\t<a class=\"product-loop-title\"  href=\"https:\/\/uni-fit.ch\/shop\/flexrohr-fp-117-er-flexibles-zwischenstueck\">\r\n\t<h3 class=\"woocommerce-loop-product__title\">Flexrohr FP 117-ER &#8211; Flexibles Zwischenst\u00fcck<\/h3>\t<\/a>\r\n\t\n\t\t\r\n\r\n<div class=\"rating-wrap\">\r\n\t<div class=\"rating-content\"><div class=\"star-rating\" title=\"0\"><span style=\"width:0%\"><strong class=\"rating\">0<\/strong> out of 5<\/span><\/div><\/div>\r\n<\/div>\r\n\r\n\n\t<span class=\"price\"><span class=\"woocommerce-Price-amount amount\"><bdi><span class=\"woocommerce-Price-currencySymbol\">&#67;&#72;&#70;<\/span>&nbsp;35.89<\/bdi><\/span> <small class=\"woocommerce-price-suffix\">exkl. MWST<\/small><\/span>\n\n\t\t<div class=\"add-links-wrap\">\r\n\t<div class=\"add-links no-effect clearfix\">\r\n\t\t<a href=\"?add-to-cart=47887\" aria-describedby=\"woocommerce_loop_add_to_cart_link_describedby_47887\" data-quantity=\"1\" class=\"viewcart-style-2 button product_type_simple add_to_cart_button ajax_add_to_cart\" data-product_id=\"47887\" data-product_sku=\"FP 117-ER\" aria-label=\"Add to cart: &ldquo;Flexrohr FP 117-ER - Flexibles Zwischenst\u00fcck&rdquo;\" rel=\"nofollow\">Add to cart<\/a>\t\t<span id=\"woocommerce_loop_add_to_cart_link_describedby_47887\" class=\"screen-reader-text\">\r\n\t\t\t<\/span>\r\n\t\t\t<\/div>\r\n\t<\/div>\r\n\t<\/div>\n<\/div>\n<\/li>\n\n<li class=\"product-col product-outimage product type-product post-47700 status-publish outofstock product_cat-lambdasonden-zubehoer product_tag-einschweiss-gewinde has-post-thumbnail taxable shipping-taxable purchasable product-type-simple\">\n<div class=\"product-inner\">\n\t\n\t<div class=\"product-image\">\n\n\t\t<a  href=\"https:\/\/uni-fit.ch\/fr\/shop\/einschweiss-gewinde-va-008\">\n\t\t\t<div class=\"inner\"><img loading=\"lazy\" decoding=\"async\" width=\"300\" height=\"300\" src=\"https:\/\/uni-fit.ch\/wp-content\/uploads\/va008@2x-300x300.jpg\" class=\" wp-post-image\" alt=\"\" \/><\/div>\t\t<\/a>\n\t\t<\/div>\n\n\t<div class=\"product-content\">\n\t\t<span class=\"category-list\"><a href=\"https:\/\/uni-fit.ch\/fr\/katalog\/lambdasonden-zubehoer\" rel=\"tag\">Lambdasonden Zubeh\u00f6r<\/a><\/span>\n\t\t\t<a class=\"product-loop-title\"  href=\"https:\/\/uni-fit.ch\/fr\/shop\/einschweiss-gewinde-va-008\">\r\n\t<h3 class=\"woocommerce-loop-product__title\">Einschweiss-Gewinde VA 008<\/h3>\t<\/a>\r\n\t\n\t\t\r\n\r\n<div class=\"rating-wrap\">\r\n\t<div class=\"rating-content\"><div class=\"star-rating\" title=\"0\"><span style=\"width:0%\"><strong class=\"rating\">0<\/strong> out of 5<\/span><\/div><\/div>\r\n<\/div>\r\n\r\n\n\t<span class=\"price\"><span class=\"woocommerce-Price-amount amount\"><bdi><span class=\"woocommerce-Price-currencySymbol\">&#67;&#72;&#70;<\/span>&nbsp;7.66<\/bdi><\/span> <small class=\"woocommerce-price-suffix\">exkl. MWST<\/small><\/span>\n\n\t\t<div class=\"add-links-wrap\">\r\n\t<div class=\"add-links no-effect clearfix\">\r\n\t\t<a href=\"https:\/\/uni-fit.ch\/fr\/shop\/einschweiss-gewinde-va-008\" aria-describedby=\"woocommerce_loop_add_to_cart_link_describedby_47700\" data-quantity=\"1\" class=\"viewcart-style-2 button product_type_simple add_to_cart_read_more\" data-product_id=\"47700\" data-product_sku=\"VA 008\" aria-label=\"Read more about &ldquo;Einschweiss-Gewinde VA 008&rdquo;\" rel=\"nofollow\">Read more<\/a>\t\t<span id=\"woocommerce_loop_add_to_cart_link_describedby_47700\" class=\"screen-reader-text\">\r\n\t\t\t<\/span>\r\n\t\t\t<\/div>\r\n\t<\/div>\r\n\t<\/div>\n<\/div>\n<\/li>\n\n<li class=\"product-col product-outimage product type-product post-47877 status-publish last instock product_cat-flexrohre product_tag-flexibles-zwischenstueck product_tag-flexrohr has-post-thumbnail taxable shipping-taxable purchasable product-type-simple\">\n<div class=\"product-inner\">\n\t\n\t<div class=\"product-image\">\n\n\t\t<a  href=\"https:\/\/uni-fit.ch\/shop\/flexrohr-fp-106-er-flexibles-zwischenstueck\">\n\t\t\t<div class=\"inner\"><img loading=\"lazy\" decoding=\"async\" width=\"225\" height=\"225\" src=\"https:\/\/uni-fit.ch\/wp-content\/uploads\/flexrohr@2x.png\" class=\" wp-post-image\" alt=\"\" \/><\/div>\t\t<\/a>\n\t\t<\/div>\n\n\t<div class=\"product-content\">\n\t\t<span class=\"category-list\"><a href=\"https:\/\/uni-fit.ch\/fr\/katalog\/flexrohre\" rel=\"tag\">Flexrohre<\/a><\/span>\n\t\t\t<a class=\"product-loop-title\"  href=\"https:\/\/uni-fit.ch\/shop\/flexrohr-fp-106-er-flexibles-zwischenstueck\">\r\n\t<h3 class=\"woocommerce-loop-product__title\">Flexrohr FP 106-ER &#8211; Flexibles Zwischenst\u00fcck<\/h3>\t<\/a>\r\n\t\n\t\t\r\n\r\n<div class=\"rating-wrap\">\r\n\t<div class=\"rating-content\"><div class=\"star-rating\" title=\"0\"><span style=\"width:0%\"><strong class=\"rating\">0<\/strong> out of 5<\/span><\/div><\/div>\r\n<\/div>\r\n\r\n\n\t<span class=\"price\"><span class=\"woocommerce-Price-amount amount\"><bdi><span class=\"woocommerce-Price-currencySymbol\">&#67;&#72;&#70;<\/span>&nbsp;32.87<\/bdi><\/span> <small class=\"woocommerce-price-suffix\">exkl. MWST<\/small><\/span>\n\n\t\t<div class=\"add-links-wrap\">\r\n\t<div class=\"add-links no-effect clearfix\">\r\n\t\t<a href=\"?add-to-cart=47877\" aria-describedby=\"woocommerce_loop_add_to_cart_link_describedby_47877\" data-quantity=\"1\" class=\"viewcart-style-2 button product_type_simple add_to_cart_button ajax_add_to_cart\" data-product_id=\"47877\" data-product_sku=\"FP 106-ER\" aria-label=\"Add to cart: &ldquo;Flexrohr FP 106-ER - Flexibles Zwischenst\u00fcck&rdquo;\" rel=\"nofollow\">Add to cart<\/a>\t\t<span id=\"woocommerce_loop_add_to_cart_link_describedby_47877\" class=\"screen-reader-text\">\r\n\t\t\t<\/span>\r\n\t\t\t<\/div>\r\n\t<\/div>\r\n\t<\/div>\n<\/div>\n<\/li>\n<\/ul>\r\n<\/div><\/div><\/div><\/div><\/div>[\/vc_column][\/vc_row]<\/p>\n<\/div>","protected":false},"excerpt":{"rendered":"<p>[vc_row][vc_column offset=&#8221;vc_col-xs-12&#8243;][vc_custom_heading text=&#8221;uni-fit.ch vous cherche!&#8221; use_theme_fonts=&#8221;yes&#8221;][vc_column_text]UNI-FIT Katalysatoren GmbH est une entreprise \u00e0 croissance rentable depuis plus de 18 ans. Nous vendons des catalyseurs dans notre boutique en ligne et dans notre magasin local pour rester mobile. Une formation continue offre \u00e0 nos employ\u00e9s la possibilit\u00e9 de prouver leurs comp\u00e9tences et d\u2019apporter le bon produit \u00e0 [&hellip;]<\/p>\n","protected":false},"author":3,"featured_media":0,"parent":0,"menu_order":0,"comment_status":"closed","ping_status":"closed","template":"","meta":{"footnotes":""},"class_list":["post-47657","page","type-page","status-publish","hentry"],"yoast_head":"<!-- This site is optimized with the Yoast SEO plugin v22.9 - https:\/\/yoast.com\/wordpress\/plugins\/seo\/ -->\n<title>Carri\u00e8re et emplois - Catalyseurs UNI-FIT<\/title>\n<meta name=\"robots\" content=\"index, follow, max-snippet:-1, max-image-preview:large, max-video-preview:-1\" \/>\n<link rel=\"canonical\" href=\"https:\/\/uni-fit.ch\/fr\/carriere-et-emplois\" \/>\n<meta property=\"og:locale\" content=\"fr_FR\" \/>\n<meta property=\"og:type\" content=\"article\" \/>\n<meta property=\"og:title\" content=\"Carri\u00e8re et emplois - Catalyseurs UNI-FIT\" \/>\n<meta property=\"og:description\" content=\"[vc_row][vc_column offset=&#8221;vc_col-xs-12&#8243;][vc_custom_heading text=&#8221;uni-fit.ch vous cherche!&#8221; use_theme_fonts=&#8221;yes&#8221;][vc_column_text]UNI-FIT Katalysatoren GmbH est une entreprise \u00e0 croissance rentable depuis plus de 18 ans. Nous vendons des catalyseurs dans notre boutique en ligne et dans notre magasin local pour rester mobile. Une formation continue offre \u00e0 nos employ\u00e9s la possibilit\u00e9 de prouver leurs comp\u00e9tences et d\u2019apporter le bon produit \u00e0 [&hellip;]\" \/>\n<meta property=\"og:url\" content=\"https:\/\/uni-fit.ch\/fr\/carriere-et-emplois\" \/>\n<meta property=\"og:site_name\" content=\"Catalyseurs UNI-FIT\" \/>\n<meta property=\"article:modified_time\" content=\"2019-07-02T19:39:00+00:00\" \/>\n<meta name=\"twitter:card\" content=\"summary_large_image\" \/>\n<meta name=\"twitter:label1\" content=\"Dur\u00e9e de lecture estim\u00e9e\" \/>\n\t<meta name=\"twitter:data1\" content=\"2 minutes\" \/>\n<script type=\"application\/ld+json\" class=\"yoast-schema-graph\">{\"@context\":\"https:\/\/schema.org\",\"@graph\":[{\"@type\":\"WebPage\",\"@id\":\"https:\/\/uni-fit.ch\/fr\/carriere-et-emplois\",\"url\":\"https:\/\/uni-fit.ch\/fr\/carriere-et-emplois\",\"name\":\"Carri\u00e8re et emplois - Catalyseurs UNI-FIT\",\"isPartOf\":{\"@id\":\"https:\/\/uni-fit.ch\/it\/#website\"},\"datePublished\":\"2019-07-02T19:38:58+00:00\",\"dateModified\":\"2019-07-02T19:39:00+00:00\",\"breadcrumb\":{\"@id\":\"https:\/\/uni-fit.ch\/fr\/carriere-et-emplois#breadcrumb\"},\"inLanguage\":\"fr-FR\",\"potentialAction\":[{\"@type\":\"ReadAction\",\"target\":[\"https:\/\/uni-fit.ch\/fr\/carriere-et-emplois\"]}]},{\"@type\":\"BreadcrumbList\",\"@id\":\"https:\/\/uni-fit.ch\/fr\/carriere-et-emplois#breadcrumb\",\"itemListElement\":[{\"@type\":\"ListItem\",\"position\":1,\"name\":\"Startseite\",\"item\":\"https:\/\/uni-fit.ch\/fr\"},{\"@type\":\"ListItem\",\"position\":2,\"name\":\"Carri\u00e8re et emplois\"}]},{\"@type\":\"WebSite\",\"@id\":\"https:\/\/uni-fit.ch\/it\/#website\",\"url\":\"https:\/\/uni-fit.ch\/it\/\",\"name\":\"Catalyseurs UNI-FIT\",\"description\":\"Catalyseur et filtre \u00e0 particules pour voitures et camionnettes\",\"publisher\":{\"@id\":\"https:\/\/uni-fit.ch\/it\/#organization\"},\"potentialAction\":[{\"@type\":\"SearchAction\",\"target\":{\"@type\":\"EntryPoint\",\"urlTemplate\":\"https:\/\/uni-fit.ch\/it\/?s={search_term_string}\"},\"query-input\":\"required name=search_term_string\"}],\"inLanguage\":\"fr-FR\"},{\"@type\":\"Organization\",\"@id\":\"https:\/\/uni-fit.ch\/it\/#organization\",\"name\":\"UNI-FIT Katalysatoren GmbH\",\"url\":\"https:\/\/uni-fit.ch\/it\/\",\"logo\":{\"@type\":\"ImageObject\",\"inLanguage\":\"fr-FR\",\"@id\":\"https:\/\/uni-fit.ch\/it\/#\/schema\/logo\/image\/\",\"url\":\"https:\/\/uni-fit.ch\/wp-content\/uploads\/unifit-katalysatoren-email-logo.png\",\"contentUrl\":\"https:\/\/uni-fit.ch\/wp-content\/uploads\/unifit-katalysatoren-email-logo.png\",\"width\":600,\"height\":286,\"caption\":\"UNI-FIT Katalysatoren GmbH\"},\"image\":{\"@id\":\"https:\/\/uni-fit.ch\/it\/#\/schema\/logo\/image\/\"}}]}<\/script>\n<!-- \/ Yoast SEO plugin. -->","yoast_head_json":{"title":"Carri\u00e8re et emplois - Catalyseurs UNI-FIT","robots":{"index":"index","follow":"follow","max-snippet":"max-snippet:-1","max-image-preview":"max-image-preview:large","max-video-preview":"max-video-preview:-1"},"canonical":"https:\/\/uni-fit.ch\/fr\/carriere-et-emplois","og_locale":"fr_FR","og_type":"article","og_title":"Carri\u00e8re et emplois - Catalyseurs UNI-FIT","og_description":"[vc_row][vc_column offset=&#8221;vc_col-xs-12&#8243;][vc_custom_heading text=&#8221;uni-fit.ch vous cherche!&#8221; use_theme_fonts=&#8221;yes&#8221;][vc_column_text]UNI-FIT Katalysatoren GmbH est une entreprise \u00e0 croissance rentable depuis plus de 18 ans. Nous vendons des catalyseurs dans notre boutique en ligne et dans notre magasin local pour rester mobile. Une formation continue offre \u00e0 nos employ\u00e9s la possibilit\u00e9 de prouver leurs comp\u00e9tences et d\u2019apporter le bon produit \u00e0 [&hellip;]","og_url":"https:\/\/uni-fit.ch\/fr\/carriere-et-emplois","og_site_name":"Catalyseurs UNI-FIT","article_modified_time":"2019-07-02T19:39:00+00:00","twitter_card":"summary_large_image","twitter_misc":{"Dur\u00e9e de lecture estim\u00e9e":"2 minutes"},"schema":{"@context":"https:\/\/schema.org","@graph":[{"@type":"WebPage","@id":"https:\/\/uni-fit.ch\/fr\/carriere-et-emplois","url":"https:\/\/uni-fit.ch\/fr\/carriere-et-emplois","name":"Carri\u00e8re et emplois - Catalyseurs UNI-FIT","isPartOf":{"@id":"https:\/\/uni-fit.ch\/it\/#website"},"datePublished":"2019-07-02T19:38:58+00:00","dateModified":"2019-07-02T19:39:00+00:00","breadcrumb":{"@id":"https:\/\/uni-fit.ch\/fr\/carriere-et-emplois#breadcrumb"},"inLanguage":"fr-FR","potentialAction":[{"@type":"ReadAction","target":["https:\/\/uni-fit.ch\/fr\/carriere-et-emplois"]}]},{"@type":"BreadcrumbList","@id":"https:\/\/uni-fit.ch\/fr\/carriere-et-emplois#breadcrumb","itemListElement":[{"@type":"ListItem","position":1,"name":"Startseite","item":"https:\/\/uni-fit.ch\/fr"},{"@type":"ListItem","position":2,"name":"Carri\u00e8re et emplois"}]},{"@type":"WebSite","@id":"https:\/\/uni-fit.ch\/it\/#website","url":"https:\/\/uni-fit.ch\/it\/","name":"Catalyseurs UNI-FIT","description":"Catalyseur et filtre \u00e0 particules pour voitures et camionnettes","publisher":{"@id":"https:\/\/uni-fit.ch\/it\/#organization"},"potentialAction":[{"@type":"SearchAction","target":{"@type":"EntryPoint","urlTemplate":"https:\/\/uni-fit.ch\/it\/?s={search_term_string}"},"query-input":"required name=search_term_string"}],"inLanguage":"fr-FR"},{"@type":"Organization","@id":"https:\/\/uni-fit.ch\/it\/#organization","name":"UNI-FIT Katalysatoren GmbH","url":"https:\/\/uni-fit.ch\/it\/","logo":{"@type":"ImageObject","inLanguage":"fr-FR","@id":"https:\/\/uni-fit.ch\/it\/#\/schema\/logo\/image\/","url":"https:\/\/uni-fit.ch\/wp-content\/uploads\/unifit-katalysatoren-email-logo.png","contentUrl":"https:\/\/uni-fit.ch\/wp-content\/uploads\/unifit-katalysatoren-email-logo.png","width":600,"height":286,"caption":"UNI-FIT Katalysatoren GmbH"},"image":{"@id":"https:\/\/uni-fit.ch\/it\/#\/schema\/logo\/image\/"}}]}},"_links":{"self":[{"href":"https:\/\/uni-fit.ch\/fr\/wp-json\/wp\/v2\/pages\/47657","targetHints":{"allow":["GET"]}}],"collection":[{"href":"https:\/\/uni-fit.ch\/fr\/wp-json\/wp\/v2\/pages"}],"about":[{"href":"https:\/\/uni-fit.ch\/fr\/wp-json\/wp\/v2\/types\/page"}],"author":[{"embeddable":true,"href":"https:\/\/uni-fit.ch\/fr\/wp-json\/wp\/v2\/users\/3"}],"replies":[{"embeddable":true,"href":"https:\/\/uni-fit.ch\/fr\/wp-json\/wp\/v2\/comments?post=47657"}],"version-history":[{"count":0,"href":"https:\/\/uni-fit.ch\/fr\/wp-json\/wp\/v2\/pages\/47657\/revisions"}],"wp:attachment":[{"href":"https:\/\/uni-fit.ch\/fr\/wp-json\/wp\/v2\/media?parent=47657"}],"curies":[{"name":"wp","href":"https:\/\/api.w.org\/{rel}","templated":true}]}}