{"id":47659,"date":"2019-07-02T21:51:24","date_gmt":"2019-07-02T19:51:24","guid":{"rendered":"http:\/\/unifitch.cyon.link\/plan-du-site"},"modified":"2019-07-02T21:51:25","modified_gmt":"2019-07-02T19:51:25","slug":"plan-du-site","status":"publish","type":"page","link":"https:\/\/uni-fit.ch\/fr\/plan-du-site","title":{"rendered":"Plan du site"},"content":{"rendered":"<div class=\"wpb-content-wrapper\"><p>[vc_row][vc_column width=&#8221;1\/2&#8243;][vc_column_text]<div class=\"wsp-container\"><ul class=\"wsp-pages-list\">\n<li class=\"page_item page-item-47660\"><a href=\"https:\/\/uni-fit.ch\/fr\/a-propos-de-nous\">\u00c0 propos de nous<\/a><\/li>\n<li class=\"page_item page-item-34928 current_page_parent\"><a href=\"https:\/\/uni-fit.ch\/fr\/blog\">Blog<\/a><\/li>\n<li class=\"page_item page-item-29051\"><a href=\"https:\/\/uni-fit.ch\/fr\/boutique\">Boutique<\/a><\/li>\n<li class=\"page_item page-item-34929\"><a href=\"https:\/\/uni-fit.ch\/fr\/caisse\">Caisse<\/a><\/li>\n<li class=\"page_item page-item-29053\"><a href=\"https:\/\/uni-fit.ch\/fr\/validation\">Caisse<\/a><\/li>\n<li class=\"page_item page-item-47657\"><a href=\"https:\/\/uni-fit.ch\/fr\/carriere-et-emplois\">Carri\u00e8re et emplois<\/a><\/li>\n<li class=\"page_item page-item-47630\"><a href=\"https:\/\/uni-fit.ch\/fr\/conditions-generales\">Conditions g\u00e9n\u00e9rales<\/a><\/li>\n<li class=\"page_item page-item-47658\"><a href=\"https:\/\/uni-fit.ch\/fr\/contact\">Contact<\/a><\/li>\n<li class=\"page_item page-item-47912\"><a href=\"https:\/\/uni-fit.ch\/fr\/diagnostic-rapide\">Diagnostic rapide<\/a><\/li>\n<li class=\"page_item page-item-47656\"><a href=\"https:\/\/uni-fit.ch\/fr\/empreinte\">Empreinte<\/a><\/li>\n<li class=\"page_item page-item-47653\"><a href=\"https:\/\/uni-fit.ch\/fr\/faqs-fr\">FAQs &#8211; FR<\/a><\/li>\n<li class=\"page_item page-item-2584\"><a href=\"https:\/\/uni-fit.ch\/fr\/fehlerseite-2\">Fehlerseite<\/a><\/li>\n<li class=\"page_item page-item-1653\"><a href=\"https:\/\/uni-fit.ch\/fr\/fehlerseite\">Fehlerseite<\/a><\/li>\n<li class=\"page_item page-item-47655\"><a href=\"https:\/\/uni-fit.ch\/fr\/informations-de-garantie\">Informations de garantie<\/a><\/li>\n<li class=\"page_item page-item-47661\"><a href=\"https:\/\/uni-fit.ch\/fr\/liste-de-souhaits\">Liste de souhaits<\/a><\/li>\n<li class=\"page_item page-item-62387\"><a href=\"https:\/\/uni-fit.ch\/fr\/mein-konto\">Mein Konto<\/a><\/li>\n<li class=\"page_item page-item-29054\"><a href=\"https:\/\/uni-fit.ch\/fr\/mon-compte\">Mon compte<\/a><\/li>\n<li class=\"page_item page-item-29052\"><a href=\"https:\/\/uni-fit.ch\/fr\/panier\">Panier<\/a><\/li>\n<li class=\"page_item page-item-47659\"><a href=\"https:\/\/uni-fit.ch\/fr\/plan-du-site\">Plan du site<\/a><\/li>\n<li class=\"page_item page-item-47631\"><a href=\"https:\/\/uni-fit.ch\/fr\/politique-de-confidentialite\">Politique de confidentialit\u00e9<\/a><\/li>\n<li class=\"page_item page-item-62384\"><a href=\"https:\/\/uni-fit.ch\/fr\/rueckerstattung_rueckgaben\">Richtlinie f\u00fcr R\u00fcckerstattungen und R\u00fcckgaben<\/a><\/li>\n<li class=\"page_item page-item-67\"><a href=\"https:\/\/uni-fit.ch\/fr\/services\">Services<\/a><\/li>\n<li class=\"page_item page-item-47651\"><a href=\"https:\/\/uni-fit.ch\/fr\/telechargements\">T\u00e9l\u00e9chargements<\/a><\/li>\n<li class=\"page_item page-item-47662\"><a href=\"https:\/\/uni-fit.ch\/fr\">UNI-FIT &#8211; catalyseur et filtre \u00e0 particules<\/a><\/li>\n<\/ul>\n<\/div>[\/vc_column_text][\/vc_column][vc_column width=&#8221;1\/2&#8243;][vc_custom_heading text=&#8221;Qui <strong>sommes nous<\/strong>&#8221; use_theme_fonts=&#8221;yes&#8221; el_class=&#8221;m-b-md&#8221;][vc_column_text el_class=&#8221;lead&#8221;]<span>UNI-FIT est sp\u00e9cialis\u00e9 dans\u00a0<\/span><a href=\"https:\/\/uni-fit.ch\/shop\/katalysatoren\"><span>les convertisseurs catalytiques<\/span><\/a><span>\u00a0\u00a0et les\u00a0\u00a0<\/span><a href=\"https:\/\/uni-fit.ch\/shop\/russpartikelfilter\"><span>filtres \u00e0 particules<\/span><\/a><span>\u00a0pour voitures et camionnettes<\/span>.[\/vc_column_text][vc_column_text]<\/p>\n<ul class=\"list list-icons m-t-lg\">\n<li><i class=\"fa fa-check\"><\/i>Meilleurs prix en Suisse<\/li>\n<li><i class=\"fa fa-check\"><\/i>filtre \u00e0 suie de rechange<\/li>\n<li><i class=\"fa fa-check\"><\/i>Catalyseurs pr\u00eats \u00e0 installer<\/li>\n<li><i class=\"fa fa-check\"><\/i>sonde lambda<\/li>\n<li><i class=\"fa fa-check\"><\/i>Filtre \u00e0 particules de suie<\/li>\n<li><i class=\"fa fa-check\"><\/i>Les syst\u00e8mes de contr\u00f4le de la pollution<\/li>\n<li><i class=\"fa fa-check\"><\/i>Am\u00e9lioration du filtre \u00e0 particules<\/li>\n<li><i class=\"fa fa-check\"><\/i>Accessoires sondes lambda<\/li>\n<li><i class=\"fa fa-check\"><\/i>tuyaux flexibles<\/li>\n<li><i class=\"fa fa-check\"><\/i>Y tuyaux<\/li>\n<li><i class=\"fa fa-check\"><\/i>des tuyaux de raccordement<\/li>\n<li><i class=\"fa fa-check\"><\/i>Tuyaux de pression pour filtres \u00e0 particules<\/li>\n<li><i class=\"fa fa-check\"><\/i>Monolithe pour motos et scooters<\/li>\n<\/ul>\n<p>[\/vc_column_text][\/vc_column][\/vc_row]<\/p>\n<\/div>","protected":false},"excerpt":{"rendered":"<p>[vc_row][vc_column width=&#8221;1\/2&#8243;][vc_column_text][\/vc_column_text][\/vc_column][vc_column width=&#8221;1\/2&#8243;][vc_custom_heading text=&#8221;Qui sommes nous&#8221; use_theme_fonts=&#8221;yes&#8221; el_class=&#8221;m-b-md&#8221;][vc_column_text el_class=&#8221;lead&#8221;]UNI-FIT est sp\u00e9cialis\u00e9 dans\u00a0les convertisseurs catalytiques\u00a0\u00a0et les\u00a0\u00a0filtres \u00e0 particules\u00a0pour voitures et camionnettes.[\/vc_column_text][vc_column_text] Meilleurs prix en Suisse filtre \u00e0 suie de rechange Catalyseurs pr\u00eats \u00e0 installer sonde lambda Filtre \u00e0 particules de suie Les syst\u00e8mes de contr\u00f4le de la pollution Am\u00e9lioration du filtre \u00e0 particules Accessoires sondes lambda [&hellip;]<\/p>\n","protected":false},"author":3,"featured_media":0,"parent":0,"menu_order":0,"comment_status":"closed","ping_status":"closed","template":"","meta":{"footnotes":""},"class_list":["post-47659","page","type-page","status-publish","hentry"],"yoast_head":"<!-- This site is optimized with the Yoast SEO plugin v22.9 - https:\/\/yoast.com\/wordpress\/plugins\/seo\/ -->\n<title>Plan du site - Catalyseurs UNI-FIT<\/title>\n<meta name=\"robots\" content=\"index, follow, max-snippet:-1, max-image-preview:large, max-video-preview:-1\" \/>\n<link rel=\"canonical\" href=\"https:\/\/uni-fit.ch\/fr\/plan-du-site\" \/>\n<meta property=\"og:locale\" content=\"fr_FR\" \/>\n<meta property=\"og:type\" content=\"article\" \/>\n<meta property=\"og:title\" content=\"Plan du site - Catalyseurs UNI-FIT\" \/>\n<meta property=\"og:description\" content=\"[vc_row][vc_column width=&#8221;1\/2&#8243;][vc_column_text][\/vc_column_text][\/vc_column][vc_column width=&#8221;1\/2&#8243;][vc_custom_heading text=&#8221;Qui sommes nous&#8221; use_theme_fonts=&#8221;yes&#8221; el_class=&#8221;m-b-md&#8221;][vc_column_text el_class=&#8221;lead&#8221;]UNI-FIT est sp\u00e9cialis\u00e9 dans\u00a0les convertisseurs catalytiques\u00a0\u00a0et les\u00a0\u00a0filtres \u00e0 particules\u00a0pour voitures et camionnettes.[\/vc_column_text][vc_column_text] Meilleurs prix en Suisse filtre \u00e0 suie de rechange Catalyseurs pr\u00eats \u00e0 installer sonde lambda Filtre \u00e0 particules de suie Les syst\u00e8mes de contr\u00f4le de la pollution Am\u00e9lioration du filtre \u00e0 particules Accessoires sondes lambda [&hellip;]\" \/>\n<meta property=\"og:url\" content=\"https:\/\/uni-fit.ch\/fr\/plan-du-site\" \/>\n<meta property=\"og:site_name\" content=\"Catalyseurs UNI-FIT\" \/>\n<meta property=\"article:modified_time\" content=\"2019-07-02T19:51:25+00:00\" \/>\n<meta name=\"twitter:card\" content=\"summary_large_image\" \/>\n<meta name=\"twitter:label1\" content=\"Dur\u00e9e de lecture estim\u00e9e\" \/>\n\t<meta name=\"twitter:data1\" content=\"1 minute\" \/>\n<script type=\"application\/ld+json\" class=\"yoast-schema-graph\">{\"@context\":\"https:\/\/schema.org\",\"@graph\":[{\"@type\":\"WebPage\",\"@id\":\"https:\/\/uni-fit.ch\/fr\/plan-du-site\",\"url\":\"https:\/\/uni-fit.ch\/fr\/plan-du-site\",\"name\":\"Plan du site - Catalyseurs UNI-FIT\",\"isPartOf\":{\"@id\":\"https:\/\/uni-fit.ch\/it\/#website\"},\"datePublished\":\"2019-07-02T19:51:24+00:00\",\"dateModified\":\"2019-07-02T19:51:25+00:00\",\"breadcrumb\":{\"@id\":\"https:\/\/uni-fit.ch\/fr\/plan-du-site#breadcrumb\"},\"inLanguage\":\"fr-FR\",\"potentialAction\":[{\"@type\":\"ReadAction\",\"target\":[\"https:\/\/uni-fit.ch\/fr\/plan-du-site\"]}]},{\"@type\":\"BreadcrumbList\",\"@id\":\"https:\/\/uni-fit.ch\/fr\/plan-du-site#breadcrumb\",\"itemListElement\":[{\"@type\":\"ListItem\",\"position\":1,\"name\":\"Startseite\",\"item\":\"https:\/\/uni-fit.ch\/fr\"},{\"@type\":\"ListItem\",\"position\":2,\"name\":\"Plan du site\"}]},{\"@type\":\"WebSite\",\"@id\":\"https:\/\/uni-fit.ch\/it\/#website\",\"url\":\"https:\/\/uni-fit.ch\/it\/\",\"name\":\"Catalyseurs UNI-FIT\",\"description\":\"Catalyseur et filtre \u00e0 particules pour voitures et camionnettes\",\"publisher\":{\"@id\":\"https:\/\/uni-fit.ch\/it\/#organization\"},\"potentialAction\":[{\"@type\":\"SearchAction\",\"target\":{\"@type\":\"EntryPoint\",\"urlTemplate\":\"https:\/\/uni-fit.ch\/it\/?s={search_term_string}\"},\"query-input\":\"required name=search_term_string\"}],\"inLanguage\":\"fr-FR\"},{\"@type\":\"Organization\",\"@id\":\"https:\/\/uni-fit.ch\/it\/#organization\",\"name\":\"UNI-FIT Katalysatoren GmbH\",\"url\":\"https:\/\/uni-fit.ch\/it\/\",\"logo\":{\"@type\":\"ImageObject\",\"inLanguage\":\"fr-FR\",\"@id\":\"https:\/\/uni-fit.ch\/it\/#\/schema\/logo\/image\/\",\"url\":\"https:\/\/uni-fit.ch\/wp-content\/uploads\/unifit-katalysatoren-email-logo.png\",\"contentUrl\":\"https:\/\/uni-fit.ch\/wp-content\/uploads\/unifit-katalysatoren-email-logo.png\",\"width\":600,\"height\":286,\"caption\":\"UNI-FIT Katalysatoren GmbH\"},\"image\":{\"@id\":\"https:\/\/uni-fit.ch\/it\/#\/schema\/logo\/image\/\"}}]}<\/script>\n<!-- \/ Yoast SEO plugin. -->","yoast_head_json":{"title":"Plan du site - Catalyseurs UNI-FIT","robots":{"index":"index","follow":"follow","max-snippet":"max-snippet:-1","max-image-preview":"max-image-preview:large","max-video-preview":"max-video-preview:-1"},"canonical":"https:\/\/uni-fit.ch\/fr\/plan-du-site","og_locale":"fr_FR","og_type":"article","og_title":"Plan du site - Catalyseurs UNI-FIT","og_description":"[vc_row][vc_column width=&#8221;1\/2&#8243;][vc_column_text][\/vc_column_text][\/vc_column][vc_column width=&#8221;1\/2&#8243;][vc_custom_heading text=&#8221;Qui sommes nous&#8221; use_theme_fonts=&#8221;yes&#8221; el_class=&#8221;m-b-md&#8221;][vc_column_text el_class=&#8221;lead&#8221;]UNI-FIT est sp\u00e9cialis\u00e9 dans\u00a0les convertisseurs catalytiques\u00a0\u00a0et les\u00a0\u00a0filtres \u00e0 particules\u00a0pour voitures et camionnettes.[\/vc_column_text][vc_column_text] Meilleurs prix en Suisse filtre \u00e0 suie de rechange Catalyseurs pr\u00eats \u00e0 installer sonde lambda Filtre \u00e0 particules de suie Les syst\u00e8mes de contr\u00f4le de la pollution Am\u00e9lioration du filtre \u00e0 particules Accessoires sondes lambda [&hellip;]","og_url":"https:\/\/uni-fit.ch\/fr\/plan-du-site","og_site_name":"Catalyseurs UNI-FIT","article_modified_time":"2019-07-02T19:51:25+00:00","twitter_card":"summary_large_image","twitter_misc":{"Dur\u00e9e de lecture estim\u00e9e":"1 minute"},"schema":{"@context":"https:\/\/schema.org","@graph":[{"@type":"WebPage","@id":"https:\/\/uni-fit.ch\/fr\/plan-du-site","url":"https:\/\/uni-fit.ch\/fr\/plan-du-site","name":"Plan du site - Catalyseurs UNI-FIT","isPartOf":{"@id":"https:\/\/uni-fit.ch\/it\/#website"},"datePublished":"2019-07-02T19:51:24+00:00","dateModified":"2019-07-02T19:51:25+00:00","breadcrumb":{"@id":"https:\/\/uni-fit.ch\/fr\/plan-du-site#breadcrumb"},"inLanguage":"fr-FR","potentialAction":[{"@type":"ReadAction","target":["https:\/\/uni-fit.ch\/fr\/plan-du-site"]}]},{"@type":"BreadcrumbList","@id":"https:\/\/uni-fit.ch\/fr\/plan-du-site#breadcrumb","itemListElement":[{"@type":"ListItem","position":1,"name":"Startseite","item":"https:\/\/uni-fit.ch\/fr"},{"@type":"ListItem","position":2,"name":"Plan du site"}]},{"@type":"WebSite","@id":"https:\/\/uni-fit.ch\/it\/#website","url":"https:\/\/uni-fit.ch\/it\/","name":"Catalyseurs UNI-FIT","description":"Catalyseur et filtre \u00e0 particules pour voitures et camionnettes","publisher":{"@id":"https:\/\/uni-fit.ch\/it\/#organization"},"potentialAction":[{"@type":"SearchAction","target":{"@type":"EntryPoint","urlTemplate":"https:\/\/uni-fit.ch\/it\/?s={search_term_string}"},"query-input":"required name=search_term_string"}],"inLanguage":"fr-FR"},{"@type":"Organization","@id":"https:\/\/uni-fit.ch\/it\/#organization","name":"UNI-FIT Katalysatoren GmbH","url":"https:\/\/uni-fit.ch\/it\/","logo":{"@type":"ImageObject","inLanguage":"fr-FR","@id":"https:\/\/uni-fit.ch\/it\/#\/schema\/logo\/image\/","url":"https:\/\/uni-fit.ch\/wp-content\/uploads\/unifit-katalysatoren-email-logo.png","contentUrl":"https:\/\/uni-fit.ch\/wp-content\/uploads\/unifit-katalysatoren-email-logo.png","width":600,"height":286,"caption":"UNI-FIT Katalysatoren GmbH"},"image":{"@id":"https:\/\/uni-fit.ch\/it\/#\/schema\/logo\/image\/"}}]}},"_links":{"self":[{"href":"https:\/\/uni-fit.ch\/fr\/wp-json\/wp\/v2\/pages\/47659","targetHints":{"allow":["GET"]}}],"collection":[{"href":"https:\/\/uni-fit.ch\/fr\/wp-json\/wp\/v2\/pages"}],"about":[{"href":"https:\/\/uni-fit.ch\/fr\/wp-json\/wp\/v2\/types\/page"}],"author":[{"embeddable":true,"href":"https:\/\/uni-fit.ch\/fr\/wp-json\/wp\/v2\/users\/3"}],"replies":[{"embeddable":true,"href":"https:\/\/uni-fit.ch\/fr\/wp-json\/wp\/v2\/comments?post=47659"}],"version-history":[{"count":0,"href":"https:\/\/uni-fit.ch\/fr\/wp-json\/wp\/v2\/pages\/47659\/revisions"}],"wp:attachment":[{"href":"https:\/\/uni-fit.ch\/fr\/wp-json\/wp\/v2\/media?parent=47659"}],"curies":[{"name":"wp","href":"https:\/\/api.w.org\/{rel}","templated":true}]}}