{"id":47660,"date":"2019-07-02T21:57:01","date_gmt":"2019-07-02T19:57:01","guid":{"rendered":"http:\/\/unifitch.cyon.link\/a-propos-de-nous"},"modified":"2019-07-08T01:27:57","modified_gmt":"2019-07-07T23:27:57","slug":"a-propos-de-nous","status":"publish","type":"page","link":"https:\/\/uni-fit.ch\/fr\/a-propos-de-nous","title":{"rendered":"\u00c0 propos de nous"},"content":{"rendered":"<div class=\"wpb-content-wrapper\"><p>[vc_row wrap_container=&#8221;yes&#8221; css=&#8221;.vc_custom_1520146469968{margin-bottom: 30px !important;padding-top: 30px !important;padding-bottom: 30px !important;background-color: #ffffff !important;}&#8221;][vc_column][vc_column_text]<\/p>\n<h3>NOTRE HISTOIRE<\/h3>\n<p>La soci\u00e9t\u00e9 UNI-FIT Catalyss GmbH, bas\u00e9e \u00e0 Laufen \/ BL, op\u00e8re en Suisse depuis 2006 en tant qu&#8217;importateur des produits BM CATALYSTS.<\/p>\n<p>UNI-FIT est sp\u00e9cialis\u00e9 dans la vente et le remplacement de <a href=\"https:\/\/uni-fit.ch\/shop\/katalysatoren\">convertisseurs catalytiques<\/a> et de <a href=\"https:\/\/uni-fit.ch\/shop\/russpartikelfilter\">filtres \u00e0 particules<\/a> pour voitures et camionnettes.<\/p>\n<p>Tous les articles sont certifi\u00e9s E9 103R et poss\u00e8dent donc des documents d&#8217;agr\u00e9ment pour l&#8217;inspection de v\u00e9hicule \u00e0 moteur (MFK) (certificat inclus).<\/p>\n<h3 style=\"color: #21293c; font-size: 18px; line-height: 27px; font-weight: 400; text-align: center;\">\u201c La garantie du fabricant est de 2 ans sur tous les produits. \u201d<\/h3>\n<p>[\/vc_column_text][vc_empty_space][\/vc_column][\/vc_row][vc_row disable_element=&#8221;yes&#8221; wrap_container=&#8221;yes&#8221; css=&#8221;.vc_custom_1559427131489{margin-bottom: 30px !important;padding-top: 30px !important;padding-bottom: 30px !important;background-color: #ffffff !important;}&#8221;][vc_column][vc_empty_space]<div class=\"stats-block stats-left  inline-block  wpb_custom_a517333ace5b1666c6af8bd4684f1de9  vc_custom_1559426955709\"><div class=\"porto-sicon-left\"><div class=\"porto-just-icon-wrapper porto-icon none\" style=\"color:#333333;font-size:32px;\"><i class=\"fas fa-users\"><\/i><\/div><\/div><div class=\"stats-desc\"><div id=\"counter_187045355569e34f97b0e20\" data-id=\"counter_187045355569e34f97b0e20\" class=\"stats-number\" style=\" font-weight:800;font-size:32px;line-height:32px;color:#0087cb;\" data-speed=\"3\" data-counter-value=\"1.8\" data-separator=\"`\" data-decimal=\".\">0<\/div><div class=\"counter_suffix mycust\" style=\" font-weight:800;font-size:32px;line-height:32px;color:#0087cb\">+<\/div><div class=\"stats-text\" style=\"font-weight:600;font-size:14px;line-height:25px;color:#7b858a;\">MILLIONEN KUNDEN<\/div><\/div><\/div><div class=\"stats-block stats-left  inline-block  wpb_custom_a517333ace5b1666c6af8bd4684f1de9  vc_custom_1544600363999\"><div class=\"stats-desc\"><div id=\"counter_117348631269e34f97b0f0d\" data-id=\"counter_117348631269e34f97b0f0d\" class=\"stats-number\" style=\" font-weight:800;font-size:32px;line-height:32px;color:#0087cb;\" data-speed=\"3\" data-counter-value=\"18\" data-separator=\"none\" data-decimal=\".\">0<\/div><div class=\"stats-text\" style=\"font-weight:600;font-size:14px;line-height:25px;color:#7b858a;\">MITARBEITER<\/div><\/div><\/div><div class=\"stats-block stats-left  inline-block  wpb_custom_a517333ace5b1666c6af8bd4684f1de9  vc_custom_1544600164557\"><div class=\"stats-desc\"><div id=\"counter_82830065969e34f97b0fa6\" data-id=\"counter_82830065969e34f97b0fa6\" class=\"stats-number\" style=\" font-weight:800;font-size:32px;line-height:32px;color:#0087cb;\" data-speed=\"3\" data-counter-value=\"70000\" data-separator=\"none\" data-decimal=\".\">0<\/div><div class=\"counter_suffix mycust\" style=\" font-weight:800;font-size:19px;line-height:32px;color:#0087cb\">+<\/div><div class=\"stats-text\" style=\"font-weight:600;font-size:14px;line-height:25px;color:#7b858a;\">PRODUKTE<\/div><\/div><\/div><div class=\"stats-block stats-left  inline-block  wpb_custom_a517333ace5b1666c6af8bd4684f1de9  vc_custom_1544600412996\"><div class=\"stats-desc\"><div id=\"counter_91307604069e34f97b1047\" data-id=\"counter_91307604069e34f97b1047\" class=\"stats-number\" style=\" font-weight:800;font-size:32px;line-height:32px;color:#0087cb;\" data-speed=\"3\" data-counter-value=\"1.5\" data-separator=\"none\" data-decimal=\".\">0<\/div><div class=\"stats-text\" style=\"font-weight:600;font-size:14px;line-height:25px;color:#7b858a;\">\u00dcBERSTUNDEN \/ TAG<\/div><\/div><\/div><div class=\"stats-block stats-left  inline-block  wpb_custom_a517333ace5b1666c6af8bd4684f1de9  vc_custom_1544600272802\"><div class=\"stats-desc\"><div id=\"counter_124901143169e34f97b10cc\" data-id=\"counter_124901143169e34f97b10cc\" class=\"stats-number\" style=\" font-weight:800;font-size:32px;line-height:32px;color:#0087cb;\" data-speed=\"3\" data-counter-value=\"100\" data-separator=\"none\" data-decimal=\".\">0<\/div><div class=\"counter_suffix mycust\" style=\" font-weight:800;font-size:19px;line-height:32px;color:#0087cb\">%<\/div><div class=\"stats-text\" style=\"font-weight:600;font-size:14px;line-height:25px;color:#7b858a;\">ZUFRIEDENE KUNDEN<\/div><\/div><\/div><div class=\"stats-block stats-top   wpb_custom_a517333ace5b1666c6af8bd4684f1de9\"><div class=\"porto-sicon-top\"><div class=\"porto-just-icon-wrapper porto-icon none\" style=\"color:#333333;font-size:32px;\"><i class=\"fas fa-feather\"><\/i><\/div><\/div><div class=\"stats-desc\"><div id=\"counter_64050421469e34f97b11df\" data-id=\"counter_64050421469e34f97b11df\" class=\"stats-number\" style=\" \" data-speed=\"3\" data-counter-value=\"1250\" data-separator=\"`\" data-decimal=\".\">0<\/div><div class=\"stats-text\" style=\"\">KUNDEN<\/div><\/div><\/div>[\/vc_column][\/vc_row][vc_row wrap_container=&#8221;yes&#8221; is_section=&#8221;yes&#8221; css=&#8221;.vc_custom_1559427317950{margin-bottom: 30px !important;padding-top: 30px !important;padding-bottom: 30px !important;background-color: #ffffff !important;}&#8221;][vc_column][vc_column_text]<\/p>\n<h3>NOTRE PHILOSOPHIE<\/h3>\n<p>Oui, cela a toujours du sens de r\u00e9parer ma voiture !!!<br \/>\nOffrez des pi\u00e8ces de voiture bon march\u00e9 peu co\u00fbteuses et test\u00e9es (convertisseurs catalytiques, filtres \u00e0 particules, conduites pour pantalons, conduites de raccordement, etc.) o\u00f9 la r\u00e9paration de votre v\u00e9hicule plus ancien paie toujours.<\/p>\n<h3 style=\"color: #21293c; font-size: 18px; line-height: 27px; font-weight: 400; text-align: center;\">\u201c UNI-FIT est votre expert en catalyseurs en Suisse \u201d<\/h3>\n<p>&nbsp;<br \/>\n[\/vc_column_text][vc_row_inner][vc_column_inner width=&#8221;1\/3&#8243;]<div class=\"porto-sicon-box  wpb_custom_1ba50b84f0433336c41d0a3d8d5ed43f style_1 top-icon\"><div class=\"porto-sicon-top\"><div class=\"porto-just-icon-wrapper porto-icon none\" style=\"color:#0088cc;font-size:55px;\"><i class=\"porto-icon-shipped\"><\/i><\/div><\/div><div class=\"porto-sicon-header\"><h3 class=\"porto-sicon-title\" style=\"font-weight:600;font-size:18px;line-height:20px;\">Schnelle Lieferung<\/h3><\/div> <!-- header --><\/div><!-- porto-sicon-box -->[\/vc_column_inner][vc_column_inner width=&#8221;1\/3&#8243;]<div class=\"porto-sicon-box  wpb_custom_1ba50b84f0433336c41d0a3d8d5ed43f style_1 top-icon\"><div class=\"porto-sicon-top\"><div class=\"porto-just-icon-wrapper porto-icon none\" style=\"color:#0088cc;font-size:55px;\"><i class=\"porto-icon-us-dollar\"><\/i><\/div><\/div><div class=\"porto-sicon-header\"><h3 class=\"porto-sicon-title\" style=\"font-weight:600;font-size:18px;line-height:20px;\">Geld-Zur\u00fcck-Garantie<\/h3><\/div> <!-- header --><\/div><!-- porto-sicon-box -->[\/vc_column_inner][vc_column_inner width=&#8221;1\/3&#8243;]<div class=\"porto-sicon-box  wpb_custom_1ba50b84f0433336c41d0a3d8d5ed43f style_1 top-icon\"><div class=\"porto-sicon-top\"><div class=\"porto-just-icon-wrapper porto-icon none\" style=\"color:#0088cc;font-size:55px;\"><i class=\"porto-icon-online-support\"><\/i><\/div><\/div><div class=\"porto-sicon-header\"><h3 class=\"porto-sicon-title\" style=\"font-weight:600;font-size:18px;line-height:20px;\">Top Support<\/h3><\/div> <!-- header --><\/div><!-- porto-sicon-box -->[\/vc_column_inner][\/vc_row_inner][\/vc_column][\/vc_row][vc_row wrap_container=&#8221;yes&#8221; is_section=&#8221;yes&#8221; css=&#8221;.vc_custom_1559428556287{margin-bottom: 30px !important;padding-top: 30px !important;padding-bottom: 30px !important;background-color: #ffffff !important;}&#8221;][vc_column][vc_column_text]<\/p>\n<h3>ETAPES<\/h3>\n<p>[\/vc_column_text]<div class=\"porto-history wpb_content_element \"><div class=\"thumb\"><img loading=\"lazy\" decoding=\"async\" class=\"\" src=\"https:\/\/uni-fit.ch\/wp-content\/uploads\/meilenstein-04-145x145.jpg\" width=\"145\" height=\"145\" alt=\"meilenstein-04\" title=\"meilenstein-04\" \/><\/div><div class=\"featured-box\"><div class=\"box-content\"><h4 class=\"heading-primary\"><strong>2019<\/strong><\/h4><p><strong>Neue Website und Online Shop<\/strong><\/p>\n<p>Nach einem nicht so guten Start mit einer Website im 2018, musste f\u00fcr das 2019 erneut eine neue Website mit Shop erstellt werden. Jetzt haben wir unser Gl\u00fcck mit der\u00a0<a href=\"https:\/\/www.soriax.com\/\">SORIAX Werbeagentur<\/a> versucht. Weiter lesen unter unseren <a href=\"\/neue-webseite-mit-shop\">News<\/a><\/p>\n<\/div><\/div><\/div><div class=\"porto-history wpb_content_element \"><div class=\"thumb\"><img loading=\"lazy\" decoding=\"async\" class=\"\" src=\"https:\/\/uni-fit.ch\/wp-content\/uploads\/meilenstein-03-145x145.jpg\" width=\"145\" height=\"145\" alt=\"meilenstein-03\" title=\"meilenstein-03\" \/><\/div><div class=\"featured-box\"><div class=\"box-content\"><h4 class=\"heading-primary\"><strong>2012<\/strong><\/h4><p><strong>Gesch\u00e4fts\u00fcbernahme<\/strong><\/p>\n<\/div><\/div><\/div><div class=\"porto-history wpb_content_element \"><div class=\"thumb\"><img loading=\"lazy\" decoding=\"async\" class=\"\" src=\"https:\/\/uni-fit.ch\/wp-content\/uploads\/meilenstein-02-145x145.jpg\" width=\"145\" height=\"145\" alt=\"meilenstein-02\" title=\"meilenstein-02\" \/><\/div><div class=\"featured-box\"><div class=\"box-content\"><h4 class=\"heading-primary\"><strong>2009<\/strong><\/h4><p><strong>Lagerer\u00f6ffnung in Laufen<\/strong><\/p>\n<\/div><\/div><\/div><div class=\"porto-history wpb_content_element \"><div class=\"thumb\"><img loading=\"lazy\" decoding=\"async\" class=\"\" src=\"https:\/\/uni-fit.ch\/wp-content\/uploads\/meilenstein-01-145x145.jpg\" width=\"145\" height=\"145\" alt=\"meilenstein-01\" title=\"meilenstein-01\" \/><\/div><div class=\"featured-box\"><div class=\"box-content\"><h4 class=\"heading-primary\"><strong>2006<\/strong><\/h4><p><strong>Gr\u00fcndung<\/strong><\/p>\n<\/div><\/div><\/div>[\/vc_column][\/vc_row][vc_row disable_element=&#8221;yes&#8221; wrap_container=&#8221;yes&#8221; is_section=&#8221;yes&#8221; css=&#8221;.vc_custom_1560950617718{padding-top: 50px !important;padding-bottom: 10px !important;background-color: #ffffff !important;}&#8221;][vc_column][vc_column_text]<\/p>\n<h3>CLIENTS SATISFAITS<\/h3>\n<p>[\/vc_column_text][vc_row_inner css=&#8221;.vc_custom_1520146599031{background-color: #ffffff !important;}&#8221;][vc_column_inner width=&#8221;1\/2&#8243;]<div class=\"porto-testimonial wpb_content_element   wpb_custom_4760b66c0cbf51ec9a7673f3785bca75\"><div class=\"testimonial testimonial-style-3\"><div class=\"testimonial-author\"><div class=\"testimonial-author-thumbnail\"><img loading=\"lazy\" decoding=\"async\" class=\"img-responsive img-circle\" src=\"https:\/\/uni-fit.ch\/wp-content\/uploads\/shop2_about_us_person1.jpg\" alt=\"John Smith\" width=\"100\" height=\"100\"><\/div><p><a href=\"#\"><strong style=\"color:#2b2b2d\">John Smith<\/strong><\/a><span style=\"color:#62615e\">SMARTWAVE CEO<\/span><\/p><\/div><div class=\"testimonial-arrow-down reversed\"><\/div><blockquote style=\"color:#62615e\"><p>Lorem ipsum dolor sit amet, consectetur elitad adipiscing Cras non placerat mipsum dolor sit amet, consectetur elitad adipiscing cas non placerat mi.<\/p><\/blockquote><\/div><\/div>[\/vc_column_inner][vc_column_inner width=&#8221;1\/2&#8243;]<div class=\"porto-testimonial wpb_content_element   wpb_custom_4760b66c0cbf51ec9a7673f3785bca75\"><div class=\"testimonial testimonial-style-3\"><div class=\"testimonial-author\"><div class=\"testimonial-author-thumbnail\"><img loading=\"lazy\" decoding=\"async\" class=\"img-responsive img-circle\" src=\"https:\/\/uni-fit.ch\/wp-content\/uploads\/shop2_about_us_person2.jpg\" alt=\"Bob Smith\" width=\"100\" height=\"100\"><\/div><p><a href=\"#\"><strong style=\"color:#2b2b2d\">Bob Smith<\/strong><\/a><span style=\"color:#62615e\">SMARTWAVE CEO<\/span><\/p><\/div><div class=\"testimonial-arrow-down reversed\"><\/div><blockquote style=\"color:#62615e\"><p>Lorem ipsum dolor sit amet, consectetur elitad adipiscing Cras non placerat mipsum dolor sit amet, consectetur elitad adipiscing cas non placerat mi.<\/p><\/blockquote><\/div><\/div>[\/vc_column_inner][\/vc_row_inner][\/vc_column][\/vc_row]<\/p>\n<\/div>","protected":false},"excerpt":{"rendered":"<p>[vc_row wrap_container=&#8221;yes&#8221; css=&#8221;.vc_custom_1520146469968{margin-bottom: 30px !important;padding-top: 30px !important;padding-bottom: 30px !important;background-color: #ffffff !important;}&#8221;][vc_column][vc_column_text] NOTRE HISTOIRE La soci\u00e9t\u00e9 UNI-FIT Catalyss GmbH, bas\u00e9e \u00e0 Laufen \/ BL, op\u00e8re en Suisse depuis 2006 en tant qu&#8217;importateur des produits BM CATALYSTS. UNI-FIT est sp\u00e9cialis\u00e9 dans la vente et le remplacement de convertisseurs catalytiques et de filtres \u00e0 particules pour voitures et [&hellip;]<\/p>\n","protected":false},"author":3,"featured_media":0,"parent":0,"menu_order":0,"comment_status":"closed","ping_status":"closed","template":"","meta":{"footnotes":""},"class_list":["post-47660","page","type-page","status-publish","hentry"],"yoast_head":"<!-- This site is optimized with the Yoast SEO plugin v22.9 - https:\/\/yoast.com\/wordpress\/plugins\/seo\/ -->\n<title>\u00c0 propos de nous - Catalyseurs UNI-FIT<\/title>\n<meta name=\"robots\" content=\"index, follow, max-snippet:-1, max-image-preview:large, max-video-preview:-1\" \/>\n<link rel=\"canonical\" href=\"https:\/\/uni-fit.ch\/fr\/a-propos-de-nous\" \/>\n<meta property=\"og:locale\" content=\"fr_FR\" \/>\n<meta property=\"og:type\" content=\"article\" \/>\n<meta property=\"og:title\" content=\"\u00c0 propos de nous - Catalyseurs UNI-FIT\" \/>\n<meta property=\"og:description\" content=\"[vc_row wrap_container=&#8221;yes&#8221; css=&#8221;.vc_custom_1520146469968{margin-bottom: 30px !important;padding-top: 30px !important;padding-bottom: 30px !important;background-color: #ffffff !important;}&#8221;][vc_column][vc_column_text] NOTRE HISTOIRE La soci\u00e9t\u00e9 UNI-FIT Catalyss GmbH, bas\u00e9e \u00e0 Laufen \/ BL, op\u00e8re en Suisse depuis 2006 en tant qu&#8217;importateur des produits BM CATALYSTS. UNI-FIT est sp\u00e9cialis\u00e9 dans la vente et le remplacement de convertisseurs catalytiques et de filtres \u00e0 particules pour voitures et [&hellip;]\" \/>\n<meta property=\"og:url\" content=\"https:\/\/uni-fit.ch\/fr\/a-propos-de-nous\" \/>\n<meta property=\"og:site_name\" content=\"Catalyseurs UNI-FIT\" \/>\n<meta property=\"article:modified_time\" content=\"2019-07-07T23:27:57+00:00\" \/>\n<meta name=\"twitter:card\" content=\"summary_large_image\" \/>\n<meta name=\"twitter:label1\" content=\"Dur\u00e9e de lecture estim\u00e9e\" \/>\n\t<meta name=\"twitter:data1\" content=\"6 minutes\" \/>\n<script type=\"application\/ld+json\" class=\"yoast-schema-graph\">{\"@context\":\"https:\/\/schema.org\",\"@graph\":[{\"@type\":\"WebPage\",\"@id\":\"https:\/\/uni-fit.ch\/fr\/a-propos-de-nous\",\"url\":\"https:\/\/uni-fit.ch\/fr\/a-propos-de-nous\",\"name\":\"\u00c0 propos de nous - Catalyseurs UNI-FIT\",\"isPartOf\":{\"@id\":\"https:\/\/uni-fit.ch\/it\/#website\"},\"datePublished\":\"2019-07-02T19:57:01+00:00\",\"dateModified\":\"2019-07-07T23:27:57+00:00\",\"breadcrumb\":{\"@id\":\"https:\/\/uni-fit.ch\/fr\/a-propos-de-nous#breadcrumb\"},\"inLanguage\":\"fr-FR\",\"potentialAction\":[{\"@type\":\"ReadAction\",\"target\":[\"https:\/\/uni-fit.ch\/fr\/a-propos-de-nous\"]}]},{\"@type\":\"BreadcrumbList\",\"@id\":\"https:\/\/uni-fit.ch\/fr\/a-propos-de-nous#breadcrumb\",\"itemListElement\":[{\"@type\":\"ListItem\",\"position\":1,\"name\":\"Startseite\",\"item\":\"https:\/\/uni-fit.ch\/fr\"},{\"@type\":\"ListItem\",\"position\":2,\"name\":\"\u00c0 propos de nous\"}]},{\"@type\":\"WebSite\",\"@id\":\"https:\/\/uni-fit.ch\/it\/#website\",\"url\":\"https:\/\/uni-fit.ch\/it\/\",\"name\":\"Catalyseurs UNI-FIT\",\"description\":\"Catalyseur et filtre \u00e0 particules pour voitures et camionnettes\",\"publisher\":{\"@id\":\"https:\/\/uni-fit.ch\/it\/#organization\"},\"potentialAction\":[{\"@type\":\"SearchAction\",\"target\":{\"@type\":\"EntryPoint\",\"urlTemplate\":\"https:\/\/uni-fit.ch\/it\/?s={search_term_string}\"},\"query-input\":\"required name=search_term_string\"}],\"inLanguage\":\"fr-FR\"},{\"@type\":\"Organization\",\"@id\":\"https:\/\/uni-fit.ch\/it\/#organization\",\"name\":\"UNI-FIT Katalysatoren GmbH\",\"url\":\"https:\/\/uni-fit.ch\/it\/\",\"logo\":{\"@type\":\"ImageObject\",\"inLanguage\":\"fr-FR\",\"@id\":\"https:\/\/uni-fit.ch\/it\/#\/schema\/logo\/image\/\",\"url\":\"https:\/\/uni-fit.ch\/wp-content\/uploads\/unifit-katalysatoren-email-logo.png\",\"contentUrl\":\"https:\/\/uni-fit.ch\/wp-content\/uploads\/unifit-katalysatoren-email-logo.png\",\"width\":600,\"height\":286,\"caption\":\"UNI-FIT Katalysatoren GmbH\"},\"image\":{\"@id\":\"https:\/\/uni-fit.ch\/it\/#\/schema\/logo\/image\/\"}}]}<\/script>\n<!-- \/ Yoast SEO plugin. -->","yoast_head_json":{"title":"\u00c0 propos de nous - Catalyseurs UNI-FIT","robots":{"index":"index","follow":"follow","max-snippet":"max-snippet:-1","max-image-preview":"max-image-preview:large","max-video-preview":"max-video-preview:-1"},"canonical":"https:\/\/uni-fit.ch\/fr\/a-propos-de-nous","og_locale":"fr_FR","og_type":"article","og_title":"\u00c0 propos de nous - Catalyseurs UNI-FIT","og_description":"[vc_row wrap_container=&#8221;yes&#8221; css=&#8221;.vc_custom_1520146469968{margin-bottom: 30px !important;padding-top: 30px !important;padding-bottom: 30px !important;background-color: #ffffff !important;}&#8221;][vc_column][vc_column_text] NOTRE HISTOIRE La soci\u00e9t\u00e9 UNI-FIT Catalyss GmbH, bas\u00e9e \u00e0 Laufen \/ BL, op\u00e8re en Suisse depuis 2006 en tant qu&#8217;importateur des produits BM CATALYSTS. UNI-FIT est sp\u00e9cialis\u00e9 dans la vente et le remplacement de convertisseurs catalytiques et de filtres \u00e0 particules pour voitures et [&hellip;]","og_url":"https:\/\/uni-fit.ch\/fr\/a-propos-de-nous","og_site_name":"Catalyseurs UNI-FIT","article_modified_time":"2019-07-07T23:27:57+00:00","twitter_card":"summary_large_image","twitter_misc":{"Dur\u00e9e de lecture estim\u00e9e":"6 minutes"},"schema":{"@context":"https:\/\/schema.org","@graph":[{"@type":"WebPage","@id":"https:\/\/uni-fit.ch\/fr\/a-propos-de-nous","url":"https:\/\/uni-fit.ch\/fr\/a-propos-de-nous","name":"\u00c0 propos de nous - Catalyseurs UNI-FIT","isPartOf":{"@id":"https:\/\/uni-fit.ch\/it\/#website"},"datePublished":"2019-07-02T19:57:01+00:00","dateModified":"2019-07-07T23:27:57+00:00","breadcrumb":{"@id":"https:\/\/uni-fit.ch\/fr\/a-propos-de-nous#breadcrumb"},"inLanguage":"fr-FR","potentialAction":[{"@type":"ReadAction","target":["https:\/\/uni-fit.ch\/fr\/a-propos-de-nous"]}]},{"@type":"BreadcrumbList","@id":"https:\/\/uni-fit.ch\/fr\/a-propos-de-nous#breadcrumb","itemListElement":[{"@type":"ListItem","position":1,"name":"Startseite","item":"https:\/\/uni-fit.ch\/fr"},{"@type":"ListItem","position":2,"name":"\u00c0 propos de nous"}]},{"@type":"WebSite","@id":"https:\/\/uni-fit.ch\/it\/#website","url":"https:\/\/uni-fit.ch\/it\/","name":"Catalyseurs UNI-FIT","description":"Catalyseur et filtre \u00e0 particules pour voitures et camionnettes","publisher":{"@id":"https:\/\/uni-fit.ch\/it\/#organization"},"potentialAction":[{"@type":"SearchAction","target":{"@type":"EntryPoint","urlTemplate":"https:\/\/uni-fit.ch\/it\/?s={search_term_string}"},"query-input":"required name=search_term_string"}],"inLanguage":"fr-FR"},{"@type":"Organization","@id":"https:\/\/uni-fit.ch\/it\/#organization","name":"UNI-FIT Katalysatoren GmbH","url":"https:\/\/uni-fit.ch\/it\/","logo":{"@type":"ImageObject","inLanguage":"fr-FR","@id":"https:\/\/uni-fit.ch\/it\/#\/schema\/logo\/image\/","url":"https:\/\/uni-fit.ch\/wp-content\/uploads\/unifit-katalysatoren-email-logo.png","contentUrl":"https:\/\/uni-fit.ch\/wp-content\/uploads\/unifit-katalysatoren-email-logo.png","width":600,"height":286,"caption":"UNI-FIT Katalysatoren GmbH"},"image":{"@id":"https:\/\/uni-fit.ch\/it\/#\/schema\/logo\/image\/"}}]}},"_links":{"self":[{"href":"https:\/\/uni-fit.ch\/fr\/wp-json\/wp\/v2\/pages\/47660","targetHints":{"allow":["GET"]}}],"collection":[{"href":"https:\/\/uni-fit.ch\/fr\/wp-json\/wp\/v2\/pages"}],"about":[{"href":"https:\/\/uni-fit.ch\/fr\/wp-json\/wp\/v2\/types\/page"}],"author":[{"embeddable":true,"href":"https:\/\/uni-fit.ch\/fr\/wp-json\/wp\/v2\/users\/3"}],"replies":[{"embeddable":true,"href":"https:\/\/uni-fit.ch\/fr\/wp-json\/wp\/v2\/comments?post=47660"}],"version-history":[{"count":0,"href":"https:\/\/uni-fit.ch\/fr\/wp-json\/wp\/v2\/pages\/47660\/revisions"}],"wp:attachment":[{"href":"https:\/\/uni-fit.ch\/fr\/wp-json\/wp\/v2\/media?parent=47660"}],"curies":[{"name":"wp","href":"https:\/\/api.w.org\/{rel}","templated":true}]}}