{"id":48706,"date":"2019-07-01T03:48:48","date_gmt":"2019-07-01T01:48:48","guid":{"rendered":"https:\/\/uni-fit.ch\/shop\/catalyseurs-pour-audi-a3-1-6-87027-55"},"modified":"2020-01-17T14:37:30","modified_gmt":"2020-01-17T13:37:30","slug":"catalyseurs-pour-audi-a3-1-6-87027-55","status":"publish","type":"product","link":"https:\/\/uni-fit.ch\/fr\/shop\/catalyseurs-pour-audi-a3-1-6-87027-55","title":{"rendered":"Catalyseurs pour AUDI A3 1.6 &#8211; 87027-55"},"content":{"rendered":"<p> Les catalyseurs conviennent pour: AUDI A3 1.6i 8v (AKL; AEH; APF; BFQ; moteurs AVU) 9 \/ 96-6 \/ 03 (f \/ p &amp; cat) essence <\/p>\n<p> Cat\u00e9gorie: Catalyseurs <br \/>\nFabricant: BM Catalyseurs <br \/>\nInformations additionnelles: Catalyseurs d&#8217;essence autoris\u00e9s <\/p>\n<p> Num\u00e9ro d&#8217;article UniFit: 87027-55 <br \/>\nNum\u00e9ro de r\u00e9f\u00e9rence BMC: Catalyseurs BM90529H \/ BM <\/p>\n<p> Approbation de type: 1AB792, 1AB735, 1AB961 <\/p>\n<p> R\u00e9f\u00e9rences crois\u00e9es OE: <br \/>\n1229760\/1229761 \/ 1J0253058DV \/ 1J0253058DX \/ 1J0253058KV \/ 1J0253058KX \/ 1J0253058TX \/ 1J0253058X \/ 1J0253208BD \/ 1J0253208FG \/ 1J025358DX \/ 1J025358KX \/ 1J0254400QX \/ 1J0254502QX \/ 1J0254502RV \/ 1J0254502RX \/ 1J0258058TX \/ 1J053058X \/ 1J1253058DX \/ 1J1253058EV \/ 1J1253058EX \/ 1J1253058TV \/ 1J1253058TX \/ 1J1253208SX \/ 1J125358DX \/ 1J125358TX \/ 1J1259058DX \/ 1J2253058AX \/ 1J2253058BX \/ 1J2253058X &#8211; * Liste non critique exhaustive <\/p>\n<p> Description: <br \/>\n8v (AKL; AEH; APF; BFQ; moteurs AVU) <\/p>\n<p> Pour installer_avec: <br \/>\nCette pi\u00e8ce dispose du kit de montage suivant: FK90529 <\/p>\n<p> Approbation: type approuv\u00e9 <\/p>\n<p> Avertissements: <\/p>\n","protected":false},"excerpt":{"rendered":"<p>Catalyseurs pour AUDI A3 1.6i 8v (AKL; AEH; APF; BFQ; AVU engines) 9\/96-6\/03 (f\/p &amp; cat)<\/p>\n","protected":false},"featured_media":33347,"comment_status":"closed","ping_status":"closed","template":"","meta":[],"product_cat":[3396],"product_tag":[5450,5839,6458,6455],"class_list":{"0":"post-48706","1":"product","2":"type-product","3":"status-publish","4":"has-post-thumbnail","6":"product_cat-catalyseurs","7":"product_tag-1-6-fr","8":"product_tag-a3-fr","9":"product_tag-audi-fr","10":"product_tag-essence","11":"product_shipping_class-paket-gr-1-meter","12":"product_shipping_class-grossereinmeter-fr","13":"pa_hubraum-1-6-fr","14":"pa_marke-audi-fr","15":"pa_modell-a3-fr-2","16":"pa_treibstoff-essence","17":"pa_warengruppe-katalysatoren-fr","19":"first","20":"instock","21":"taxable","22":"shipping-taxable","23":"purchasable","24":"product-type-simple"},"yoast_head":"<!-- This site is optimized with the Yoast SEO plugin v22.9 - https:\/\/yoast.com\/wordpress\/plugins\/seo\/ -->\n<title>Catalyseurs pour AUDI A3 1.6 - 87027-55 - Catalyseurs UNI-FIT<\/title>\n<meta name=\"robots\" content=\"index, follow, max-snippet:-1, max-image-preview:large, max-video-preview:-1\" \/>\n<link rel=\"canonical\" href=\"https:\/\/uni-fit.ch\/fr\/shop\/catalyseurs-pour-audi-a3-1-6-87027-55\" \/>\n<meta property=\"og:locale\" content=\"fr_FR\" \/>\n<meta property=\"og:type\" content=\"article\" \/>\n<meta property=\"og:title\" content=\"Catalyseurs pour AUDI A3 1.6 - 87027-55 - Catalyseurs UNI-FIT\" \/>\n<meta property=\"og:description\" content=\"Catalyseurs pour AUDI A3 1.6i 8v (AKL; AEH; APF; BFQ; AVU engines) 9\/96-6\/03 (f\/p &amp; cat)\" \/>\n<meta property=\"og:url\" content=\"https:\/\/uni-fit.ch\/fr\/shop\/catalyseurs-pour-audi-a3-1-6-87027-55\" \/>\n<meta property=\"og:site_name\" content=\"Catalyseurs UNI-FIT\" \/>\n<meta property=\"article:modified_time\" content=\"2020-01-17T13:37:30+00:00\" \/>\n<meta property=\"og:image\" content=\"https:\/\/uni-fit.ch\/wp-content\/uploads\/90529.jpg\" \/>\n\t<meta property=\"og:image:width\" content=\"718\" \/>\n\t<meta property=\"og:image:height\" content=\"718\" \/>\n\t<meta property=\"og:image:type\" content=\"image\/jpeg\" \/>\n<meta name=\"twitter:card\" content=\"summary_large_image\" \/>\n<meta name=\"twitter:label1\" content=\"Dur\u00e9e de lecture estim\u00e9e\" \/>\n\t<meta name=\"twitter:data1\" content=\"1 minute\" \/>\n<script type=\"application\/ld+json\" class=\"yoast-schema-graph\">{\"@context\":\"https:\/\/schema.org\",\"@graph\":[{\"@type\":\"WebPage\",\"@id\":\"https:\/\/uni-fit.ch\/fr\/shop\/catalyseurs-pour-audi-a3-1-6-87027-55\",\"url\":\"https:\/\/uni-fit.ch\/fr\/shop\/catalyseurs-pour-audi-a3-1-6-87027-55\",\"name\":\"Catalyseurs pour AUDI A3 1.6 - 87027-55 - Catalyseurs UNI-FIT\",\"isPartOf\":{\"@id\":\"https:\/\/uni-fit.ch\/it\/#website\"},\"primaryImageOfPage\":{\"@id\":\"https:\/\/uni-fit.ch\/fr\/shop\/catalyseurs-pour-audi-a3-1-6-87027-55#primaryimage\"},\"image\":{\"@id\":\"https:\/\/uni-fit.ch\/fr\/shop\/catalyseurs-pour-audi-a3-1-6-87027-55#primaryimage\"},\"thumbnailUrl\":\"https:\/\/uni-fit.ch\/wp-content\/uploads\/90529.jpg\",\"datePublished\":\"2019-07-01T01:48:48+00:00\",\"dateModified\":\"2020-01-17T13:37:30+00:00\",\"breadcrumb\":{\"@id\":\"https:\/\/uni-fit.ch\/fr\/shop\/catalyseurs-pour-audi-a3-1-6-87027-55#breadcrumb\"},\"inLanguage\":\"fr-FR\",\"potentialAction\":[{\"@type\":\"ReadAction\",\"target\":[\"https:\/\/uni-fit.ch\/fr\/shop\/catalyseurs-pour-audi-a3-1-6-87027-55\"]}]},{\"@type\":\"ImageObject\",\"inLanguage\":\"fr-FR\",\"@id\":\"https:\/\/uni-fit.ch\/fr\/shop\/catalyseurs-pour-audi-a3-1-6-87027-55#primaryimage\",\"url\":\"https:\/\/uni-fit.ch\/wp-content\/uploads\/90529.jpg\",\"contentUrl\":\"https:\/\/uni-fit.ch\/wp-content\/uploads\/90529.jpg\",\"width\":718,\"height\":718},{\"@type\":\"BreadcrumbList\",\"@id\":\"https:\/\/uni-fit.ch\/fr\/shop\/catalyseurs-pour-audi-a3-1-6-87027-55#breadcrumb\",\"itemListElement\":[{\"@type\":\"ListItem\",\"position\":1,\"name\":\"Startseite\",\"item\":\"https:\/\/uni-fit.ch\/fr\"},{\"@type\":\"ListItem\",\"position\":2,\"name\":\"Shop\",\"item\":\"https:\/\/uni-fit.ch\/shop\"},{\"@type\":\"ListItem\",\"position\":3,\"name\":\"Catalyseurs pour AUDI A3 1.6 &#8211; 87027-55\"}]},{\"@type\":\"WebSite\",\"@id\":\"https:\/\/uni-fit.ch\/it\/#website\",\"url\":\"https:\/\/uni-fit.ch\/it\/\",\"name\":\"Catalyseurs UNI-FIT\",\"description\":\"Catalyseur et filtre \u00e0 particules pour voitures et camionnettes\",\"publisher\":{\"@id\":\"https:\/\/uni-fit.ch\/it\/#organization\"},\"potentialAction\":[{\"@type\":\"SearchAction\",\"target\":{\"@type\":\"EntryPoint\",\"urlTemplate\":\"https:\/\/uni-fit.ch\/it\/?s={search_term_string}\"},\"query-input\":\"required name=search_term_string\"}],\"inLanguage\":\"fr-FR\"},{\"@type\":\"Organization\",\"@id\":\"https:\/\/uni-fit.ch\/it\/#organization\",\"name\":\"UNI-FIT Katalysatoren GmbH\",\"url\":\"https:\/\/uni-fit.ch\/it\/\",\"logo\":{\"@type\":\"ImageObject\",\"inLanguage\":\"fr-FR\",\"@id\":\"https:\/\/uni-fit.ch\/it\/#\/schema\/logo\/image\/\",\"url\":\"https:\/\/uni-fit.ch\/wp-content\/uploads\/unifit-katalysatoren-email-logo.png\",\"contentUrl\":\"https:\/\/uni-fit.ch\/wp-content\/uploads\/unifit-katalysatoren-email-logo.png\",\"width\":600,\"height\":286,\"caption\":\"UNI-FIT Katalysatoren GmbH\"},\"image\":{\"@id\":\"https:\/\/uni-fit.ch\/it\/#\/schema\/logo\/image\/\"}}]}<\/script>\n<!-- \/ Yoast SEO plugin. -->","yoast_head_json":{"title":"Catalyseurs pour AUDI A3 1.6 - 87027-55 - Catalyseurs UNI-FIT","robots":{"index":"index","follow":"follow","max-snippet":"max-snippet:-1","max-image-preview":"max-image-preview:large","max-video-preview":"max-video-preview:-1"},"canonical":"https:\/\/uni-fit.ch\/fr\/shop\/catalyseurs-pour-audi-a3-1-6-87027-55","og_locale":"fr_FR","og_type":"article","og_title":"Catalyseurs pour AUDI A3 1.6 - 87027-55 - Catalyseurs UNI-FIT","og_description":"Catalyseurs pour AUDI A3 1.6i 8v (AKL; AEH; APF; BFQ; AVU engines) 9\/96-6\/03 (f\/p &amp; cat)","og_url":"https:\/\/uni-fit.ch\/fr\/shop\/catalyseurs-pour-audi-a3-1-6-87027-55","og_site_name":"Catalyseurs UNI-FIT","article_modified_time":"2020-01-17T13:37:30+00:00","og_image":[{"width":718,"height":718,"url":"https:\/\/uni-fit.ch\/wp-content\/uploads\/90529.jpg","type":"image\/jpeg"}],"twitter_card":"summary_large_image","twitter_misc":{"Dur\u00e9e de lecture estim\u00e9e":"1 minute"},"schema":{"@context":"https:\/\/schema.org","@graph":[{"@type":"WebPage","@id":"https:\/\/uni-fit.ch\/fr\/shop\/catalyseurs-pour-audi-a3-1-6-87027-55","url":"https:\/\/uni-fit.ch\/fr\/shop\/catalyseurs-pour-audi-a3-1-6-87027-55","name":"Catalyseurs pour AUDI A3 1.6 - 87027-55 - Catalyseurs UNI-FIT","isPartOf":{"@id":"https:\/\/uni-fit.ch\/it\/#website"},"primaryImageOfPage":{"@id":"https:\/\/uni-fit.ch\/fr\/shop\/catalyseurs-pour-audi-a3-1-6-87027-55#primaryimage"},"image":{"@id":"https:\/\/uni-fit.ch\/fr\/shop\/catalyseurs-pour-audi-a3-1-6-87027-55#primaryimage"},"thumbnailUrl":"https:\/\/uni-fit.ch\/wp-content\/uploads\/90529.jpg","datePublished":"2019-07-01T01:48:48+00:00","dateModified":"2020-01-17T13:37:30+00:00","breadcrumb":{"@id":"https:\/\/uni-fit.ch\/fr\/shop\/catalyseurs-pour-audi-a3-1-6-87027-55#breadcrumb"},"inLanguage":"fr-FR","potentialAction":[{"@type":"ReadAction","target":["https:\/\/uni-fit.ch\/fr\/shop\/catalyseurs-pour-audi-a3-1-6-87027-55"]}]},{"@type":"ImageObject","inLanguage":"fr-FR","@id":"https:\/\/uni-fit.ch\/fr\/shop\/catalyseurs-pour-audi-a3-1-6-87027-55#primaryimage","url":"https:\/\/uni-fit.ch\/wp-content\/uploads\/90529.jpg","contentUrl":"https:\/\/uni-fit.ch\/wp-content\/uploads\/90529.jpg","width":718,"height":718},{"@type":"BreadcrumbList","@id":"https:\/\/uni-fit.ch\/fr\/shop\/catalyseurs-pour-audi-a3-1-6-87027-55#breadcrumb","itemListElement":[{"@type":"ListItem","position":1,"name":"Startseite","item":"https:\/\/uni-fit.ch\/fr"},{"@type":"ListItem","position":2,"name":"Shop","item":"https:\/\/uni-fit.ch\/shop"},{"@type":"ListItem","position":3,"name":"Catalyseurs pour AUDI A3 1.6 &#8211; 87027-55"}]},{"@type":"WebSite","@id":"https:\/\/uni-fit.ch\/it\/#website","url":"https:\/\/uni-fit.ch\/it\/","name":"Catalyseurs UNI-FIT","description":"Catalyseur et filtre \u00e0 particules pour voitures et camionnettes","publisher":{"@id":"https:\/\/uni-fit.ch\/it\/#organization"},"potentialAction":[{"@type":"SearchAction","target":{"@type":"EntryPoint","urlTemplate":"https:\/\/uni-fit.ch\/it\/?s={search_term_string}"},"query-input":"required name=search_term_string"}],"inLanguage":"fr-FR"},{"@type":"Organization","@id":"https:\/\/uni-fit.ch\/it\/#organization","name":"UNI-FIT Katalysatoren GmbH","url":"https:\/\/uni-fit.ch\/it\/","logo":{"@type":"ImageObject","inLanguage":"fr-FR","@id":"https:\/\/uni-fit.ch\/it\/#\/schema\/logo\/image\/","url":"https:\/\/uni-fit.ch\/wp-content\/uploads\/unifit-katalysatoren-email-logo.png","contentUrl":"https:\/\/uni-fit.ch\/wp-content\/uploads\/unifit-katalysatoren-email-logo.png","width":600,"height":286,"caption":"UNI-FIT Katalysatoren GmbH"},"image":{"@id":"https:\/\/uni-fit.ch\/it\/#\/schema\/logo\/image\/"}}]}},"_links":{"self":[{"href":"https:\/\/uni-fit.ch\/fr\/wp-json\/wp\/v2\/product\/48706","targetHints":{"allow":["GET"]}}],"collection":[{"href":"https:\/\/uni-fit.ch\/fr\/wp-json\/wp\/v2\/product"}],"about":[{"href":"https:\/\/uni-fit.ch\/fr\/wp-json\/wp\/v2\/types\/product"}],"replies":[{"embeddable":true,"href":"https:\/\/uni-fit.ch\/fr\/wp-json\/wp\/v2\/comments?post=48706"}],"wp:featuredmedia":[{"embeddable":true,"href":"https:\/\/uni-fit.ch\/fr\/wp-json\/wp\/v2\/media\/33347"}],"wp:attachment":[{"href":"https:\/\/uni-fit.ch\/fr\/wp-json\/wp\/v2\/media?parent=48706"}],"wp:term":[{"taxonomy":"product_cat","embeddable":true,"href":"https:\/\/uni-fit.ch\/fr\/wp-json\/wp\/v2\/product_cat?post=48706"},{"taxonomy":"product_tag","embeddable":true,"href":"https:\/\/uni-fit.ch\/fr\/wp-json\/wp\/v2\/product_tag?post=48706"}],"curies":[{"name":"wp","href":"https:\/\/api.w.org\/{rel}","templated":true}]}}