{"id":48924,"date":"2019-07-01T02:52:17","date_gmt":"2019-07-01T00:52:17","guid":{"rendered":"https:\/\/uni-fit.ch\/shop\/catalyseurs-pour-audi-a4-3-0-80382-55-3"},"modified":"2019-08-20T12:48:16","modified_gmt":"2019-08-20T10:48:16","slug":"catalyseurs-pour-audi-a4-3-0-80382-55-3","status":"publish","type":"product","link":"https:\/\/uni-fit.ch\/fr\/shop\/catalyseurs-pour-audi-a4-3-0-80382-55-3","title":{"rendered":"Catalyseurs pour AUDI A4 3.0 &#8211; 80382-55"},"content":{"rendered":"<p> Catalyseurs est adapt\u00e9 pour: AUDI A4 3.0i V6 Quattro Car Berline (ASN eng) 1 \/ 01-12 \/ 04 (c\u00f4t\u00e9 droit) Essence <\/p>\n<p> Cat\u00e9gorie: Catalyseurs <br \/>\nFabricant: BM Catalyseurs <br \/>\nInformations additionnelles: Catalyseurs d&#8217;essence autoris\u00e9s <\/p>\n<p> Article sur UniFit: 80382-55 <br \/>\nNum\u00e9ro de r\u00e9f\u00e9rence BMC: Catalyseurs BM91507H \/ BM <\/p>\n<p> Approbation de type: 1AB989 <\/p>\n<p> R\u00e9f\u00e9rences crois\u00e9es OE: <br \/>\n8E0254550RX \/ 8E0254554LX &#8211; * Liste non critique exhaustive <\/p>\n<p> Description: <br \/>\nBerline V6 Quattro (ASN eng) c\u00f4t\u00e9 droit <\/p>\n<p> Pour installer_avec: <br \/>\nCette pi\u00e8ce dispose du kit de montage suivant: FK91507 <\/p>\n<p> Approbation: type approuv\u00e9 <\/p>\n<p> Avertissements: <\/p>\n","protected":false},"excerpt":{"rendered":"<p>Catalyseurs pour AUDI A4 3.0i V6 Quattro Auto Saloon (ASN eng) 1\/01-12\/04 (right side)<\/p>\n","protected":false},"featured_media":34401,"comment_status":"closed","ping_status":"closed","template":"","meta":[],"product_cat":[3396],"product_tag":[6580,6059,6458,6455],"class_list":{"0":"post-48924","1":"product","2":"type-product","3":"status-publish","4":"has-post-thumbnail","6":"product_cat-catalyseurs","7":"product_tag-3-0-fr","8":"product_tag-a4-fr","9":"product_tag-audi-fr","10":"product_tag-essence","11":"product_shipping_class-grossereinmeter-fr","12":"pa_hubraum-3-0-fr","13":"pa_marke-audi-fr","14":"pa_modell-a4-fr-2","15":"pa_treibstoff-essence","16":"pa_warengruppe-katalysatoren-fr","18":"first","19":"instock","20":"taxable","21":"shipping-taxable","22":"purchasable","23":"product-type-simple"},"yoast_head":"<!-- This site is optimized with the Yoast SEO plugin v22.9 - https:\/\/yoast.com\/wordpress\/plugins\/seo\/ -->\n<title>Catalyseurs pour AUDI A4 3.0 - 80382-55 - Catalyseurs UNI-FIT<\/title>\n<meta name=\"robots\" content=\"index, follow, max-snippet:-1, max-image-preview:large, max-video-preview:-1\" \/>\n<link rel=\"canonical\" href=\"https:\/\/uni-fit.ch\/shop\/katalysatoren-fuer-audi-a4-3-0-80382-55-3\" \/>\n<meta property=\"og:locale\" content=\"fr_FR\" \/>\n<meta property=\"og:type\" content=\"article\" \/>\n<meta property=\"og:title\" content=\"Catalyseurs pour AUDI A4 3.0 - 80382-55 - Catalyseurs UNI-FIT\" \/>\n<meta property=\"og:description\" content=\"Catalyseurs pour AUDI A4 3.0i V6 Quattro Auto Saloon (ASN eng) 1\/01-12\/04 (right side)\" \/>\n<meta property=\"og:url\" content=\"https:\/\/uni-fit.ch\/shop\/katalysatoren-fuer-audi-a4-3-0-80382-55-3\" \/>\n<meta property=\"og:site_name\" content=\"Catalyseurs UNI-FIT\" \/>\n<meta property=\"article:modified_time\" content=\"2019-08-20T10:48:16+00:00\" \/>\n<meta property=\"og:image\" content=\"https:\/\/uni-fit.ch\/wp-content\/uploads\/91507.jpg\" \/>\n\t<meta property=\"og:image:width\" content=\"718\" \/>\n\t<meta property=\"og:image:height\" content=\"718\" \/>\n\t<meta property=\"og:image:type\" content=\"image\/jpeg\" \/>\n<meta name=\"twitter:card\" content=\"summary_large_image\" \/>\n<script type=\"application\/ld+json\" class=\"yoast-schema-graph\">{\"@context\":\"https:\/\/schema.org\",\"@graph\":[{\"@type\":\"WebPage\",\"@id\":\"https:\/\/uni-fit.ch\/shop\/katalysatoren-fuer-audi-a4-3-0-80382-55-3\",\"url\":\"https:\/\/uni-fit.ch\/shop\/katalysatoren-fuer-audi-a4-3-0-80382-55-3\",\"name\":\"Catalyseurs pour AUDI A4 3.0 - 80382-55 - Catalyseurs UNI-FIT\",\"isPartOf\":{\"@id\":\"https:\/\/uni-fit.ch\/it\/#website\"},\"primaryImageOfPage\":{\"@id\":\"https:\/\/uni-fit.ch\/shop\/katalysatoren-fuer-audi-a4-3-0-80382-55-3#primaryimage\"},\"image\":{\"@id\":\"https:\/\/uni-fit.ch\/shop\/katalysatoren-fuer-audi-a4-3-0-80382-55-3#primaryimage\"},\"thumbnailUrl\":\"https:\/\/uni-fit.ch\/wp-content\/uploads\/91507.jpg\",\"datePublished\":\"2019-07-01T00:52:17+00:00\",\"dateModified\":\"2019-08-20T10:48:16+00:00\",\"breadcrumb\":{\"@id\":\"https:\/\/uni-fit.ch\/shop\/katalysatoren-fuer-audi-a4-3-0-80382-55-3#breadcrumb\"},\"inLanguage\":\"fr-FR\",\"potentialAction\":[{\"@type\":\"ReadAction\",\"target\":[\"https:\/\/uni-fit.ch\/shop\/katalysatoren-fuer-audi-a4-3-0-80382-55-3\"]}]},{\"@type\":\"ImageObject\",\"inLanguage\":\"fr-FR\",\"@id\":\"https:\/\/uni-fit.ch\/shop\/katalysatoren-fuer-audi-a4-3-0-80382-55-3#primaryimage\",\"url\":\"https:\/\/uni-fit.ch\/wp-content\/uploads\/91507.jpg\",\"contentUrl\":\"https:\/\/uni-fit.ch\/wp-content\/uploads\/91507.jpg\",\"width\":718,\"height\":718},{\"@type\":\"BreadcrumbList\",\"@id\":\"https:\/\/uni-fit.ch\/shop\/katalysatoren-fuer-audi-a4-3-0-80382-55-3#breadcrumb\",\"itemListElement\":[{\"@type\":\"ListItem\",\"position\":1,\"name\":\"Startseite\",\"item\":\"https:\/\/uni-fit.ch\/fr\"},{\"@type\":\"ListItem\",\"position\":2,\"name\":\"Shop\",\"item\":\"https:\/\/uni-fit.ch\/shop\"},{\"@type\":\"ListItem\",\"position\":3,\"name\":\"Catalyseurs pour AUDI A4 3.0 &#8211; 80382-55\"}]},{\"@type\":\"WebSite\",\"@id\":\"https:\/\/uni-fit.ch\/it\/#website\",\"url\":\"https:\/\/uni-fit.ch\/it\/\",\"name\":\"Catalyseurs UNI-FIT\",\"description\":\"Catalyseur et filtre \u00e0 particules pour voitures et camionnettes\",\"publisher\":{\"@id\":\"https:\/\/uni-fit.ch\/it\/#organization\"},\"potentialAction\":[{\"@type\":\"SearchAction\",\"target\":{\"@type\":\"EntryPoint\",\"urlTemplate\":\"https:\/\/uni-fit.ch\/it\/?s={search_term_string}\"},\"query-input\":\"required name=search_term_string\"}],\"inLanguage\":\"fr-FR\"},{\"@type\":\"Organization\",\"@id\":\"https:\/\/uni-fit.ch\/it\/#organization\",\"name\":\"UNI-FIT Katalysatoren GmbH\",\"url\":\"https:\/\/uni-fit.ch\/it\/\",\"logo\":{\"@type\":\"ImageObject\",\"inLanguage\":\"fr-FR\",\"@id\":\"https:\/\/uni-fit.ch\/it\/#\/schema\/logo\/image\/\",\"url\":\"https:\/\/uni-fit.ch\/wp-content\/uploads\/unifit-katalysatoren-email-logo.png\",\"contentUrl\":\"https:\/\/uni-fit.ch\/wp-content\/uploads\/unifit-katalysatoren-email-logo.png\",\"width\":600,\"height\":286,\"caption\":\"UNI-FIT Katalysatoren GmbH\"},\"image\":{\"@id\":\"https:\/\/uni-fit.ch\/it\/#\/schema\/logo\/image\/\"}}]}<\/script>\n<!-- \/ Yoast SEO plugin. -->","yoast_head_json":{"title":"Catalyseurs pour AUDI A4 3.0 - 80382-55 - Catalyseurs UNI-FIT","robots":{"index":"index","follow":"follow","max-snippet":"max-snippet:-1","max-image-preview":"max-image-preview:large","max-video-preview":"max-video-preview:-1"},"canonical":"https:\/\/uni-fit.ch\/shop\/katalysatoren-fuer-audi-a4-3-0-80382-55-3","og_locale":"fr_FR","og_type":"article","og_title":"Catalyseurs pour AUDI A4 3.0 - 80382-55 - Catalyseurs UNI-FIT","og_description":"Catalyseurs pour AUDI A4 3.0i V6 Quattro Auto Saloon (ASN eng) 1\/01-12\/04 (right side)","og_url":"https:\/\/uni-fit.ch\/shop\/katalysatoren-fuer-audi-a4-3-0-80382-55-3","og_site_name":"Catalyseurs UNI-FIT","article_modified_time":"2019-08-20T10:48:16+00:00","og_image":[{"width":718,"height":718,"url":"https:\/\/uni-fit.ch\/wp-content\/uploads\/91507.jpg","type":"image\/jpeg"}],"twitter_card":"summary_large_image","schema":{"@context":"https:\/\/schema.org","@graph":[{"@type":"WebPage","@id":"https:\/\/uni-fit.ch\/shop\/katalysatoren-fuer-audi-a4-3-0-80382-55-3","url":"https:\/\/uni-fit.ch\/shop\/katalysatoren-fuer-audi-a4-3-0-80382-55-3","name":"Catalyseurs pour AUDI A4 3.0 - 80382-55 - Catalyseurs UNI-FIT","isPartOf":{"@id":"https:\/\/uni-fit.ch\/it\/#website"},"primaryImageOfPage":{"@id":"https:\/\/uni-fit.ch\/shop\/katalysatoren-fuer-audi-a4-3-0-80382-55-3#primaryimage"},"image":{"@id":"https:\/\/uni-fit.ch\/shop\/katalysatoren-fuer-audi-a4-3-0-80382-55-3#primaryimage"},"thumbnailUrl":"https:\/\/uni-fit.ch\/wp-content\/uploads\/91507.jpg","datePublished":"2019-07-01T00:52:17+00:00","dateModified":"2019-08-20T10:48:16+00:00","breadcrumb":{"@id":"https:\/\/uni-fit.ch\/shop\/katalysatoren-fuer-audi-a4-3-0-80382-55-3#breadcrumb"},"inLanguage":"fr-FR","potentialAction":[{"@type":"ReadAction","target":["https:\/\/uni-fit.ch\/shop\/katalysatoren-fuer-audi-a4-3-0-80382-55-3"]}]},{"@type":"ImageObject","inLanguage":"fr-FR","@id":"https:\/\/uni-fit.ch\/shop\/katalysatoren-fuer-audi-a4-3-0-80382-55-3#primaryimage","url":"https:\/\/uni-fit.ch\/wp-content\/uploads\/91507.jpg","contentUrl":"https:\/\/uni-fit.ch\/wp-content\/uploads\/91507.jpg","width":718,"height":718},{"@type":"BreadcrumbList","@id":"https:\/\/uni-fit.ch\/shop\/katalysatoren-fuer-audi-a4-3-0-80382-55-3#breadcrumb","itemListElement":[{"@type":"ListItem","position":1,"name":"Startseite","item":"https:\/\/uni-fit.ch\/fr"},{"@type":"ListItem","position":2,"name":"Shop","item":"https:\/\/uni-fit.ch\/shop"},{"@type":"ListItem","position":3,"name":"Catalyseurs pour AUDI A4 3.0 &#8211; 80382-55"}]},{"@type":"WebSite","@id":"https:\/\/uni-fit.ch\/it\/#website","url":"https:\/\/uni-fit.ch\/it\/","name":"Catalyseurs UNI-FIT","description":"Catalyseur et filtre \u00e0 particules pour voitures et camionnettes","publisher":{"@id":"https:\/\/uni-fit.ch\/it\/#organization"},"potentialAction":[{"@type":"SearchAction","target":{"@type":"EntryPoint","urlTemplate":"https:\/\/uni-fit.ch\/it\/?s={search_term_string}"},"query-input":"required name=search_term_string"}],"inLanguage":"fr-FR"},{"@type":"Organization","@id":"https:\/\/uni-fit.ch\/it\/#organization","name":"UNI-FIT Katalysatoren GmbH","url":"https:\/\/uni-fit.ch\/it\/","logo":{"@type":"ImageObject","inLanguage":"fr-FR","@id":"https:\/\/uni-fit.ch\/it\/#\/schema\/logo\/image\/","url":"https:\/\/uni-fit.ch\/wp-content\/uploads\/unifit-katalysatoren-email-logo.png","contentUrl":"https:\/\/uni-fit.ch\/wp-content\/uploads\/unifit-katalysatoren-email-logo.png","width":600,"height":286,"caption":"UNI-FIT Katalysatoren GmbH"},"image":{"@id":"https:\/\/uni-fit.ch\/it\/#\/schema\/logo\/image\/"}}]}},"_links":{"self":[{"href":"https:\/\/uni-fit.ch\/fr\/wp-json\/wp\/v2\/product\/48924","targetHints":{"allow":["GET"]}}],"collection":[{"href":"https:\/\/uni-fit.ch\/fr\/wp-json\/wp\/v2\/product"}],"about":[{"href":"https:\/\/uni-fit.ch\/fr\/wp-json\/wp\/v2\/types\/product"}],"replies":[{"embeddable":true,"href":"https:\/\/uni-fit.ch\/fr\/wp-json\/wp\/v2\/comments?post=48924"}],"wp:featuredmedia":[{"embeddable":true,"href":"https:\/\/uni-fit.ch\/fr\/wp-json\/wp\/v2\/media\/34401"}],"wp:attachment":[{"href":"https:\/\/uni-fit.ch\/fr\/wp-json\/wp\/v2\/media?parent=48924"}],"wp:term":[{"taxonomy":"product_cat","embeddable":true,"href":"https:\/\/uni-fit.ch\/fr\/wp-json\/wp\/v2\/product_cat?post=48924"},{"taxonomy":"product_tag","embeddable":true,"href":"https:\/\/uni-fit.ch\/fr\/wp-json\/wp\/v2\/product_tag?post=48924"}],"curies":[{"name":"wp","href":"https:\/\/api.w.org\/{rel}","templated":true}]}}