{"id":50405,"date":"2019-07-01T03:39:56","date_gmt":"2019-07-01T01:39:56","guid":{"rendered":"https:\/\/uni-fit.ch\/shop\/catalyseur-pour-dacia-logan-1-5-86301d-55-2"},"modified":"2019-09-07T13:39:24","modified_gmt":"2019-09-07T11:39:24","slug":"catalyseur-pour-dacia-logan-1-5-86301d-55-2","status":"publish","type":"product","link":"https:\/\/uni-fit.ch\/fr\/shop\/catalyseur-pour-dacia-logan-1-5-86301d-55-2","title":{"rendered":"Catalyseur pour DACIA LOGAN 1.5 &#8211; 86301D-55"},"content":{"rendered":"<p> Catalyseurs convient pour: DACIA LOGAN 1.5dCi (moteur K9K) 1 \/ 06- Diesel <\/p>\n<p> Cat\u00e9gorie: Catalyseurs <br \/>\nFabricant: BM Catalyseurs <br \/>\nInformations compl\u00e9mentaires: catalyseurs diesel approuv\u00e9s <\/p>\n<p> Num\u00e9ro d&#8217;article UniFit: 86301D-55 <br \/>\nNum\u00e9ro de r\u00e9f\u00e9rence BMC: Catalyseurs BM80357H \/ BM <\/p>\n<p> Approbation de type: Approbation de type <\/p>\n<p> R\u00e9f\u00e9rences crois\u00e9es OE: <br \/>\n1657600QAE \/ 1657600QAF \/ 2090000Q0F \/ 8200397416\/8200427859\/8200487390\/8200641831 &#8211; * Liste non critique exhaustive <\/p>\n<p> Description: <br \/>\nDCi (moteur K9K) <\/p>\n<p> Pour installer_avec: <br \/>\nCette pi\u00e8ce dispose du kit de montage suivant: FK80357 <\/p>\n<p> Approbation: type approuv\u00e9 <\/p>\n<p> Avertissements: <\/p>\n","protected":false},"excerpt":{"rendered":"<p>Catalyseur pour DACIA LOGAN 1.5dCi (K9K engine) 1\/06-<\/p>\n","protected":false},"featured_media":32659,"comment_status":"closed","ping_status":"open","template":"","meta":[],"product_cat":[3396],"product_tag":[5448,6163,6191,7479],"class_list":{"0":"post-50405","1":"product","2":"type-product","3":"status-publish","4":"has-post-thumbnail","6":"product_cat-catalyseurs","7":"product_tag-1-5-fr","8":"product_tag-dacia-fr","9":"product_tag-diesel-fr","10":"product_tag-logan-fr","11":"product_shipping_class-paket-kl-1-meter","12":"pa_hubraum-1-5-fr","13":"pa_marke-dacia-fr-2","14":"pa_modell-logan-fr","15":"pa_treibstoff-diesel-fr","16":"pa_warengruppe-katalysatoren-fr","18":"first","19":"instock","20":"taxable","21":"shipping-taxable","22":"purchasable","23":"product-type-simple"},"yoast_head":"<!-- This site is optimized with the Yoast SEO plugin v22.9 - https:\/\/yoast.com\/wordpress\/plugins\/seo\/ -->\n<title>Catalyseur pour DACIA LOGAN 1.5 - 86301D-55 - Catalyseurs UNI-FIT<\/title>\n<meta name=\"robots\" content=\"index, follow, max-snippet:-1, max-image-preview:large, max-video-preview:-1\" \/>\n<link rel=\"canonical\" href=\"https:\/\/uni-fit.ch\/fr\/shop\/catalyseur-pour-dacia-logan-1-5-86301d-55-2\" \/>\n<meta property=\"og:locale\" content=\"fr_FR\" \/>\n<meta property=\"og:type\" content=\"article\" \/>\n<meta property=\"og:title\" content=\"Catalyseur pour DACIA LOGAN 1.5 - 86301D-55 - Catalyseurs UNI-FIT\" \/>\n<meta property=\"og:description\" content=\"Catalyseur pour DACIA LOGAN 1.5dCi (K9K engine) 1\/06-\" \/>\n<meta property=\"og:url\" content=\"https:\/\/uni-fit.ch\/fr\/shop\/catalyseur-pour-dacia-logan-1-5-86301d-55-2\" \/>\n<meta property=\"og:site_name\" content=\"Catalyseurs UNI-FIT\" \/>\n<meta property=\"article:modified_time\" content=\"2019-09-07T11:39:24+00:00\" \/>\n<meta property=\"og:image\" content=\"https:\/\/uni-fit.ch\/wp-content\/uploads\/80357.jpg\" \/>\n\t<meta property=\"og:image:width\" content=\"718\" \/>\n\t<meta property=\"og:image:height\" content=\"718\" \/>\n\t<meta property=\"og:image:type\" content=\"image\/jpeg\" \/>\n<meta name=\"twitter:card\" content=\"summary_large_image\" \/>\n<script type=\"application\/ld+json\" class=\"yoast-schema-graph\">{\"@context\":\"https:\/\/schema.org\",\"@graph\":[{\"@type\":\"WebPage\",\"@id\":\"https:\/\/uni-fit.ch\/fr\/shop\/catalyseur-pour-dacia-logan-1-5-86301d-55-2\",\"url\":\"https:\/\/uni-fit.ch\/fr\/shop\/catalyseur-pour-dacia-logan-1-5-86301d-55-2\",\"name\":\"Catalyseur pour DACIA LOGAN 1.5 - 86301D-55 - Catalyseurs UNI-FIT\",\"isPartOf\":{\"@id\":\"https:\/\/uni-fit.ch\/it\/#website\"},\"primaryImageOfPage\":{\"@id\":\"https:\/\/uni-fit.ch\/fr\/shop\/catalyseur-pour-dacia-logan-1-5-86301d-55-2#primaryimage\"},\"image\":{\"@id\":\"https:\/\/uni-fit.ch\/fr\/shop\/catalyseur-pour-dacia-logan-1-5-86301d-55-2#primaryimage\"},\"thumbnailUrl\":\"https:\/\/uni-fit.ch\/wp-content\/uploads\/80357.jpg\",\"datePublished\":\"2019-07-01T01:39:56+00:00\",\"dateModified\":\"2019-09-07T11:39:24+00:00\",\"breadcrumb\":{\"@id\":\"https:\/\/uni-fit.ch\/fr\/shop\/catalyseur-pour-dacia-logan-1-5-86301d-55-2#breadcrumb\"},\"inLanguage\":\"fr-FR\",\"potentialAction\":[{\"@type\":\"ReadAction\",\"target\":[\"https:\/\/uni-fit.ch\/fr\/shop\/catalyseur-pour-dacia-logan-1-5-86301d-55-2\"]}]},{\"@type\":\"ImageObject\",\"inLanguage\":\"fr-FR\",\"@id\":\"https:\/\/uni-fit.ch\/fr\/shop\/catalyseur-pour-dacia-logan-1-5-86301d-55-2#primaryimage\",\"url\":\"https:\/\/uni-fit.ch\/wp-content\/uploads\/80357.jpg\",\"contentUrl\":\"https:\/\/uni-fit.ch\/wp-content\/uploads\/80357.jpg\",\"width\":718,\"height\":718},{\"@type\":\"BreadcrumbList\",\"@id\":\"https:\/\/uni-fit.ch\/fr\/shop\/catalyseur-pour-dacia-logan-1-5-86301d-55-2#breadcrumb\",\"itemListElement\":[{\"@type\":\"ListItem\",\"position\":1,\"name\":\"Startseite\",\"item\":\"https:\/\/uni-fit.ch\/fr\"},{\"@type\":\"ListItem\",\"position\":2,\"name\":\"Shop\",\"item\":\"https:\/\/uni-fit.ch\/shop\"},{\"@type\":\"ListItem\",\"position\":3,\"name\":\"Catalyseur pour DACIA LOGAN 1.5 &#8211; 86301D-55\"}]},{\"@type\":\"WebSite\",\"@id\":\"https:\/\/uni-fit.ch\/it\/#website\",\"url\":\"https:\/\/uni-fit.ch\/it\/\",\"name\":\"Catalyseurs UNI-FIT\",\"description\":\"Catalyseur et filtre \u00e0 particules pour voitures et camionnettes\",\"publisher\":{\"@id\":\"https:\/\/uni-fit.ch\/it\/#organization\"},\"potentialAction\":[{\"@type\":\"SearchAction\",\"target\":{\"@type\":\"EntryPoint\",\"urlTemplate\":\"https:\/\/uni-fit.ch\/it\/?s={search_term_string}\"},\"query-input\":\"required name=search_term_string\"}],\"inLanguage\":\"fr-FR\"},{\"@type\":\"Organization\",\"@id\":\"https:\/\/uni-fit.ch\/it\/#organization\",\"name\":\"UNI-FIT Katalysatoren GmbH\",\"url\":\"https:\/\/uni-fit.ch\/it\/\",\"logo\":{\"@type\":\"ImageObject\",\"inLanguage\":\"fr-FR\",\"@id\":\"https:\/\/uni-fit.ch\/it\/#\/schema\/logo\/image\/\",\"url\":\"https:\/\/uni-fit.ch\/wp-content\/uploads\/unifit-katalysatoren-email-logo.png\",\"contentUrl\":\"https:\/\/uni-fit.ch\/wp-content\/uploads\/unifit-katalysatoren-email-logo.png\",\"width\":600,\"height\":286,\"caption\":\"UNI-FIT Katalysatoren GmbH\"},\"image\":{\"@id\":\"https:\/\/uni-fit.ch\/it\/#\/schema\/logo\/image\/\"}}]}<\/script>\n<!-- \/ Yoast SEO plugin. -->","yoast_head_json":{"title":"Catalyseur pour DACIA LOGAN 1.5 - 86301D-55 - Catalyseurs UNI-FIT","robots":{"index":"index","follow":"follow","max-snippet":"max-snippet:-1","max-image-preview":"max-image-preview:large","max-video-preview":"max-video-preview:-1"},"canonical":"https:\/\/uni-fit.ch\/fr\/shop\/catalyseur-pour-dacia-logan-1-5-86301d-55-2","og_locale":"fr_FR","og_type":"article","og_title":"Catalyseur pour DACIA LOGAN 1.5 - 86301D-55 - Catalyseurs UNI-FIT","og_description":"Catalyseur pour DACIA LOGAN 1.5dCi (K9K engine) 1\/06-","og_url":"https:\/\/uni-fit.ch\/fr\/shop\/catalyseur-pour-dacia-logan-1-5-86301d-55-2","og_site_name":"Catalyseurs UNI-FIT","article_modified_time":"2019-09-07T11:39:24+00:00","og_image":[{"width":718,"height":718,"url":"https:\/\/uni-fit.ch\/wp-content\/uploads\/80357.jpg","type":"image\/jpeg"}],"twitter_card":"summary_large_image","schema":{"@context":"https:\/\/schema.org","@graph":[{"@type":"WebPage","@id":"https:\/\/uni-fit.ch\/fr\/shop\/catalyseur-pour-dacia-logan-1-5-86301d-55-2","url":"https:\/\/uni-fit.ch\/fr\/shop\/catalyseur-pour-dacia-logan-1-5-86301d-55-2","name":"Catalyseur pour DACIA LOGAN 1.5 - 86301D-55 - Catalyseurs UNI-FIT","isPartOf":{"@id":"https:\/\/uni-fit.ch\/it\/#website"},"primaryImageOfPage":{"@id":"https:\/\/uni-fit.ch\/fr\/shop\/catalyseur-pour-dacia-logan-1-5-86301d-55-2#primaryimage"},"image":{"@id":"https:\/\/uni-fit.ch\/fr\/shop\/catalyseur-pour-dacia-logan-1-5-86301d-55-2#primaryimage"},"thumbnailUrl":"https:\/\/uni-fit.ch\/wp-content\/uploads\/80357.jpg","datePublished":"2019-07-01T01:39:56+00:00","dateModified":"2019-09-07T11:39:24+00:00","breadcrumb":{"@id":"https:\/\/uni-fit.ch\/fr\/shop\/catalyseur-pour-dacia-logan-1-5-86301d-55-2#breadcrumb"},"inLanguage":"fr-FR","potentialAction":[{"@type":"ReadAction","target":["https:\/\/uni-fit.ch\/fr\/shop\/catalyseur-pour-dacia-logan-1-5-86301d-55-2"]}]},{"@type":"ImageObject","inLanguage":"fr-FR","@id":"https:\/\/uni-fit.ch\/fr\/shop\/catalyseur-pour-dacia-logan-1-5-86301d-55-2#primaryimage","url":"https:\/\/uni-fit.ch\/wp-content\/uploads\/80357.jpg","contentUrl":"https:\/\/uni-fit.ch\/wp-content\/uploads\/80357.jpg","width":718,"height":718},{"@type":"BreadcrumbList","@id":"https:\/\/uni-fit.ch\/fr\/shop\/catalyseur-pour-dacia-logan-1-5-86301d-55-2#breadcrumb","itemListElement":[{"@type":"ListItem","position":1,"name":"Startseite","item":"https:\/\/uni-fit.ch\/fr"},{"@type":"ListItem","position":2,"name":"Shop","item":"https:\/\/uni-fit.ch\/shop"},{"@type":"ListItem","position":3,"name":"Catalyseur pour DACIA LOGAN 1.5 &#8211; 86301D-55"}]},{"@type":"WebSite","@id":"https:\/\/uni-fit.ch\/it\/#website","url":"https:\/\/uni-fit.ch\/it\/","name":"Catalyseurs UNI-FIT","description":"Catalyseur et filtre \u00e0 particules pour voitures et camionnettes","publisher":{"@id":"https:\/\/uni-fit.ch\/it\/#organization"},"potentialAction":[{"@type":"SearchAction","target":{"@type":"EntryPoint","urlTemplate":"https:\/\/uni-fit.ch\/it\/?s={search_term_string}"},"query-input":"required name=search_term_string"}],"inLanguage":"fr-FR"},{"@type":"Organization","@id":"https:\/\/uni-fit.ch\/it\/#organization","name":"UNI-FIT Katalysatoren GmbH","url":"https:\/\/uni-fit.ch\/it\/","logo":{"@type":"ImageObject","inLanguage":"fr-FR","@id":"https:\/\/uni-fit.ch\/it\/#\/schema\/logo\/image\/","url":"https:\/\/uni-fit.ch\/wp-content\/uploads\/unifit-katalysatoren-email-logo.png","contentUrl":"https:\/\/uni-fit.ch\/wp-content\/uploads\/unifit-katalysatoren-email-logo.png","width":600,"height":286,"caption":"UNI-FIT Katalysatoren GmbH"},"image":{"@id":"https:\/\/uni-fit.ch\/it\/#\/schema\/logo\/image\/"}}]}},"_links":{"self":[{"href":"https:\/\/uni-fit.ch\/fr\/wp-json\/wp\/v2\/product\/50405","targetHints":{"allow":["GET"]}}],"collection":[{"href":"https:\/\/uni-fit.ch\/fr\/wp-json\/wp\/v2\/product"}],"about":[{"href":"https:\/\/uni-fit.ch\/fr\/wp-json\/wp\/v2\/types\/product"}],"replies":[{"embeddable":true,"href":"https:\/\/uni-fit.ch\/fr\/wp-json\/wp\/v2\/comments?post=50405"}],"wp:featuredmedia":[{"embeddable":true,"href":"https:\/\/uni-fit.ch\/fr\/wp-json\/wp\/v2\/media\/32659"}],"wp:attachment":[{"href":"https:\/\/uni-fit.ch\/fr\/wp-json\/wp\/v2\/media?parent=50405"}],"wp:term":[{"taxonomy":"product_cat","embeddable":true,"href":"https:\/\/uni-fit.ch\/fr\/wp-json\/wp\/v2\/product_cat?post=50405"},{"taxonomy":"product_tag","embeddable":true,"href":"https:\/\/uni-fit.ch\/fr\/wp-json\/wp\/v2\/product_tag?post=50405"}],"curies":[{"name":"wp","href":"https:\/\/api.w.org\/{rel}","templated":true}]}}