{"id":52800,"date":"2019-07-01T03:04:31","date_gmt":"2019-07-01T01:04:31","guid":{"rendered":"https:\/\/uni-fit.ch\/shop\/catalyseurs-pour-mazda-3-2-0-81554-55"},"modified":"2019-10-03T12:53:34","modified_gmt":"2019-10-03T10:53:34","slug":"catalyseurs-pour-mazda-3-2-0-81554-55","status":"publish","type":"product","link":"https:\/\/uni-fit.ch\/fr\/shop\/catalyseurs-pour-mazda-3-2-0-81554-55","title":{"rendered":"Catalyseurs pour MAZDA 3 2.0 &#8211; 81554-55"},"content":{"rendered":"<p> Catalyseur est adapt\u00e9 pour: MAZDA 3 2.0i 16v (moteur LF17) 6 \/ 06-12 \/ 08 essence <\/p>\n<p> Cat\u00e9gorie: Catalyseurs <br \/>\nFabricant: BM Catalyseurs <br \/>\nInformations additionnelles: Catalyseurs d&#8217;essence autoris\u00e9s <\/p>\n<p> Num\u00e9ro d&#8217;article UniFit: 81554-55 <br \/>\nNum\u00e9ro de r\u00e9f\u00e9rence BMC: Catalyseurs BM91738H \/ BM <\/p>\n<p> Approbation de type: Approbation de type <\/p>\n<p> R\u00e9f\u00e9rences crois\u00e9es OE: <br \/>\nLFZ22050XC \/ LFZ22050XE &#8211; * Liste non exhaustive critique <\/p>\n<p> Description: <br \/>\n16v (moteur LF17) <\/p>\n<p> Pour installer_avec: <br \/>\nCette pi\u00e8ce dispose du kit de montage suivant: FK91738 <\/p>\n<p> Approbation: type approuv\u00e9 <\/p>\n<p> Avertissements: <\/p>\n","protected":false},"excerpt":{"rendered":"<p>Catalyseurs pour MAZDA 3 2.0i 16v (LF17 engine) 6\/06-12\/08 <\/p>\n","protected":false},"featured_media":34603,"comment_status":"closed","ping_status":"closed","template":"","meta":[],"product_cat":[3396],"product_tag":[6568,6455,6345],"class_list":{"0":"post-52800","1":"product","2":"type-product","3":"status-publish","4":"has-post-thumbnail","6":"product_cat-catalyseurs","7":"product_tag-2-0-fr","8":"product_tag-essence","9":"product_tag-mazda-fr","10":"product_shipping_class-paket-kl-1-meter","11":"pa_hubraum-2-0-fr","12":"pa_marke-mazda-fr-2","13":"pa_modell-3-fr","14":"pa_treibstoff-essence","15":"pa_warengruppe-katalysatoren-fr","17":"first","18":"instock","19":"taxable","20":"shipping-taxable","21":"purchasable","22":"product-type-simple"},"yoast_head":"<!-- This site is optimized with the Yoast SEO plugin v22.9 - https:\/\/yoast.com\/wordpress\/plugins\/seo\/ -->\n<title>Catalyseurs pour MAZDA 3 2.0 - 81554-55 - Catalyseurs UNI-FIT<\/title>\n<meta name=\"robots\" content=\"index, follow, max-snippet:-1, max-image-preview:large, max-video-preview:-1\" \/>\n<link rel=\"canonical\" href=\"https:\/\/uni-fit.ch\/fr\/shop\/catalyseurs-pour-mazda-3-2-0-81554-55\" \/>\n<meta property=\"og:locale\" content=\"fr_FR\" \/>\n<meta property=\"og:type\" content=\"article\" \/>\n<meta property=\"og:title\" content=\"Catalyseurs pour MAZDA 3 2.0 - 81554-55 - Catalyseurs UNI-FIT\" \/>\n<meta property=\"og:description\" content=\"Catalyseurs pour MAZDA 3 2.0i 16v (LF17 engine) 6\/06-12\/08\" \/>\n<meta property=\"og:url\" content=\"https:\/\/uni-fit.ch\/fr\/shop\/catalyseurs-pour-mazda-3-2-0-81554-55\" \/>\n<meta property=\"og:site_name\" content=\"Catalyseurs UNI-FIT\" \/>\n<meta property=\"article:modified_time\" content=\"2019-10-03T10:53:34+00:00\" \/>\n<meta property=\"og:image\" content=\"https:\/\/uni-fit.ch\/wp-content\/uploads\/91738.jpg\" \/>\n\t<meta property=\"og:image:width\" content=\"2244\" \/>\n\t<meta property=\"og:image:height\" content=\"2244\" \/>\n\t<meta property=\"og:image:type\" content=\"image\/jpeg\" \/>\n<meta name=\"twitter:card\" content=\"summary_large_image\" \/>\n<script type=\"application\/ld+json\" class=\"yoast-schema-graph\">{\"@context\":\"https:\/\/schema.org\",\"@graph\":[{\"@type\":\"WebPage\",\"@id\":\"https:\/\/uni-fit.ch\/fr\/shop\/catalyseurs-pour-mazda-3-2-0-81554-55\",\"url\":\"https:\/\/uni-fit.ch\/fr\/shop\/catalyseurs-pour-mazda-3-2-0-81554-55\",\"name\":\"Catalyseurs pour MAZDA 3 2.0 - 81554-55 - Catalyseurs UNI-FIT\",\"isPartOf\":{\"@id\":\"https:\/\/uni-fit.ch\/it\/#website\"},\"primaryImageOfPage\":{\"@id\":\"https:\/\/uni-fit.ch\/fr\/shop\/catalyseurs-pour-mazda-3-2-0-81554-55#primaryimage\"},\"image\":{\"@id\":\"https:\/\/uni-fit.ch\/fr\/shop\/catalyseurs-pour-mazda-3-2-0-81554-55#primaryimage\"},\"thumbnailUrl\":\"https:\/\/uni-fit.ch\/wp-content\/uploads\/91738.jpg\",\"datePublished\":\"2019-07-01T01:04:31+00:00\",\"dateModified\":\"2019-10-03T10:53:34+00:00\",\"breadcrumb\":{\"@id\":\"https:\/\/uni-fit.ch\/fr\/shop\/catalyseurs-pour-mazda-3-2-0-81554-55#breadcrumb\"},\"inLanguage\":\"fr-FR\",\"potentialAction\":[{\"@type\":\"ReadAction\",\"target\":[\"https:\/\/uni-fit.ch\/fr\/shop\/catalyseurs-pour-mazda-3-2-0-81554-55\"]}]},{\"@type\":\"ImageObject\",\"inLanguage\":\"fr-FR\",\"@id\":\"https:\/\/uni-fit.ch\/fr\/shop\/catalyseurs-pour-mazda-3-2-0-81554-55#primaryimage\",\"url\":\"https:\/\/uni-fit.ch\/wp-content\/uploads\/91738.jpg\",\"contentUrl\":\"https:\/\/uni-fit.ch\/wp-content\/uploads\/91738.jpg\",\"width\":2244,\"height\":2244},{\"@type\":\"BreadcrumbList\",\"@id\":\"https:\/\/uni-fit.ch\/fr\/shop\/catalyseurs-pour-mazda-3-2-0-81554-55#breadcrumb\",\"itemListElement\":[{\"@type\":\"ListItem\",\"position\":1,\"name\":\"Startseite\",\"item\":\"https:\/\/uni-fit.ch\/fr\"},{\"@type\":\"ListItem\",\"position\":2,\"name\":\"Shop\",\"item\":\"https:\/\/uni-fit.ch\/shop\"},{\"@type\":\"ListItem\",\"position\":3,\"name\":\"Catalyseurs pour MAZDA 3 2.0 &#8211; 81554-55\"}]},{\"@type\":\"WebSite\",\"@id\":\"https:\/\/uni-fit.ch\/it\/#website\",\"url\":\"https:\/\/uni-fit.ch\/it\/\",\"name\":\"Catalyseurs UNI-FIT\",\"description\":\"Catalyseur et filtre \u00e0 particules pour voitures et camionnettes\",\"publisher\":{\"@id\":\"https:\/\/uni-fit.ch\/it\/#organization\"},\"potentialAction\":[{\"@type\":\"SearchAction\",\"target\":{\"@type\":\"EntryPoint\",\"urlTemplate\":\"https:\/\/uni-fit.ch\/it\/?s={search_term_string}\"},\"query-input\":\"required name=search_term_string\"}],\"inLanguage\":\"fr-FR\"},{\"@type\":\"Organization\",\"@id\":\"https:\/\/uni-fit.ch\/it\/#organization\",\"name\":\"UNI-FIT Katalysatoren GmbH\",\"url\":\"https:\/\/uni-fit.ch\/it\/\",\"logo\":{\"@type\":\"ImageObject\",\"inLanguage\":\"fr-FR\",\"@id\":\"https:\/\/uni-fit.ch\/it\/#\/schema\/logo\/image\/\",\"url\":\"https:\/\/uni-fit.ch\/wp-content\/uploads\/unifit-katalysatoren-email-logo.png\",\"contentUrl\":\"https:\/\/uni-fit.ch\/wp-content\/uploads\/unifit-katalysatoren-email-logo.png\",\"width\":600,\"height\":286,\"caption\":\"UNI-FIT Katalysatoren GmbH\"},\"image\":{\"@id\":\"https:\/\/uni-fit.ch\/it\/#\/schema\/logo\/image\/\"}}]}<\/script>\n<!-- \/ Yoast SEO plugin. -->","yoast_head_json":{"title":"Catalyseurs pour MAZDA 3 2.0 - 81554-55 - Catalyseurs UNI-FIT","robots":{"index":"index","follow":"follow","max-snippet":"max-snippet:-1","max-image-preview":"max-image-preview:large","max-video-preview":"max-video-preview:-1"},"canonical":"https:\/\/uni-fit.ch\/fr\/shop\/catalyseurs-pour-mazda-3-2-0-81554-55","og_locale":"fr_FR","og_type":"article","og_title":"Catalyseurs pour MAZDA 3 2.0 - 81554-55 - Catalyseurs UNI-FIT","og_description":"Catalyseurs pour MAZDA 3 2.0i 16v (LF17 engine) 6\/06-12\/08","og_url":"https:\/\/uni-fit.ch\/fr\/shop\/catalyseurs-pour-mazda-3-2-0-81554-55","og_site_name":"Catalyseurs UNI-FIT","article_modified_time":"2019-10-03T10:53:34+00:00","og_image":[{"width":2244,"height":2244,"url":"https:\/\/uni-fit.ch\/wp-content\/uploads\/91738.jpg","type":"image\/jpeg"}],"twitter_card":"summary_large_image","schema":{"@context":"https:\/\/schema.org","@graph":[{"@type":"WebPage","@id":"https:\/\/uni-fit.ch\/fr\/shop\/catalyseurs-pour-mazda-3-2-0-81554-55","url":"https:\/\/uni-fit.ch\/fr\/shop\/catalyseurs-pour-mazda-3-2-0-81554-55","name":"Catalyseurs pour MAZDA 3 2.0 - 81554-55 - Catalyseurs UNI-FIT","isPartOf":{"@id":"https:\/\/uni-fit.ch\/it\/#website"},"primaryImageOfPage":{"@id":"https:\/\/uni-fit.ch\/fr\/shop\/catalyseurs-pour-mazda-3-2-0-81554-55#primaryimage"},"image":{"@id":"https:\/\/uni-fit.ch\/fr\/shop\/catalyseurs-pour-mazda-3-2-0-81554-55#primaryimage"},"thumbnailUrl":"https:\/\/uni-fit.ch\/wp-content\/uploads\/91738.jpg","datePublished":"2019-07-01T01:04:31+00:00","dateModified":"2019-10-03T10:53:34+00:00","breadcrumb":{"@id":"https:\/\/uni-fit.ch\/fr\/shop\/catalyseurs-pour-mazda-3-2-0-81554-55#breadcrumb"},"inLanguage":"fr-FR","potentialAction":[{"@type":"ReadAction","target":["https:\/\/uni-fit.ch\/fr\/shop\/catalyseurs-pour-mazda-3-2-0-81554-55"]}]},{"@type":"ImageObject","inLanguage":"fr-FR","@id":"https:\/\/uni-fit.ch\/fr\/shop\/catalyseurs-pour-mazda-3-2-0-81554-55#primaryimage","url":"https:\/\/uni-fit.ch\/wp-content\/uploads\/91738.jpg","contentUrl":"https:\/\/uni-fit.ch\/wp-content\/uploads\/91738.jpg","width":2244,"height":2244},{"@type":"BreadcrumbList","@id":"https:\/\/uni-fit.ch\/fr\/shop\/catalyseurs-pour-mazda-3-2-0-81554-55#breadcrumb","itemListElement":[{"@type":"ListItem","position":1,"name":"Startseite","item":"https:\/\/uni-fit.ch\/fr"},{"@type":"ListItem","position":2,"name":"Shop","item":"https:\/\/uni-fit.ch\/shop"},{"@type":"ListItem","position":3,"name":"Catalyseurs pour MAZDA 3 2.0 &#8211; 81554-55"}]},{"@type":"WebSite","@id":"https:\/\/uni-fit.ch\/it\/#website","url":"https:\/\/uni-fit.ch\/it\/","name":"Catalyseurs UNI-FIT","description":"Catalyseur et filtre \u00e0 particules pour voitures et camionnettes","publisher":{"@id":"https:\/\/uni-fit.ch\/it\/#organization"},"potentialAction":[{"@type":"SearchAction","target":{"@type":"EntryPoint","urlTemplate":"https:\/\/uni-fit.ch\/it\/?s={search_term_string}"},"query-input":"required name=search_term_string"}],"inLanguage":"fr-FR"},{"@type":"Organization","@id":"https:\/\/uni-fit.ch\/it\/#organization","name":"UNI-FIT Katalysatoren GmbH","url":"https:\/\/uni-fit.ch\/it\/","logo":{"@type":"ImageObject","inLanguage":"fr-FR","@id":"https:\/\/uni-fit.ch\/it\/#\/schema\/logo\/image\/","url":"https:\/\/uni-fit.ch\/wp-content\/uploads\/unifit-katalysatoren-email-logo.png","contentUrl":"https:\/\/uni-fit.ch\/wp-content\/uploads\/unifit-katalysatoren-email-logo.png","width":600,"height":286,"caption":"UNI-FIT Katalysatoren GmbH"},"image":{"@id":"https:\/\/uni-fit.ch\/it\/#\/schema\/logo\/image\/"}}]}},"_links":{"self":[{"href":"https:\/\/uni-fit.ch\/fr\/wp-json\/wp\/v2\/product\/52800","targetHints":{"allow":["GET"]}}],"collection":[{"href":"https:\/\/uni-fit.ch\/fr\/wp-json\/wp\/v2\/product"}],"about":[{"href":"https:\/\/uni-fit.ch\/fr\/wp-json\/wp\/v2\/types\/product"}],"replies":[{"embeddable":true,"href":"https:\/\/uni-fit.ch\/fr\/wp-json\/wp\/v2\/comments?post=52800"}],"wp:featuredmedia":[{"embeddable":true,"href":"https:\/\/uni-fit.ch\/fr\/wp-json\/wp\/v2\/media\/34603"}],"wp:attachment":[{"href":"https:\/\/uni-fit.ch\/fr\/wp-json\/wp\/v2\/media?parent=52800"}],"wp:term":[{"taxonomy":"product_cat","embeddable":true,"href":"https:\/\/uni-fit.ch\/fr\/wp-json\/wp\/v2\/product_cat?post=52800"},{"taxonomy":"product_tag","embeddable":true,"href":"https:\/\/uni-fit.ch\/fr\/wp-json\/wp\/v2\/product_tag?post=52800"}],"curies":[{"name":"wp","href":"https:\/\/api.w.org\/{rel}","templated":true}]}}