{"id":56939,"date":"2019-07-01T03:50:33","date_gmt":"2019-07-01T01:50:33","guid":{"rendered":"https:\/\/uni-fit.ch\/shop\/catalyseurs-pour-skoda-fabia-1-0-87213-55"},"modified":"2020-01-24T12:53:03","modified_gmt":"2020-01-24T11:53:03","slug":"catalyseurs-pour-skoda-fabia-1-0-87213-55","status":"publish","type":"product","link":"https:\/\/uni-fit.ch\/fr\/shop\/catalyseurs-pour-skoda-fabia-1-0-87213-55","title":{"rendered":"Catalyseurs pour SKODA FABIA 1.0 &#8211; 87213-55"},"content":{"rendered":"<p> Le catalyseur convient pour: SKODA FABIA 1.0i 8v (50 ch, moteurs ARV AQV) 3 \/ 00-8 \/ 02 essence <\/p>\n<p> Cat\u00e9gorie: Catalyseurs <br \/>\nFabricant: BM Catalysts <br \/>\nInformations suppl\u00e9mentaires: catalyseurs \u00e0 essence approuv\u00e9s <\/p>\n<p> Num\u00e9ro d&#8217;article UniFit: 87213-55 <br \/>\nNum\u00e9ro d&#8217;article BMC: Catalyseurs BM91051H \/ BM <\/p>\n<p> Homologation de type: homologation de type <\/p>\n<p> R\u00e9f\u00e9rences crois\u00e9es d&#8217;origine: <br \/>\n600253058BV \/ 600253058BX \/ 6Q0253208TX \/ 6Q0254500X \/ 6Y0253203AX \/ 6Y0253208AX \/ 6Y0254500X &#8211; * Liste non n\u00e9cessairement exhaustive <\/p>\n<p> Description: <br \/>\n8v (50 ch, moteurs ARV AQV) <\/p>\n<p> Pour_installer_avec: <br \/>\nCette pi\u00e8ce a le kit de montage suivant disponible: FK91051 <\/p>\n<p> Approbation: type approuv\u00e9 <\/p>\n<p> Avertissements: <\/p>\n","protected":false},"excerpt":{"rendered":"<p>Catalyseurs pour SKODA FABIA 1.0i 8v (50bhp, ARV AQV engines) 3\/00-8\/02<\/p>\n","protected":false},"featured_media":33855,"comment_status":"closed","ping_status":"closed","template":"","meta":[],"product_cat":[3396],"product_tag":[6558,6455,6241,7118],"class_list":{"0":"post-56939","1":"product","2":"type-product","3":"status-publish","4":"has-post-thumbnail","6":"product_cat-catalyseurs","7":"product_tag-1-0-fr","8":"product_tag-essence","9":"product_tag-fabia-fr","10":"product_tag-skoda-fr","11":"product_shipping_class-grossereinmeter-fr","12":"pa_hubraum-1-0-fr","13":"pa_marke-skoda-fr","14":"pa_modell-fabia-fr","15":"pa_treibstoff-essence","16":"pa_warengruppe-katalysatoren-fr","18":"first","19":"instock","20":"taxable","21":"shipping-taxable","22":"purchasable","23":"product-type-simple"},"yoast_head":"<!-- This site is optimized with the Yoast SEO plugin v22.9 - https:\/\/yoast.com\/wordpress\/plugins\/seo\/ -->\n<title>Catalyseurs pour SKODA FABIA 1.0 - 87213-55 - Catalyseurs UNI-FIT<\/title>\n<meta name=\"robots\" content=\"index, follow, max-snippet:-1, max-image-preview:large, max-video-preview:-1\" \/>\n<link rel=\"canonical\" href=\"https:\/\/uni-fit.ch\/shop\/katalysatoren-fuer-skoda-fabia-1-0-87213-55\" \/>\n<meta property=\"og:locale\" content=\"fr_FR\" \/>\n<meta property=\"og:type\" content=\"article\" \/>\n<meta property=\"og:title\" content=\"Catalyseurs pour SKODA FABIA 1.0 - 87213-55 - Catalyseurs UNI-FIT\" \/>\n<meta property=\"og:description\" content=\"Catalyseurs pour SKODA FABIA 1.0i 8v (50bhp, ARV AQV engines) 3\/00-8\/02\" \/>\n<meta property=\"og:url\" content=\"https:\/\/uni-fit.ch\/shop\/katalysatoren-fuer-skoda-fabia-1-0-87213-55\" \/>\n<meta property=\"og:site_name\" content=\"Catalyseurs UNI-FIT\" \/>\n<meta property=\"article:modified_time\" content=\"2020-01-24T11:53:03+00:00\" \/>\n<meta property=\"og:image\" content=\"https:\/\/uni-fit.ch\/wp-content\/uploads\/91051.jpg\" \/>\n\t<meta property=\"og:image:width\" content=\"718\" \/>\n\t<meta property=\"og:image:height\" content=\"718\" \/>\n\t<meta property=\"og:image:type\" content=\"image\/jpeg\" \/>\n<meta name=\"twitter:card\" content=\"summary_large_image\" \/>\n<script type=\"application\/ld+json\" class=\"yoast-schema-graph\">{\"@context\":\"https:\/\/schema.org\",\"@graph\":[{\"@type\":\"WebPage\",\"@id\":\"https:\/\/uni-fit.ch\/shop\/katalysatoren-fuer-skoda-fabia-1-0-87213-55\",\"url\":\"https:\/\/uni-fit.ch\/shop\/katalysatoren-fuer-skoda-fabia-1-0-87213-55\",\"name\":\"Catalyseurs pour SKODA FABIA 1.0 - 87213-55 - Catalyseurs UNI-FIT\",\"isPartOf\":{\"@id\":\"https:\/\/uni-fit.ch\/it\/#website\"},\"primaryImageOfPage\":{\"@id\":\"https:\/\/uni-fit.ch\/shop\/katalysatoren-fuer-skoda-fabia-1-0-87213-55#primaryimage\"},\"image\":{\"@id\":\"https:\/\/uni-fit.ch\/shop\/katalysatoren-fuer-skoda-fabia-1-0-87213-55#primaryimage\"},\"thumbnailUrl\":\"https:\/\/uni-fit.ch\/wp-content\/uploads\/91051.jpg\",\"datePublished\":\"2019-07-01T01:50:33+00:00\",\"dateModified\":\"2020-01-24T11:53:03+00:00\",\"breadcrumb\":{\"@id\":\"https:\/\/uni-fit.ch\/shop\/katalysatoren-fuer-skoda-fabia-1-0-87213-55#breadcrumb\"},\"inLanguage\":\"fr-FR\",\"potentialAction\":[{\"@type\":\"ReadAction\",\"target\":[\"https:\/\/uni-fit.ch\/shop\/katalysatoren-fuer-skoda-fabia-1-0-87213-55\"]}]},{\"@type\":\"ImageObject\",\"inLanguage\":\"fr-FR\",\"@id\":\"https:\/\/uni-fit.ch\/shop\/katalysatoren-fuer-skoda-fabia-1-0-87213-55#primaryimage\",\"url\":\"https:\/\/uni-fit.ch\/wp-content\/uploads\/91051.jpg\",\"contentUrl\":\"https:\/\/uni-fit.ch\/wp-content\/uploads\/91051.jpg\",\"width\":718,\"height\":718},{\"@type\":\"BreadcrumbList\",\"@id\":\"https:\/\/uni-fit.ch\/shop\/katalysatoren-fuer-skoda-fabia-1-0-87213-55#breadcrumb\",\"itemListElement\":[{\"@type\":\"ListItem\",\"position\":1,\"name\":\"Startseite\",\"item\":\"https:\/\/uni-fit.ch\/fr\"},{\"@type\":\"ListItem\",\"position\":2,\"name\":\"Shop\",\"item\":\"https:\/\/uni-fit.ch\/shop\"},{\"@type\":\"ListItem\",\"position\":3,\"name\":\"Catalyseurs pour SKODA FABIA 1.0 &#8211; 87213-55\"}]},{\"@type\":\"WebSite\",\"@id\":\"https:\/\/uni-fit.ch\/it\/#website\",\"url\":\"https:\/\/uni-fit.ch\/it\/\",\"name\":\"Catalyseurs UNI-FIT\",\"description\":\"Catalyseur et filtre \u00e0 particules pour voitures et camionnettes\",\"publisher\":{\"@id\":\"https:\/\/uni-fit.ch\/it\/#organization\"},\"potentialAction\":[{\"@type\":\"SearchAction\",\"target\":{\"@type\":\"EntryPoint\",\"urlTemplate\":\"https:\/\/uni-fit.ch\/it\/?s={search_term_string}\"},\"query-input\":\"required name=search_term_string\"}],\"inLanguage\":\"fr-FR\"},{\"@type\":\"Organization\",\"@id\":\"https:\/\/uni-fit.ch\/it\/#organization\",\"name\":\"UNI-FIT Katalysatoren GmbH\",\"url\":\"https:\/\/uni-fit.ch\/it\/\",\"logo\":{\"@type\":\"ImageObject\",\"inLanguage\":\"fr-FR\",\"@id\":\"https:\/\/uni-fit.ch\/it\/#\/schema\/logo\/image\/\",\"url\":\"https:\/\/uni-fit.ch\/wp-content\/uploads\/unifit-katalysatoren-email-logo.png\",\"contentUrl\":\"https:\/\/uni-fit.ch\/wp-content\/uploads\/unifit-katalysatoren-email-logo.png\",\"width\":600,\"height\":286,\"caption\":\"UNI-FIT Katalysatoren GmbH\"},\"image\":{\"@id\":\"https:\/\/uni-fit.ch\/it\/#\/schema\/logo\/image\/\"}}]}<\/script>\n<!-- \/ Yoast SEO plugin. -->","yoast_head_json":{"title":"Catalyseurs pour SKODA FABIA 1.0 - 87213-55 - Catalyseurs UNI-FIT","robots":{"index":"index","follow":"follow","max-snippet":"max-snippet:-1","max-image-preview":"max-image-preview:large","max-video-preview":"max-video-preview:-1"},"canonical":"https:\/\/uni-fit.ch\/shop\/katalysatoren-fuer-skoda-fabia-1-0-87213-55","og_locale":"fr_FR","og_type":"article","og_title":"Catalyseurs pour SKODA FABIA 1.0 - 87213-55 - Catalyseurs UNI-FIT","og_description":"Catalyseurs pour SKODA FABIA 1.0i 8v (50bhp, ARV AQV engines) 3\/00-8\/02","og_url":"https:\/\/uni-fit.ch\/shop\/katalysatoren-fuer-skoda-fabia-1-0-87213-55","og_site_name":"Catalyseurs UNI-FIT","article_modified_time":"2020-01-24T11:53:03+00:00","og_image":[{"width":718,"height":718,"url":"https:\/\/uni-fit.ch\/wp-content\/uploads\/91051.jpg","type":"image\/jpeg"}],"twitter_card":"summary_large_image","schema":{"@context":"https:\/\/schema.org","@graph":[{"@type":"WebPage","@id":"https:\/\/uni-fit.ch\/shop\/katalysatoren-fuer-skoda-fabia-1-0-87213-55","url":"https:\/\/uni-fit.ch\/shop\/katalysatoren-fuer-skoda-fabia-1-0-87213-55","name":"Catalyseurs pour SKODA FABIA 1.0 - 87213-55 - Catalyseurs UNI-FIT","isPartOf":{"@id":"https:\/\/uni-fit.ch\/it\/#website"},"primaryImageOfPage":{"@id":"https:\/\/uni-fit.ch\/shop\/katalysatoren-fuer-skoda-fabia-1-0-87213-55#primaryimage"},"image":{"@id":"https:\/\/uni-fit.ch\/shop\/katalysatoren-fuer-skoda-fabia-1-0-87213-55#primaryimage"},"thumbnailUrl":"https:\/\/uni-fit.ch\/wp-content\/uploads\/91051.jpg","datePublished":"2019-07-01T01:50:33+00:00","dateModified":"2020-01-24T11:53:03+00:00","breadcrumb":{"@id":"https:\/\/uni-fit.ch\/shop\/katalysatoren-fuer-skoda-fabia-1-0-87213-55#breadcrumb"},"inLanguage":"fr-FR","potentialAction":[{"@type":"ReadAction","target":["https:\/\/uni-fit.ch\/shop\/katalysatoren-fuer-skoda-fabia-1-0-87213-55"]}]},{"@type":"ImageObject","inLanguage":"fr-FR","@id":"https:\/\/uni-fit.ch\/shop\/katalysatoren-fuer-skoda-fabia-1-0-87213-55#primaryimage","url":"https:\/\/uni-fit.ch\/wp-content\/uploads\/91051.jpg","contentUrl":"https:\/\/uni-fit.ch\/wp-content\/uploads\/91051.jpg","width":718,"height":718},{"@type":"BreadcrumbList","@id":"https:\/\/uni-fit.ch\/shop\/katalysatoren-fuer-skoda-fabia-1-0-87213-55#breadcrumb","itemListElement":[{"@type":"ListItem","position":1,"name":"Startseite","item":"https:\/\/uni-fit.ch\/fr"},{"@type":"ListItem","position":2,"name":"Shop","item":"https:\/\/uni-fit.ch\/shop"},{"@type":"ListItem","position":3,"name":"Catalyseurs pour SKODA FABIA 1.0 &#8211; 87213-55"}]},{"@type":"WebSite","@id":"https:\/\/uni-fit.ch\/it\/#website","url":"https:\/\/uni-fit.ch\/it\/","name":"Catalyseurs UNI-FIT","description":"Catalyseur et filtre \u00e0 particules pour voitures et camionnettes","publisher":{"@id":"https:\/\/uni-fit.ch\/it\/#organization"},"potentialAction":[{"@type":"SearchAction","target":{"@type":"EntryPoint","urlTemplate":"https:\/\/uni-fit.ch\/it\/?s={search_term_string}"},"query-input":"required name=search_term_string"}],"inLanguage":"fr-FR"},{"@type":"Organization","@id":"https:\/\/uni-fit.ch\/it\/#organization","name":"UNI-FIT Katalysatoren GmbH","url":"https:\/\/uni-fit.ch\/it\/","logo":{"@type":"ImageObject","inLanguage":"fr-FR","@id":"https:\/\/uni-fit.ch\/it\/#\/schema\/logo\/image\/","url":"https:\/\/uni-fit.ch\/wp-content\/uploads\/unifit-katalysatoren-email-logo.png","contentUrl":"https:\/\/uni-fit.ch\/wp-content\/uploads\/unifit-katalysatoren-email-logo.png","width":600,"height":286,"caption":"UNI-FIT Katalysatoren GmbH"},"image":{"@id":"https:\/\/uni-fit.ch\/it\/#\/schema\/logo\/image\/"}}]}},"_links":{"self":[{"href":"https:\/\/uni-fit.ch\/fr\/wp-json\/wp\/v2\/product\/56939","targetHints":{"allow":["GET"]}}],"collection":[{"href":"https:\/\/uni-fit.ch\/fr\/wp-json\/wp\/v2\/product"}],"about":[{"href":"https:\/\/uni-fit.ch\/fr\/wp-json\/wp\/v2\/types\/product"}],"replies":[{"embeddable":true,"href":"https:\/\/uni-fit.ch\/fr\/wp-json\/wp\/v2\/comments?post=56939"}],"wp:featuredmedia":[{"embeddable":true,"href":"https:\/\/uni-fit.ch\/fr\/wp-json\/wp\/v2\/media\/33855"}],"wp:attachment":[{"href":"https:\/\/uni-fit.ch\/fr\/wp-json\/wp\/v2\/media?parent=56939"}],"wp:term":[{"taxonomy":"product_cat","embeddable":true,"href":"https:\/\/uni-fit.ch\/fr\/wp-json\/wp\/v2\/product_cat?post=56939"},{"taxonomy":"product_tag","embeddable":true,"href":"https:\/\/uni-fit.ch\/fr\/wp-json\/wp\/v2\/product_tag?post=56939"}],"curies":[{"name":"wp","href":"https:\/\/api.w.org\/{rel}","templated":true}]}}