{"id":59078,"date":"2020-06-10T10:54:29","date_gmt":"2020-06-10T08:54:29","guid":{"rendered":"https:\/\/uni-fit.ch\/?post_type=product&#038;p=59078"},"modified":"2023-01-06T10:03:57","modified_gmt":"2023-01-06T09:03:57","slug":"flexrohr-fp-134-e-flexibles-zwischenstueck-4-stk-am-lager","status":"publish","type":"product","link":"https:\/\/uni-fit.ch\/fr\/shop\/flexrohr-fp-134-e-flexibles-zwischenstueck-4-stk-am-lager","title":{"rendered":"Flexrohr FP 134-E &#8211; Flexibles Zwischenst\u00fcck ( 3 Stk. am Lager )"},"content":{"rendered":"<p>Flexrohr FP 134-E<\/p>\n<p>Dimesion: 60mm\/250mm (Innendurchmesser\/Gesamtl\u00e4nge)<\/p>\n","protected":false},"excerpt":{"rendered":"<p><span style=\"float: none;background-color: #ffffff;color: #333333;cursor: text;font-family: Georgia,'Times New Roman','Bitstream Charter',Times,serif;font-size: 16px;font-style: normal;font-variant: normal;font-weight: 400;letter-spacing: normal;text-align: left;text-decoration: none;text-indent: 0px;text-transform: none\">Flexibles Zwischenst\u00fcck ohne Rohrst\u00fccken. FP 134-E<\/span><\/p>\n","protected":false},"featured_media":59080,"comment_status":"closed","ping_status":"closed","template":"","meta":[],"product_cat":[3377],"product_tag":[6448,6449],"class_list":{"0":"post-59078","1":"product","2":"type-product","3":"status-publish","4":"has-post-thumbnail","6":"product_cat-flexrohre","7":"product_tag-flexibles-zwischenstueck","8":"product_tag-flexrohr","9":"product_shipping_class-kleinpaket","10":"pa_durchmesser-3349","11":"pa_gesamtlaenge-3380","12":"pa_laenge-flexteil-3385","13":"pa_rohrart-ohne-rohrstuecke","15":"first","16":"instock","17":"sale","18":"taxable","19":"shipping-taxable","20":"purchasable","21":"product-type-simple"},"yoast_head":"<!-- This site is optimized with the Yoast SEO plugin v22.9 - https:\/\/yoast.com\/wordpress\/plugins\/seo\/ -->\n<title>Flexrohr FP 134-E - Flexibles Zwischenst\u00fcck ( 3 Stk. am Lager ) - Catalyseurs UNI-FIT<\/title>\n<meta name=\"robots\" content=\"index, follow, max-snippet:-1, max-image-preview:large, max-video-preview:-1\" \/>\n<link rel=\"canonical\" href=\"https:\/\/uni-fit.ch\/shop\/flexrohr-fp-134-e-flexibles-zwischenstueck-4-stk-am-lager\" \/>\n<meta property=\"og:locale\" content=\"fr_FR\" \/>\n<meta property=\"og:type\" content=\"article\" \/>\n<meta property=\"og:title\" content=\"Flexrohr FP 134-E - Flexibles Zwischenst\u00fcck ( 3 Stk. am Lager ) - Catalyseurs UNI-FIT\" \/>\n<meta property=\"og:description\" content=\"Flexibles Zwischenst\u00fcck ohne Rohrst\u00fccken. FP 134-E\" \/>\n<meta property=\"og:url\" content=\"https:\/\/uni-fit.ch\/shop\/flexrohr-fp-134-e-flexibles-zwischenstueck-4-stk-am-lager\" \/>\n<meta property=\"og:site_name\" content=\"Catalyseurs UNI-FIT\" \/>\n<meta property=\"article:modified_time\" content=\"2023-01-06T09:03:57+00:00\" \/>\n<meta property=\"og:image\" content=\"https:\/\/uni-fit.ch\/wp-content\/uploads\/134-E-scaled.jpg\" \/>\n\t<meta property=\"og:image:width\" content=\"1920\" \/>\n\t<meta property=\"og:image:height\" content=\"2560\" \/>\n\t<meta property=\"og:image:type\" content=\"image\/jpeg\" \/>\n<meta name=\"twitter:card\" content=\"summary_large_image\" \/>\n<meta name=\"twitter:label1\" content=\"Dur\u00e9e de lecture estim\u00e9e\" \/>\n\t<meta name=\"twitter:data1\" content=\"1 minute\" \/>\n<script type=\"application\/ld+json\" class=\"yoast-schema-graph\">{\"@context\":\"https:\/\/schema.org\",\"@graph\":[{\"@type\":\"WebPage\",\"@id\":\"https:\/\/uni-fit.ch\/shop\/flexrohr-fp-134-e-flexibles-zwischenstueck-4-stk-am-lager\",\"url\":\"https:\/\/uni-fit.ch\/shop\/flexrohr-fp-134-e-flexibles-zwischenstueck-4-stk-am-lager\",\"name\":\"Flexrohr FP 134-E - Flexibles Zwischenst\u00fcck ( 3 Stk. am Lager ) - Catalyseurs UNI-FIT\",\"isPartOf\":{\"@id\":\"https:\/\/uni-fit.ch\/it\/#website\"},\"primaryImageOfPage\":{\"@id\":\"https:\/\/uni-fit.ch\/shop\/flexrohr-fp-134-e-flexibles-zwischenstueck-4-stk-am-lager#primaryimage\"},\"image\":{\"@id\":\"https:\/\/uni-fit.ch\/shop\/flexrohr-fp-134-e-flexibles-zwischenstueck-4-stk-am-lager#primaryimage\"},\"thumbnailUrl\":\"https:\/\/uni-fit.ch\/wp-content\/uploads\/134-E-scaled.jpg\",\"datePublished\":\"2020-06-10T08:54:29+00:00\",\"dateModified\":\"2023-01-06T09:03:57+00:00\",\"breadcrumb\":{\"@id\":\"https:\/\/uni-fit.ch\/shop\/flexrohr-fp-134-e-flexibles-zwischenstueck-4-stk-am-lager#breadcrumb\"},\"inLanguage\":\"fr-FR\",\"potentialAction\":[{\"@type\":\"ReadAction\",\"target\":[\"https:\/\/uni-fit.ch\/shop\/flexrohr-fp-134-e-flexibles-zwischenstueck-4-stk-am-lager\"]}]},{\"@type\":\"ImageObject\",\"inLanguage\":\"fr-FR\",\"@id\":\"https:\/\/uni-fit.ch\/shop\/flexrohr-fp-134-e-flexibles-zwischenstueck-4-stk-am-lager#primaryimage\",\"url\":\"https:\/\/uni-fit.ch\/wp-content\/uploads\/134-E-scaled.jpg\",\"contentUrl\":\"https:\/\/uni-fit.ch\/wp-content\/uploads\/134-E-scaled.jpg\",\"width\":1920,\"height\":2560},{\"@type\":\"BreadcrumbList\",\"@id\":\"https:\/\/uni-fit.ch\/shop\/flexrohr-fp-134-e-flexibles-zwischenstueck-4-stk-am-lager#breadcrumb\",\"itemListElement\":[{\"@type\":\"ListItem\",\"position\":1,\"name\":\"Startseite\",\"item\":\"https:\/\/uni-fit.ch\/fr\"},{\"@type\":\"ListItem\",\"position\":2,\"name\":\"Shop\",\"item\":\"https:\/\/uni-fit.ch\/shop\"},{\"@type\":\"ListItem\",\"position\":3,\"name\":\"Flexrohr FP 134-E &#8211; Flexibles Zwischenst\u00fcck ( 3 Stk. am Lager )\"}]},{\"@type\":\"WebSite\",\"@id\":\"https:\/\/uni-fit.ch\/it\/#website\",\"url\":\"https:\/\/uni-fit.ch\/it\/\",\"name\":\"Catalyseurs UNI-FIT\",\"description\":\"Catalyseur et filtre \u00e0 particules pour voitures et camionnettes\",\"publisher\":{\"@id\":\"https:\/\/uni-fit.ch\/it\/#organization\"},\"potentialAction\":[{\"@type\":\"SearchAction\",\"target\":{\"@type\":\"EntryPoint\",\"urlTemplate\":\"https:\/\/uni-fit.ch\/it\/?s={search_term_string}\"},\"query-input\":\"required name=search_term_string\"}],\"inLanguage\":\"fr-FR\"},{\"@type\":\"Organization\",\"@id\":\"https:\/\/uni-fit.ch\/it\/#organization\",\"name\":\"UNI-FIT Katalysatoren GmbH\",\"url\":\"https:\/\/uni-fit.ch\/it\/\",\"logo\":{\"@type\":\"ImageObject\",\"inLanguage\":\"fr-FR\",\"@id\":\"https:\/\/uni-fit.ch\/it\/#\/schema\/logo\/image\/\",\"url\":\"https:\/\/uni-fit.ch\/wp-content\/uploads\/unifit-katalysatoren-email-logo.png\",\"contentUrl\":\"https:\/\/uni-fit.ch\/wp-content\/uploads\/unifit-katalysatoren-email-logo.png\",\"width\":600,\"height\":286,\"caption\":\"UNI-FIT Katalysatoren GmbH\"},\"image\":{\"@id\":\"https:\/\/uni-fit.ch\/it\/#\/schema\/logo\/image\/\"}}]}<\/script>\n<!-- \/ Yoast SEO plugin. -->","yoast_head_json":{"title":"Flexrohr FP 134-E - Flexibles Zwischenst\u00fcck ( 3 Stk. am Lager ) - Catalyseurs UNI-FIT","robots":{"index":"index","follow":"follow","max-snippet":"max-snippet:-1","max-image-preview":"max-image-preview:large","max-video-preview":"max-video-preview:-1"},"canonical":"https:\/\/uni-fit.ch\/shop\/flexrohr-fp-134-e-flexibles-zwischenstueck-4-stk-am-lager","og_locale":"fr_FR","og_type":"article","og_title":"Flexrohr FP 134-E - Flexibles Zwischenst\u00fcck ( 3 Stk. am Lager ) - Catalyseurs UNI-FIT","og_description":"Flexibles Zwischenst\u00fcck ohne Rohrst\u00fccken. FP 134-E","og_url":"https:\/\/uni-fit.ch\/shop\/flexrohr-fp-134-e-flexibles-zwischenstueck-4-stk-am-lager","og_site_name":"Catalyseurs UNI-FIT","article_modified_time":"2023-01-06T09:03:57+00:00","og_image":[{"width":1920,"height":2560,"url":"https:\/\/uni-fit.ch\/wp-content\/uploads\/134-E-scaled.jpg","type":"image\/jpeg"}],"twitter_card":"summary_large_image","twitter_misc":{"Dur\u00e9e de lecture estim\u00e9e":"1 minute"},"schema":{"@context":"https:\/\/schema.org","@graph":[{"@type":"WebPage","@id":"https:\/\/uni-fit.ch\/shop\/flexrohr-fp-134-e-flexibles-zwischenstueck-4-stk-am-lager","url":"https:\/\/uni-fit.ch\/shop\/flexrohr-fp-134-e-flexibles-zwischenstueck-4-stk-am-lager","name":"Flexrohr FP 134-E - Flexibles Zwischenst\u00fcck ( 3 Stk. am Lager ) - Catalyseurs UNI-FIT","isPartOf":{"@id":"https:\/\/uni-fit.ch\/it\/#website"},"primaryImageOfPage":{"@id":"https:\/\/uni-fit.ch\/shop\/flexrohr-fp-134-e-flexibles-zwischenstueck-4-stk-am-lager#primaryimage"},"image":{"@id":"https:\/\/uni-fit.ch\/shop\/flexrohr-fp-134-e-flexibles-zwischenstueck-4-stk-am-lager#primaryimage"},"thumbnailUrl":"https:\/\/uni-fit.ch\/wp-content\/uploads\/134-E-scaled.jpg","datePublished":"2020-06-10T08:54:29+00:00","dateModified":"2023-01-06T09:03:57+00:00","breadcrumb":{"@id":"https:\/\/uni-fit.ch\/shop\/flexrohr-fp-134-e-flexibles-zwischenstueck-4-stk-am-lager#breadcrumb"},"inLanguage":"fr-FR","potentialAction":[{"@type":"ReadAction","target":["https:\/\/uni-fit.ch\/shop\/flexrohr-fp-134-e-flexibles-zwischenstueck-4-stk-am-lager"]}]},{"@type":"ImageObject","inLanguage":"fr-FR","@id":"https:\/\/uni-fit.ch\/shop\/flexrohr-fp-134-e-flexibles-zwischenstueck-4-stk-am-lager#primaryimage","url":"https:\/\/uni-fit.ch\/wp-content\/uploads\/134-E-scaled.jpg","contentUrl":"https:\/\/uni-fit.ch\/wp-content\/uploads\/134-E-scaled.jpg","width":1920,"height":2560},{"@type":"BreadcrumbList","@id":"https:\/\/uni-fit.ch\/shop\/flexrohr-fp-134-e-flexibles-zwischenstueck-4-stk-am-lager#breadcrumb","itemListElement":[{"@type":"ListItem","position":1,"name":"Startseite","item":"https:\/\/uni-fit.ch\/fr"},{"@type":"ListItem","position":2,"name":"Shop","item":"https:\/\/uni-fit.ch\/shop"},{"@type":"ListItem","position":3,"name":"Flexrohr FP 134-E &#8211; Flexibles Zwischenst\u00fcck ( 3 Stk. am Lager )"}]},{"@type":"WebSite","@id":"https:\/\/uni-fit.ch\/it\/#website","url":"https:\/\/uni-fit.ch\/it\/","name":"Catalyseurs UNI-FIT","description":"Catalyseur et filtre \u00e0 particules pour voitures et camionnettes","publisher":{"@id":"https:\/\/uni-fit.ch\/it\/#organization"},"potentialAction":[{"@type":"SearchAction","target":{"@type":"EntryPoint","urlTemplate":"https:\/\/uni-fit.ch\/it\/?s={search_term_string}"},"query-input":"required name=search_term_string"}],"inLanguage":"fr-FR"},{"@type":"Organization","@id":"https:\/\/uni-fit.ch\/it\/#organization","name":"UNI-FIT Katalysatoren GmbH","url":"https:\/\/uni-fit.ch\/it\/","logo":{"@type":"ImageObject","inLanguage":"fr-FR","@id":"https:\/\/uni-fit.ch\/it\/#\/schema\/logo\/image\/","url":"https:\/\/uni-fit.ch\/wp-content\/uploads\/unifit-katalysatoren-email-logo.png","contentUrl":"https:\/\/uni-fit.ch\/wp-content\/uploads\/unifit-katalysatoren-email-logo.png","width":600,"height":286,"caption":"UNI-FIT Katalysatoren GmbH"},"image":{"@id":"https:\/\/uni-fit.ch\/it\/#\/schema\/logo\/image\/"}}]}},"_links":{"self":[{"href":"https:\/\/uni-fit.ch\/fr\/wp-json\/wp\/v2\/product\/59078","targetHints":{"allow":["GET"]}}],"collection":[{"href":"https:\/\/uni-fit.ch\/fr\/wp-json\/wp\/v2\/product"}],"about":[{"href":"https:\/\/uni-fit.ch\/fr\/wp-json\/wp\/v2\/types\/product"}],"replies":[{"embeddable":true,"href":"https:\/\/uni-fit.ch\/fr\/wp-json\/wp\/v2\/comments?post=59078"}],"wp:featuredmedia":[{"embeddable":true,"href":"https:\/\/uni-fit.ch\/fr\/wp-json\/wp\/v2\/media\/59080"}],"wp:attachment":[{"href":"https:\/\/uni-fit.ch\/fr\/wp-json\/wp\/v2\/media?parent=59078"}],"wp:term":[{"taxonomy":"product_cat","embeddable":true,"href":"https:\/\/uni-fit.ch\/fr\/wp-json\/wp\/v2\/product_cat?post=59078"},{"taxonomy":"product_tag","embeddable":true,"href":"https:\/\/uni-fit.ch\/fr\/wp-json\/wp\/v2\/product_tag?post=59078"}],"curies":[{"name":"wp","href":"https:\/\/api.w.org\/{rel}","templated":true}]}}