{"id":59392,"date":"2020-08-04T15:28:57","date_gmt":"2020-08-04T13:28:57","guid":{"rendered":"https:\/\/uni-fit.ch\/shop\/filtre-particule-pour-iveco-daily-2-3td-dpf-11096h-55"},"modified":"2020-08-04T15:34:30","modified_gmt":"2020-08-04T13:34:30","slug":"filtre-particule-pour-iveco-daily-2-3td-dpf-11096h-55","status":"publish","type":"product","link":"https:\/\/uni-fit.ch\/fr\/shop\/filtre-particule-pour-iveco-daily-2-3td-dpf-11096h-55","title":{"rendered":"Filtre particule pour IVECO DAILY 2.3TD &#8211; DPF 11096H-55"},"content":{"rendered":"<p>Le filtre \u00e0 particules de suie convient pour:<\/p>\n<p>IVECO DAILY 2.3TD 29L14 4 \/ 06-8 \/ 11 (Euro 4 Cat \/ FAP combin\u00e9)<br \/>\nIVECO DAILY 2.3TD 35C10 4 \/ 06-8 \/ 11 (Euro 4 Cat \/ FAP combin\u00e9)<br \/>\nIVECO DAILY 2.3TD 35S10 4 \/ 06-8 \/ 11 (Euro 4 Cat \/ FAP combin\u00e9)<br \/>\nIVECO DAILY 2.3TD 35C12 4 \/ 06-8 \/ 11 (Euro 4 Cat \/ FAP combin\u00e9)<br \/>\nIVECO DAILY 2.3TD 35S12 4 \/ 06-8 \/ 11 (Euro 4 Cat \/ FAP combin\u00e9)<br \/>\nIVECO DAILY 3.0TD 35C15 4 \/ 06-8 \/ 11 (Euro 4 Cat \/ FAP combin\u00e9)<br \/>\nIVECO DAILY 2.3TD 35S14 4 \/ 06-8 \/ 11 (Euro 4 Cat \/ FAP combin\u00e9)<br \/>\nIVECO DAILY 2.3TD 40C10 4 \/ 06-8 \/ 11 (Euro 4 Cat \/ FAP combin\u00e9)<br \/>\nIVECO DAILY 2.3TD 40C12 4 \/ 06-8 \/ 11 (Euro 4 Cat \/ FAP combin\u00e9)<br \/>\nCat\u00e9gorie: Filtres \u00e0 particules de suie<br \/>\nFabricant: BM Catalysts<br \/>\nInformations compl\u00e9mentaires: Filtre \u00e0 particules diesel homologu\u00e9 combin\u00e9 \u00e0 un convertisseur catalytique Num\u00e9ro d&#8217;article UniFit: DPF 11096H-55<br \/>\nNum\u00e9ro d&#8217;article BMC: BM11096H \/ BM Catalysts<\/p>\n<p>Homologation de type: homologation de type<\/p>\n<p>R\u00e9f\u00e9rences crois\u00e9es OE:<br \/>\n504131264\/504131274 \/ 504290373- * Liste non n\u00e9cessairement exhaustive<\/p>\n<p>La description:<br \/>\n2.3TD 4 \/ 06-8 \/ 11 (Euro 4 Cat \/ FAP combin\u00e9)<\/p>\n<p>To_install_with:<br \/>\nCette pi\u00e8ce a le kit de montage suivant disponible:<\/p>\n<p>Approbation: Type approuv\u00e9<\/p>\n<p>Avertissements:<\/p>\n","protected":false},"excerpt":{"rendered":"<p>Filtre particule pour IVECO DAILY 2.3TD 4\/06-8\/11 (Euro 4 Cat\/FAP combined)<\/p>\n","protected":false},"featured_media":59390,"comment_status":"closed","ping_status":"closed","template":"","meta":[],"product_cat":[3401],"product_tag":[5464,6664,6191,6285],"class_list":{"0":"post-59392","1":"product","2":"type-product","3":"status-publish","4":"has-post-thumbnail","6":"product_cat-filtre-a-particules-de-suie","7":"product_tag-2-3-fr","8":"product_tag-daily-fr","9":"product_tag-diesel-fr","10":"product_tag-iveco-fr","11":"product_shipping_class-kleinereinmeter-fr","12":"product_shipping_class-paket-kl-1-meter","13":"pa_hubraum-2-3-fr","14":"pa_marke-iveco-fr","15":"pa_modell-daily-fr","16":"pa_treibstoff-diesel-fr","17":"pa_warengruppe-filtre-a-particules-de-suie","19":"first","20":"instock","21":"taxable","22":"shipping-taxable","23":"purchasable","24":"product-type-simple"},"yoast_head":"<!-- This site is optimized with the Yoast SEO plugin v22.9 - https:\/\/yoast.com\/wordpress\/plugins\/seo\/ -->\n<title>Filtre particule pour IVECO DAILY 2.3TD - DPF 11096H-55 - Catalyseurs UNI-FIT<\/title>\n<meta name=\"robots\" content=\"index, follow, max-snippet:-1, max-image-preview:large, max-video-preview:-1\" \/>\n<link rel=\"canonical\" href=\"https:\/\/uni-fit.ch\/fr\/shop\/filtre-particule-pour-iveco-daily-2-3td-dpf-11096h-55\" \/>\n<meta property=\"og:locale\" content=\"fr_FR\" \/>\n<meta property=\"og:type\" content=\"article\" \/>\n<meta property=\"og:title\" content=\"Filtre particule pour IVECO DAILY 2.3TD - DPF 11096H-55 - Catalyseurs UNI-FIT\" \/>\n<meta property=\"og:description\" content=\"Filtre particule pour IVECO DAILY 2.3TD 4\/06-8\/11 (Euro 4 Cat\/FAP combined)\" \/>\n<meta property=\"og:url\" content=\"https:\/\/uni-fit.ch\/fr\/shop\/filtre-particule-pour-iveco-daily-2-3td-dpf-11096h-55\" \/>\n<meta property=\"og:site_name\" content=\"Catalyseurs UNI-FIT\" \/>\n<meta property=\"article:modified_time\" content=\"2020-08-04T13:34:30+00:00\" \/>\n<meta property=\"og:image\" content=\"https:\/\/uni-fit.ch\/wp-content\/uploads\/11096.jpg\" \/>\n\t<meta property=\"og:image:width\" content=\"2024\" \/>\n\t<meta property=\"og:image:height\" content=\"1938\" \/>\n\t<meta property=\"og:image:type\" content=\"image\/jpeg\" \/>\n<meta name=\"twitter:card\" content=\"summary_large_image\" \/>\n<meta name=\"twitter:label1\" content=\"Dur\u00e9e de lecture estim\u00e9e\" \/>\n\t<meta name=\"twitter:data1\" content=\"1 minute\" \/>\n<script type=\"application\/ld+json\" class=\"yoast-schema-graph\">{\"@context\":\"https:\/\/schema.org\",\"@graph\":[{\"@type\":\"WebPage\",\"@id\":\"https:\/\/uni-fit.ch\/fr\/shop\/filtre-particule-pour-iveco-daily-2-3td-dpf-11096h-55\",\"url\":\"https:\/\/uni-fit.ch\/fr\/shop\/filtre-particule-pour-iveco-daily-2-3td-dpf-11096h-55\",\"name\":\"Filtre particule pour IVECO DAILY 2.3TD - DPF 11096H-55 - Catalyseurs UNI-FIT\",\"isPartOf\":{\"@id\":\"https:\/\/uni-fit.ch\/it\/#website\"},\"primaryImageOfPage\":{\"@id\":\"https:\/\/uni-fit.ch\/fr\/shop\/filtre-particule-pour-iveco-daily-2-3td-dpf-11096h-55#primaryimage\"},\"image\":{\"@id\":\"https:\/\/uni-fit.ch\/fr\/shop\/filtre-particule-pour-iveco-daily-2-3td-dpf-11096h-55#primaryimage\"},\"thumbnailUrl\":\"https:\/\/uni-fit.ch\/wp-content\/uploads\/11096.jpg\",\"datePublished\":\"2020-08-04T13:28:57+00:00\",\"dateModified\":\"2020-08-04T13:34:30+00:00\",\"breadcrumb\":{\"@id\":\"https:\/\/uni-fit.ch\/fr\/shop\/filtre-particule-pour-iveco-daily-2-3td-dpf-11096h-55#breadcrumb\"},\"inLanguage\":\"fr-FR\",\"potentialAction\":[{\"@type\":\"ReadAction\",\"target\":[\"https:\/\/uni-fit.ch\/fr\/shop\/filtre-particule-pour-iveco-daily-2-3td-dpf-11096h-55\"]}]},{\"@type\":\"ImageObject\",\"inLanguage\":\"fr-FR\",\"@id\":\"https:\/\/uni-fit.ch\/fr\/shop\/filtre-particule-pour-iveco-daily-2-3td-dpf-11096h-55#primaryimage\",\"url\":\"https:\/\/uni-fit.ch\/wp-content\/uploads\/11096.jpg\",\"contentUrl\":\"https:\/\/uni-fit.ch\/wp-content\/uploads\/11096.jpg\",\"width\":2024,\"height\":1938},{\"@type\":\"BreadcrumbList\",\"@id\":\"https:\/\/uni-fit.ch\/fr\/shop\/filtre-particule-pour-iveco-daily-2-3td-dpf-11096h-55#breadcrumb\",\"itemListElement\":[{\"@type\":\"ListItem\",\"position\":1,\"name\":\"Startseite\",\"item\":\"https:\/\/uni-fit.ch\/fr\"},{\"@type\":\"ListItem\",\"position\":2,\"name\":\"Shop\",\"item\":\"https:\/\/uni-fit.ch\/shop\"},{\"@type\":\"ListItem\",\"position\":3,\"name\":\"Filtre particule pour IVECO DAILY 2.3TD &#8211; DPF 11096H-55\"}]},{\"@type\":\"WebSite\",\"@id\":\"https:\/\/uni-fit.ch\/it\/#website\",\"url\":\"https:\/\/uni-fit.ch\/it\/\",\"name\":\"Catalyseurs UNI-FIT\",\"description\":\"Catalyseur et filtre \u00e0 particules pour voitures et camionnettes\",\"publisher\":{\"@id\":\"https:\/\/uni-fit.ch\/it\/#organization\"},\"potentialAction\":[{\"@type\":\"SearchAction\",\"target\":{\"@type\":\"EntryPoint\",\"urlTemplate\":\"https:\/\/uni-fit.ch\/it\/?s={search_term_string}\"},\"query-input\":\"required name=search_term_string\"}],\"inLanguage\":\"fr-FR\"},{\"@type\":\"Organization\",\"@id\":\"https:\/\/uni-fit.ch\/it\/#organization\",\"name\":\"UNI-FIT Katalysatoren GmbH\",\"url\":\"https:\/\/uni-fit.ch\/it\/\",\"logo\":{\"@type\":\"ImageObject\",\"inLanguage\":\"fr-FR\",\"@id\":\"https:\/\/uni-fit.ch\/it\/#\/schema\/logo\/image\/\",\"url\":\"https:\/\/uni-fit.ch\/wp-content\/uploads\/unifit-katalysatoren-email-logo.png\",\"contentUrl\":\"https:\/\/uni-fit.ch\/wp-content\/uploads\/unifit-katalysatoren-email-logo.png\",\"width\":600,\"height\":286,\"caption\":\"UNI-FIT Katalysatoren GmbH\"},\"image\":{\"@id\":\"https:\/\/uni-fit.ch\/it\/#\/schema\/logo\/image\/\"}}]}<\/script>\n<!-- \/ Yoast SEO plugin. -->","yoast_head_json":{"title":"Filtre particule pour IVECO DAILY 2.3TD - DPF 11096H-55 - Catalyseurs UNI-FIT","robots":{"index":"index","follow":"follow","max-snippet":"max-snippet:-1","max-image-preview":"max-image-preview:large","max-video-preview":"max-video-preview:-1"},"canonical":"https:\/\/uni-fit.ch\/fr\/shop\/filtre-particule-pour-iveco-daily-2-3td-dpf-11096h-55","og_locale":"fr_FR","og_type":"article","og_title":"Filtre particule pour IVECO DAILY 2.3TD - DPF 11096H-55 - Catalyseurs UNI-FIT","og_description":"Filtre particule pour IVECO DAILY 2.3TD 4\/06-8\/11 (Euro 4 Cat\/FAP combined)","og_url":"https:\/\/uni-fit.ch\/fr\/shop\/filtre-particule-pour-iveco-daily-2-3td-dpf-11096h-55","og_site_name":"Catalyseurs UNI-FIT","article_modified_time":"2020-08-04T13:34:30+00:00","og_image":[{"width":2024,"height":1938,"url":"https:\/\/uni-fit.ch\/wp-content\/uploads\/11096.jpg","type":"image\/jpeg"}],"twitter_card":"summary_large_image","twitter_misc":{"Dur\u00e9e de lecture estim\u00e9e":"1 minute"},"schema":{"@context":"https:\/\/schema.org","@graph":[{"@type":"WebPage","@id":"https:\/\/uni-fit.ch\/fr\/shop\/filtre-particule-pour-iveco-daily-2-3td-dpf-11096h-55","url":"https:\/\/uni-fit.ch\/fr\/shop\/filtre-particule-pour-iveco-daily-2-3td-dpf-11096h-55","name":"Filtre particule pour IVECO DAILY 2.3TD - DPF 11096H-55 - Catalyseurs UNI-FIT","isPartOf":{"@id":"https:\/\/uni-fit.ch\/it\/#website"},"primaryImageOfPage":{"@id":"https:\/\/uni-fit.ch\/fr\/shop\/filtre-particule-pour-iveco-daily-2-3td-dpf-11096h-55#primaryimage"},"image":{"@id":"https:\/\/uni-fit.ch\/fr\/shop\/filtre-particule-pour-iveco-daily-2-3td-dpf-11096h-55#primaryimage"},"thumbnailUrl":"https:\/\/uni-fit.ch\/wp-content\/uploads\/11096.jpg","datePublished":"2020-08-04T13:28:57+00:00","dateModified":"2020-08-04T13:34:30+00:00","breadcrumb":{"@id":"https:\/\/uni-fit.ch\/fr\/shop\/filtre-particule-pour-iveco-daily-2-3td-dpf-11096h-55#breadcrumb"},"inLanguage":"fr-FR","potentialAction":[{"@type":"ReadAction","target":["https:\/\/uni-fit.ch\/fr\/shop\/filtre-particule-pour-iveco-daily-2-3td-dpf-11096h-55"]}]},{"@type":"ImageObject","inLanguage":"fr-FR","@id":"https:\/\/uni-fit.ch\/fr\/shop\/filtre-particule-pour-iveco-daily-2-3td-dpf-11096h-55#primaryimage","url":"https:\/\/uni-fit.ch\/wp-content\/uploads\/11096.jpg","contentUrl":"https:\/\/uni-fit.ch\/wp-content\/uploads\/11096.jpg","width":2024,"height":1938},{"@type":"BreadcrumbList","@id":"https:\/\/uni-fit.ch\/fr\/shop\/filtre-particule-pour-iveco-daily-2-3td-dpf-11096h-55#breadcrumb","itemListElement":[{"@type":"ListItem","position":1,"name":"Startseite","item":"https:\/\/uni-fit.ch\/fr"},{"@type":"ListItem","position":2,"name":"Shop","item":"https:\/\/uni-fit.ch\/shop"},{"@type":"ListItem","position":3,"name":"Filtre particule pour IVECO DAILY 2.3TD &#8211; DPF 11096H-55"}]},{"@type":"WebSite","@id":"https:\/\/uni-fit.ch\/it\/#website","url":"https:\/\/uni-fit.ch\/it\/","name":"Catalyseurs UNI-FIT","description":"Catalyseur et filtre \u00e0 particules pour voitures et camionnettes","publisher":{"@id":"https:\/\/uni-fit.ch\/it\/#organization"},"potentialAction":[{"@type":"SearchAction","target":{"@type":"EntryPoint","urlTemplate":"https:\/\/uni-fit.ch\/it\/?s={search_term_string}"},"query-input":"required name=search_term_string"}],"inLanguage":"fr-FR"},{"@type":"Organization","@id":"https:\/\/uni-fit.ch\/it\/#organization","name":"UNI-FIT Katalysatoren GmbH","url":"https:\/\/uni-fit.ch\/it\/","logo":{"@type":"ImageObject","inLanguage":"fr-FR","@id":"https:\/\/uni-fit.ch\/it\/#\/schema\/logo\/image\/","url":"https:\/\/uni-fit.ch\/wp-content\/uploads\/unifit-katalysatoren-email-logo.png","contentUrl":"https:\/\/uni-fit.ch\/wp-content\/uploads\/unifit-katalysatoren-email-logo.png","width":600,"height":286,"caption":"UNI-FIT Katalysatoren GmbH"},"image":{"@id":"https:\/\/uni-fit.ch\/it\/#\/schema\/logo\/image\/"}}]}},"_links":{"self":[{"href":"https:\/\/uni-fit.ch\/fr\/wp-json\/wp\/v2\/product\/59392","targetHints":{"allow":["GET"]}}],"collection":[{"href":"https:\/\/uni-fit.ch\/fr\/wp-json\/wp\/v2\/product"}],"about":[{"href":"https:\/\/uni-fit.ch\/fr\/wp-json\/wp\/v2\/types\/product"}],"replies":[{"embeddable":true,"href":"https:\/\/uni-fit.ch\/fr\/wp-json\/wp\/v2\/comments?post=59392"}],"wp:featuredmedia":[{"embeddable":true,"href":"https:\/\/uni-fit.ch\/fr\/wp-json\/wp\/v2\/media\/59390"}],"wp:attachment":[{"href":"https:\/\/uni-fit.ch\/fr\/wp-json\/wp\/v2\/media?parent=59392"}],"wp:term":[{"taxonomy":"product_cat","embeddable":true,"href":"https:\/\/uni-fit.ch\/fr\/wp-json\/wp\/v2\/product_cat?post=59392"},{"taxonomy":"product_tag","embeddable":true,"href":"https:\/\/uni-fit.ch\/fr\/wp-json\/wp\/v2\/product_tag?post=59392"}],"curies":[{"name":"wp","href":"https:\/\/api.w.org\/{rel}","templated":true}]}}