{"id":61104,"date":"2020-10-27T17:38:04","date_gmt":"2020-10-27T16:38:04","guid":{"rendered":"https:\/\/uni-fit.ch\/shop\/catalyseurs-pour-ford-s-max-1-6-91996-55"},"modified":"2020-10-28T10:15:48","modified_gmt":"2020-10-28T09:15:48","slug":"catalyseurs-pour-ford-s-max-1-6-91996-55","status":"publish","type":"product","link":"https:\/\/uni-fit.ch\/fr\/shop\/catalyseurs-pour-ford-s-max-1-6-91996-55","title":{"rendered":"Catalyseurs pour FORD S-MAX 1.6. &#8211; 91996-55"},"content":{"rendered":"<p>Le catalyseur convient pour: FORD S-MAX 1.6 EcoBoost (JTWA; JTWB; moteur, EURO 5) 2 \/ 11-4 \/ 15, essence<\/p>\n<p>Cat\u00e9gorie: Catalyseurs<br \/>Fabricant: BM Catalysts<br \/>Informations suppl\u00e9mentaires: Catalyseurs diesel approuv\u00e9s<\/p>\n<p>N \u00b0 d&#8217;article UniFit: 91996-55<br \/>Num\u00e9ro d&#8217;article BMC: BM91996H \/ BM Catalysts<\/p>\n<p>Homologation de type: Homologation de type<\/p>\n<p>R\u00e9f\u00e9rences crois\u00e9es OE:<br \/>1702514\/1715062\/1718050\/1724812\/1738825\/1786866\/1803186\/1828223\/1839595 \/ AG915E211KJ \/ AG91-5E211-KJ \/ ME9G915E211BA &#8211; * Liste non n\u00e9cessairement exhaustive<\/p>\n<p>La description:<br \/>1.6 EcoBoost (JTWA; JTWB; moteurs, EURO 5)<\/p>\n<p>To_install_with:<br \/>Cette pi\u00e8ce a le kit de montage suivant disponible: FK91996<\/p>\n<p>Approbation: Type approuv\u00e9<\/p>\n<p>Mises en garde:<\/p>\n","protected":false},"excerpt":{"rendered":"<p>Catalyseurs pour: FORD S-MAX 1.6 EcoBoost (JTWA; JTWB engine, EURO 5) 2\/11-4\/15<\/p>\n","protected":false},"featured_media":61097,"comment_status":"closed","ping_status":"closed","template":"","meta":[],"product_cat":[3396],"product_tag":[5450,6455,6556,6595],"class_list":{"0":"post-61104","1":"product","2":"type-product","3":"status-publish","4":"has-post-thumbnail","6":"product_cat-catalyseurs","7":"product_tag-1-6-fr","8":"product_tag-essence","9":"product_tag-ford-fr","10":"product_tag-s-max-fr","11":"product_shipping_class-paket-kl-1-meter","12":"pa_hubraum-1-6-fr","13":"pa_marke-ford-fr-2","14":"pa_modell-s-max-fr-2","15":"pa_treibstoff-essence","16":"pa_warengruppe-katalysatoren-fr","18":"first","19":"instock","20":"taxable","21":"shipping-taxable","22":"purchasable","23":"product-type-simple"},"yoast_head":"<!-- This site is optimized with the Yoast SEO plugin v22.9 - https:\/\/yoast.com\/wordpress\/plugins\/seo\/ -->\n<title>Catalyseurs pour FORD S-MAX 1.6. - 91996-55 - Catalyseurs UNI-FIT<\/title>\n<meta name=\"robots\" content=\"index, follow, max-snippet:-1, max-image-preview:large, max-video-preview:-1\" \/>\n<link rel=\"canonical\" href=\"https:\/\/uni-fit.ch\/fr\/shop\/catalyseurs-pour-ford-s-max-1-6-91996-55\" \/>\n<meta property=\"og:locale\" content=\"fr_FR\" \/>\n<meta property=\"og:type\" content=\"article\" \/>\n<meta property=\"og:title\" content=\"Catalyseurs pour FORD S-MAX 1.6. - 91996-55 - Catalyseurs UNI-FIT\" \/>\n<meta property=\"og:description\" content=\"Catalyseurs pour: FORD S-MAX 1.6 EcoBoost (JTWA; JTWB engine, EURO 5) 2\/11-4\/15\" \/>\n<meta property=\"og:url\" content=\"https:\/\/uni-fit.ch\/fr\/shop\/catalyseurs-pour-ford-s-max-1-6-91996-55\" \/>\n<meta property=\"og:site_name\" content=\"Catalyseurs UNI-FIT\" \/>\n<meta property=\"article:modified_time\" content=\"2020-10-28T09:15:48+00:00\" \/>\n<meta property=\"og:image\" content=\"https:\/\/uni-fit.ch\/wp-content\/uploads\/91996.jpg\" \/>\n\t<meta property=\"og:image:width\" content=\"718\" \/>\n\t<meta property=\"og:image:height\" content=\"718\" \/>\n\t<meta property=\"og:image:type\" content=\"image\/jpeg\" \/>\n<meta name=\"twitter:card\" content=\"summary_large_image\" \/>\n<script type=\"application\/ld+json\" class=\"yoast-schema-graph\">{\"@context\":\"https:\/\/schema.org\",\"@graph\":[{\"@type\":\"WebPage\",\"@id\":\"https:\/\/uni-fit.ch\/fr\/shop\/catalyseurs-pour-ford-s-max-1-6-91996-55\",\"url\":\"https:\/\/uni-fit.ch\/fr\/shop\/catalyseurs-pour-ford-s-max-1-6-91996-55\",\"name\":\"Catalyseurs pour FORD S-MAX 1.6. - 91996-55 - Catalyseurs UNI-FIT\",\"isPartOf\":{\"@id\":\"https:\/\/uni-fit.ch\/it\/#website\"},\"primaryImageOfPage\":{\"@id\":\"https:\/\/uni-fit.ch\/fr\/shop\/catalyseurs-pour-ford-s-max-1-6-91996-55#primaryimage\"},\"image\":{\"@id\":\"https:\/\/uni-fit.ch\/fr\/shop\/catalyseurs-pour-ford-s-max-1-6-91996-55#primaryimage\"},\"thumbnailUrl\":\"https:\/\/uni-fit.ch\/wp-content\/uploads\/91996.jpg\",\"datePublished\":\"2020-10-27T16:38:04+00:00\",\"dateModified\":\"2020-10-28T09:15:48+00:00\",\"breadcrumb\":{\"@id\":\"https:\/\/uni-fit.ch\/fr\/shop\/catalyseurs-pour-ford-s-max-1-6-91996-55#breadcrumb\"},\"inLanguage\":\"fr-FR\",\"potentialAction\":[{\"@type\":\"ReadAction\",\"target\":[\"https:\/\/uni-fit.ch\/fr\/shop\/catalyseurs-pour-ford-s-max-1-6-91996-55\"]}]},{\"@type\":\"ImageObject\",\"inLanguage\":\"fr-FR\",\"@id\":\"https:\/\/uni-fit.ch\/fr\/shop\/catalyseurs-pour-ford-s-max-1-6-91996-55#primaryimage\",\"url\":\"https:\/\/uni-fit.ch\/wp-content\/uploads\/91996.jpg\",\"contentUrl\":\"https:\/\/uni-fit.ch\/wp-content\/uploads\/91996.jpg\",\"width\":718,\"height\":718},{\"@type\":\"BreadcrumbList\",\"@id\":\"https:\/\/uni-fit.ch\/fr\/shop\/catalyseurs-pour-ford-s-max-1-6-91996-55#breadcrumb\",\"itemListElement\":[{\"@type\":\"ListItem\",\"position\":1,\"name\":\"Startseite\",\"item\":\"https:\/\/uni-fit.ch\/fr\"},{\"@type\":\"ListItem\",\"position\":2,\"name\":\"Shop\",\"item\":\"https:\/\/uni-fit.ch\/shop\"},{\"@type\":\"ListItem\",\"position\":3,\"name\":\"Catalyseurs pour FORD S-MAX 1.6. &#8211; 91996-55\"}]},{\"@type\":\"WebSite\",\"@id\":\"https:\/\/uni-fit.ch\/it\/#website\",\"url\":\"https:\/\/uni-fit.ch\/it\/\",\"name\":\"Catalyseurs UNI-FIT\",\"description\":\"Catalyseur et filtre \u00e0 particules pour voitures et camionnettes\",\"publisher\":{\"@id\":\"https:\/\/uni-fit.ch\/it\/#organization\"},\"potentialAction\":[{\"@type\":\"SearchAction\",\"target\":{\"@type\":\"EntryPoint\",\"urlTemplate\":\"https:\/\/uni-fit.ch\/it\/?s={search_term_string}\"},\"query-input\":\"required name=search_term_string\"}],\"inLanguage\":\"fr-FR\"},{\"@type\":\"Organization\",\"@id\":\"https:\/\/uni-fit.ch\/it\/#organization\",\"name\":\"UNI-FIT Katalysatoren GmbH\",\"url\":\"https:\/\/uni-fit.ch\/it\/\",\"logo\":{\"@type\":\"ImageObject\",\"inLanguage\":\"fr-FR\",\"@id\":\"https:\/\/uni-fit.ch\/it\/#\/schema\/logo\/image\/\",\"url\":\"https:\/\/uni-fit.ch\/wp-content\/uploads\/unifit-katalysatoren-email-logo.png\",\"contentUrl\":\"https:\/\/uni-fit.ch\/wp-content\/uploads\/unifit-katalysatoren-email-logo.png\",\"width\":600,\"height\":286,\"caption\":\"UNI-FIT Katalysatoren GmbH\"},\"image\":{\"@id\":\"https:\/\/uni-fit.ch\/it\/#\/schema\/logo\/image\/\"}}]}<\/script>\n<!-- \/ Yoast SEO plugin. -->","yoast_head_json":{"title":"Catalyseurs pour FORD S-MAX 1.6. - 91996-55 - Catalyseurs UNI-FIT","robots":{"index":"index","follow":"follow","max-snippet":"max-snippet:-1","max-image-preview":"max-image-preview:large","max-video-preview":"max-video-preview:-1"},"canonical":"https:\/\/uni-fit.ch\/fr\/shop\/catalyseurs-pour-ford-s-max-1-6-91996-55","og_locale":"fr_FR","og_type":"article","og_title":"Catalyseurs pour FORD S-MAX 1.6. - 91996-55 - Catalyseurs UNI-FIT","og_description":"Catalyseurs pour: FORD S-MAX 1.6 EcoBoost (JTWA; JTWB engine, EURO 5) 2\/11-4\/15","og_url":"https:\/\/uni-fit.ch\/fr\/shop\/catalyseurs-pour-ford-s-max-1-6-91996-55","og_site_name":"Catalyseurs UNI-FIT","article_modified_time":"2020-10-28T09:15:48+00:00","og_image":[{"width":718,"height":718,"url":"https:\/\/uni-fit.ch\/wp-content\/uploads\/91996.jpg","type":"image\/jpeg"}],"twitter_card":"summary_large_image","schema":{"@context":"https:\/\/schema.org","@graph":[{"@type":"WebPage","@id":"https:\/\/uni-fit.ch\/fr\/shop\/catalyseurs-pour-ford-s-max-1-6-91996-55","url":"https:\/\/uni-fit.ch\/fr\/shop\/catalyseurs-pour-ford-s-max-1-6-91996-55","name":"Catalyseurs pour FORD S-MAX 1.6. - 91996-55 - Catalyseurs UNI-FIT","isPartOf":{"@id":"https:\/\/uni-fit.ch\/it\/#website"},"primaryImageOfPage":{"@id":"https:\/\/uni-fit.ch\/fr\/shop\/catalyseurs-pour-ford-s-max-1-6-91996-55#primaryimage"},"image":{"@id":"https:\/\/uni-fit.ch\/fr\/shop\/catalyseurs-pour-ford-s-max-1-6-91996-55#primaryimage"},"thumbnailUrl":"https:\/\/uni-fit.ch\/wp-content\/uploads\/91996.jpg","datePublished":"2020-10-27T16:38:04+00:00","dateModified":"2020-10-28T09:15:48+00:00","breadcrumb":{"@id":"https:\/\/uni-fit.ch\/fr\/shop\/catalyseurs-pour-ford-s-max-1-6-91996-55#breadcrumb"},"inLanguage":"fr-FR","potentialAction":[{"@type":"ReadAction","target":["https:\/\/uni-fit.ch\/fr\/shop\/catalyseurs-pour-ford-s-max-1-6-91996-55"]}]},{"@type":"ImageObject","inLanguage":"fr-FR","@id":"https:\/\/uni-fit.ch\/fr\/shop\/catalyseurs-pour-ford-s-max-1-6-91996-55#primaryimage","url":"https:\/\/uni-fit.ch\/wp-content\/uploads\/91996.jpg","contentUrl":"https:\/\/uni-fit.ch\/wp-content\/uploads\/91996.jpg","width":718,"height":718},{"@type":"BreadcrumbList","@id":"https:\/\/uni-fit.ch\/fr\/shop\/catalyseurs-pour-ford-s-max-1-6-91996-55#breadcrumb","itemListElement":[{"@type":"ListItem","position":1,"name":"Startseite","item":"https:\/\/uni-fit.ch\/fr"},{"@type":"ListItem","position":2,"name":"Shop","item":"https:\/\/uni-fit.ch\/shop"},{"@type":"ListItem","position":3,"name":"Catalyseurs pour FORD S-MAX 1.6. &#8211; 91996-55"}]},{"@type":"WebSite","@id":"https:\/\/uni-fit.ch\/it\/#website","url":"https:\/\/uni-fit.ch\/it\/","name":"Catalyseurs UNI-FIT","description":"Catalyseur et filtre \u00e0 particules pour voitures et camionnettes","publisher":{"@id":"https:\/\/uni-fit.ch\/it\/#organization"},"potentialAction":[{"@type":"SearchAction","target":{"@type":"EntryPoint","urlTemplate":"https:\/\/uni-fit.ch\/it\/?s={search_term_string}"},"query-input":"required name=search_term_string"}],"inLanguage":"fr-FR"},{"@type":"Organization","@id":"https:\/\/uni-fit.ch\/it\/#organization","name":"UNI-FIT Katalysatoren GmbH","url":"https:\/\/uni-fit.ch\/it\/","logo":{"@type":"ImageObject","inLanguage":"fr-FR","@id":"https:\/\/uni-fit.ch\/it\/#\/schema\/logo\/image\/","url":"https:\/\/uni-fit.ch\/wp-content\/uploads\/unifit-katalysatoren-email-logo.png","contentUrl":"https:\/\/uni-fit.ch\/wp-content\/uploads\/unifit-katalysatoren-email-logo.png","width":600,"height":286,"caption":"UNI-FIT Katalysatoren GmbH"},"image":{"@id":"https:\/\/uni-fit.ch\/it\/#\/schema\/logo\/image\/"}}]}},"_links":{"self":[{"href":"https:\/\/uni-fit.ch\/fr\/wp-json\/wp\/v2\/product\/61104","targetHints":{"allow":["GET"]}}],"collection":[{"href":"https:\/\/uni-fit.ch\/fr\/wp-json\/wp\/v2\/product"}],"about":[{"href":"https:\/\/uni-fit.ch\/fr\/wp-json\/wp\/v2\/types\/product"}],"replies":[{"embeddable":true,"href":"https:\/\/uni-fit.ch\/fr\/wp-json\/wp\/v2\/comments?post=61104"}],"wp:featuredmedia":[{"embeddable":true,"href":"https:\/\/uni-fit.ch\/fr\/wp-json\/wp\/v2\/media\/61097"}],"wp:attachment":[{"href":"https:\/\/uni-fit.ch\/fr\/wp-json\/wp\/v2\/media?parent=61104"}],"wp:term":[{"taxonomy":"product_cat","embeddable":true,"href":"https:\/\/uni-fit.ch\/fr\/wp-json\/wp\/v2\/product_cat?post=61104"},{"taxonomy":"product_tag","embeddable":true,"href":"https:\/\/uni-fit.ch\/fr\/wp-json\/wp\/v2\/product_tag?post=61104"}],"curies":[{"name":"wp","href":"https:\/\/api.w.org\/{rel}","templated":true}]}}