{"id":47915,"date":"2019-07-04T09:11:41","date_gmt":"2019-07-04T07:11:41","guid":{"rendered":"http:\/\/unifitch.cyon.link\/condizioni"},"modified":"2019-07-04T09:11:42","modified_gmt":"2019-07-04T07:11:42","slug":"condizioni","status":"publish","type":"page","link":"https:\/\/uni-fit.ch\/it\/condizioni","title":{"rendered":"Condizioni"},"content":{"rendered":"<div class=\"wpb-content-wrapper\"><p>[vc_row][vc_column][vc_column_text]<\/p>\n<h1><strong>Termini e condizioni generali UNI-FIT Katalysatoren GmbH<\/strong><\/h1>\n<p>[\/vc_column_text][\/vc_column][\/vc_row][vc_row][vc_column][vc_column_text]<strong>Generale<\/strong><\/p>\n<p><span>Le seguenti condizioni si applicano esclusivamente, anche se in singoli casi non sono indicati di seguito per tutte le nostre offerte, vendite e consegne.\u00a0<\/span><span>Con la distribuzione degli ordini, il cliente accetta i termini e le condizioni.\u00a0<\/span><span>Condizioni diverse sono valide solo se confermate da noi per iscritto.<\/span><\/p>\n<p>&nbsp;<\/p>\n<p><strong>Spedizione<\/strong><\/p>\n<p><span>La spedizione comprensiva di resi \u00e8 sempre a carico e rischio dell&#8217;acquirente.\u00a0I tempi di consegna non sono vincolanti.<\/span><\/p>\n<p><span>Consegniamo solo in Svizzera e nel Principato del Liechtenstein.<\/span><\/p>\n<p>&nbsp;<\/p>\n<p><strong>Garanzia e restituzione<\/strong><\/p>\n<p><span>La garanzia si estende esclusivamente alla sostituzione di parti difettose, ma non al di fuori dell&#8217;orario di lavoro e dei danni conseguenti.<\/span><\/p>\n<p><span>Sono esclusi ulteriori reclami da responsabilit\u00e0 di difetti e richieste di risarcimento per qualsiasi motivo.<\/span><\/p>\n<p><span>Prerequisito che il cliente abbia sostituito sapientemente la parte di ricambio e che le istruzioni di assemblaggio siano state seguite.<\/span><\/p>\n<p><span>Se i documenti richiesti non sono disponibili, la richiesta di garanzia verr\u00e0 respinta.<\/span><\/p>\n<p><span>Se, per uno scopo del reclamo, la merce \u00e8 stata restituita, la denuncia \u00e8 stata presentata per errore,<\/span><\/p>\n<p><span>Pertanto, il venditore ha il diritto di addebitare non solo il costo della spedizione, ma anche un ragionevole compenso per l&#8217;esame della merce.<\/span><\/p>\n<p><span>Il periodo di garanzia \u00e8 di 2 anni su parti nuove.<\/span><\/p>\n<p><span>Il diritto di ritorno \u00e8 di 14 giorni, la merce deve essere restituita inutilizzata come nello stato ricevuto.<\/span><\/p>\n<p><span>Eventuali spese di spedizione sostenute non saranno rimborsate e le spese di spedizione per la restituzione saranno a carico dell&#8217;acquirente<\/span><\/p>\n<p>&nbsp;<\/p>\n<p><strong><span>Prezzi e condizioni di pagamento<\/span><\/strong><\/p>\n<p>Alle angebotenen Preise sind CHF-Preise inkl. Mehrwertsteuer und gelten ab Lager zuz\u00fcglich Porto und Verpackung. Diese Preise k\u00f6nnen jederzeit ver\u00e4nderten Verh\u00e4ltnissen angepasst werden. Soweit Festpreise vereinbart wurden, gelten diese bis zur n\u00e4chsten allgemeinen Preis\u00e4nderung.\u00a0In jedem Falle bleibt s\u00e4mtliche Ware bis zur vollst\u00e4ndigen Bezahlung Eigentum des Verk\u00e4ufers.<\/p>\n<p><span>Le nostre fatture devono essere pagate in contanti alla consegna o in anticipo in anticipo o previo accordo entro 14 giorni sul conto.\u00a0Non accettiamo deduzioni non autorizzate.\u00a0Se nessun pagamento della fattura dovuta viene effettuato entro 1 settimana dal primo sollecito, il reclamo verr\u00e0 ritirato da un avvocato.\u00a0I costi di questa procedura sono a carico del cliente.\u00a0In questo caso, abbiamo il diritto di interrompere ulteriori consegne e di richiedere e richiedere tutte le fatture in sospeso.\u00a0Ci riserviamo il diritto di addebitare interessi in questo caso, che \u00e8 del 4% superiore al rispettivo tasso di sconto fissato dalle banche svizzere.<\/span><\/p>\n<p><span>Al momento dell&#8217;acquisto con carte di debito e di credito, l&#8217;addebito avviene al momento dell&#8217;ordine.\u00a0I dati per il pagamento tramite carte di credito e di debito sono criptati.\u00a0Al momento dell&#8217;acquisto sul pagamento anticipato, l&#8217;ordine verr\u00e0 attivato solo quando il pagamento corrispondente \u00e8 arrivato a UNI-FIT.\u00a0Gli articoli desiderati non possono essere prenotati durante questo periodo.\u00a0In caso di scarsa disponibilit\u00e0 di merci, pu\u00f2 accadere che merci con lo stato &#8220;in magazzino&#8221; non possano pi\u00f9 essere consegnate immediatamente fino a quando l&#8217;ordine non viene attivato.\u00a0Se il pagamento non viene ricevuto da UNI-FIT entro 5 giorni, UNI-FIT pu\u00f2 annullare l&#8217;ordine<\/span>.<\/p>\n<p>&nbsp;<\/p>\n<p><strong><span>Ordini<\/span><\/strong><\/p>\n<p><span>Per richieste telefoniche e ordini, il chiamante sostiene i costi di follow-up derivanti da errori uditivi o incomprensioni.<\/span><\/p>\n<p><span>Non siamo responsabili per errori e deviazioni nei nostri documenti di vendita e nelle dichiarazioni dei nostri dipendenti<\/span>.<\/p>\n<p>&nbsp;<\/p>\n<p><strong><span>Riserva di propriet\u00e0<\/span><\/strong><\/p>\n<p><span>Le merci rimangono di nostra propriet\u00e0 fino al completo pagamento.\u00a0<\/span><span>L&#8217;estensione della riserva di propriet\u00e0 \u00e8 concordata.\u00a0<\/span><span>In caso di ritardi nel pagamento, abbiamo il diritto di rimuovere anche le merci nella propriet\u00e0 del cliente che non sono state consegnate da noi nella misura in cui le fatture rimangono aperte.\u00a0<\/span><span>Possiamo esercitare questo diritto nel momento in cui il cliente ci apre, che non ha fondi disponibili per saldare le nostre fatture dovute.\u00a0<\/span><span>Se i beni non pagati sono sequestrati o diversamente compromessi, il cliente \u00e8 tenuto a informarci immediatamente &#8211; se il cliente non risponde, \u00e8 responsabile per il danno che abbiamo subito<\/span>.<\/p>\n<p>&nbsp;<\/p>\n<p><strong><span>Giurisdizione<\/span><\/strong><\/p>\n<p><span>Luogo di adempimento e foro competente \u00e8 &#8211; se non diversamente stabilito da noi &#8211; per tutte le controversie Laufen Basel-Land.\u00a0Con le controparti estere vale sempre la legge svizzera.<\/span><\/p>\n<p>&nbsp;<\/p>\n<p><strong><span>Contenuto dell&#8217;offerta online<\/span><\/strong><\/p>\n<p><span>L&#8217;autore si riserva il diritto di non essere responsabile per l&#8217;attualit\u00e0, la correttezza, la completezza o la qualit\u00e0 delle informazioni fornite.\u00a0<\/span><span>Richieste di risarcimento contro l&#8217;autore in materia di natura materiale o immateriale causati dall&#8217;uso o il disuso di informazioni o l&#8217;uso di informazioni inesatte o incomplete sono esclusi, a meno che l&#8217;autore non \u00e8 intenzionale o colpa grave \u00e8 presente.\u00a0<\/span><span>Tutte le offerte sono non vincolanti.\u00a0<\/span><span>L&#8217;autore si riserva espressamente il diritto di modificare, integrare o eliminare parti delle pagine o l&#8217;intera offerta senza preavviso o di interrompere temporaneamente o definitivamente la pubblicazione.<\/span><\/p>\n<p>&nbsp;<\/p>\n<p><strong><span>Diritto d&#8217;autore e diritto dei marchi<\/span><\/strong><br \/>\n<span>L&#8217;autore si impegna a rispettare i diritti d&#8217;autore delle immagini, file audio, video e testi, di utilizzare la propria grafica, file audio, sequenze video e testi di utilizzare o di utilizzare grafici privi di licenza, file audio, video e testi ,<\/span><br \/>\n<span>Tutti i nomi di marchi e marchi citati all&#8217;interno dell&#8217;offerta Internet ed eventualmente protetti da terzi sono soggetti senza restrizioni alle disposizioni della legge sui marchi rispettivamente validi e ai diritti di propriet\u00e0 dei rispettivi proprietari registrati.\u00a0Solo per la semplice menzione non si intende concludere che i marchi non sono protetti da diritti di terzi!\u00a0Il copyright per la pubblicazione, creato dagli oggetti dell&#8217;autore rimane esclusivamente con l&#8217;autore delle pagine.\u00a0La riproduzione o l&#8217;uso di tali elementi grafici, documenti audio, sequenze video e testi in altre pubblicazioni elettroniche o stampate non sono consentiti senza il consenso esplicito dell&#8217;autore.<\/span><\/p>\n<p>&nbsp;<\/p>\n<p><strong><span>Validit\u00e0 legale di questo disclaimer<\/span><\/strong><br \/>\n<span>Questo disclaimer deve essere considerato come parte dell&#8217;offerta Internet, da cui \u00e8 stato fatto riferimento a questa pagina.\u00a0Se sezioni o termini individuali di questa dichiarazione non sono legali o corretti, il contenuto o la validit\u00e0 delle altre parti non sono influenzati da questo fatto.<\/span><\/p>\n<p>&nbsp;<\/p>\n<p><strong><span>UNI-FIT catalysts GmbH<\/span><\/strong><\/p>\n<p><span>Novembre 2017<\/span><\/p>\n<p><span>\u00c8 vietato riprodurre o copiare i nostri dati senza il nostro consenso!<\/span><\/p>\n<p><span>Dati e grafica sono copyright \u00a9<\/span>[\/vc_column_text][\/vc_column][\/vc_row]<\/p>\n<\/div>","protected":false},"excerpt":{"rendered":"<p>[vc_row][vc_column][vc_column_text] Termini e condizioni generali UNI-FIT Katalysatoren GmbH [\/vc_column_text][\/vc_column][\/vc_row][vc_row][vc_column][vc_column_text]Generale Le seguenti condizioni si applicano esclusivamente, anche se in singoli casi non sono indicati di seguito per tutte le nostre offerte, vendite e consegne.\u00a0Con la distribuzione degli ordini, il cliente accetta i termini e le condizioni.\u00a0Condizioni diverse sono valide solo se confermate da noi per iscritto. [&hellip;]<\/p>\n","protected":false},"author":3,"featured_media":0,"parent":0,"menu_order":0,"comment_status":"closed","ping_status":"closed","template":"","meta":{"footnotes":""},"class_list":["post-47915","page","type-page","status-publish","hentry"],"yoast_head":"<!-- This site is optimized with the Yoast SEO plugin v22.9 - https:\/\/yoast.com\/wordpress\/plugins\/seo\/ -->\n<title>Condizioni - Catalizzatori UNI-FIT<\/title>\n<meta name=\"robots\" content=\"index, follow, max-snippet:-1, max-image-preview:large, max-video-preview:-1\" \/>\n<link rel=\"canonical\" href=\"https:\/\/uni-fit.ch\/it\/condizioni\" \/>\n<meta property=\"og:locale\" content=\"it_IT\" \/>\n<meta property=\"og:type\" content=\"article\" \/>\n<meta property=\"og:title\" content=\"Condizioni - Catalizzatori UNI-FIT\" \/>\n<meta property=\"og:description\" content=\"[vc_row][vc_column][vc_column_text] Termini e condizioni generali UNI-FIT Katalysatoren GmbH [\/vc_column_text][\/vc_column][\/vc_row][vc_row][vc_column][vc_column_text]Generale Le seguenti condizioni si applicano esclusivamente, anche se in singoli casi non sono indicati di seguito per tutte le nostre offerte, vendite e consegne.\u00a0Con la distribuzione degli ordini, il cliente accetta i termini e le condizioni.\u00a0Condizioni diverse sono valide solo se confermate da noi per iscritto. [&hellip;]\" \/>\n<meta property=\"og:url\" content=\"https:\/\/uni-fit.ch\/it\/condizioni\" \/>\n<meta property=\"og:site_name\" content=\"Catalizzatori UNI-FIT\" \/>\n<meta property=\"article:modified_time\" content=\"2019-07-04T07:11:42+00:00\" \/>\n<meta name=\"twitter:card\" content=\"summary_large_image\" \/>\n<meta name=\"twitter:label1\" content=\"Tempo di lettura stimato\" \/>\n\t<meta name=\"twitter:data1\" content=\"5 minuti\" \/>\n<script type=\"application\/ld+json\" class=\"yoast-schema-graph\">{\"@context\":\"https:\/\/schema.org\",\"@graph\":[{\"@type\":\"WebPage\",\"@id\":\"https:\/\/uni-fit.ch\/it\/condizioni\",\"url\":\"https:\/\/uni-fit.ch\/it\/condizioni\",\"name\":\"Condizioni - Catalizzatori UNI-FIT\",\"isPartOf\":{\"@id\":\"https:\/\/uni-fit.ch\/it\/#website\"},\"datePublished\":\"2019-07-04T07:11:41+00:00\",\"dateModified\":\"2019-07-04T07:11:42+00:00\",\"breadcrumb\":{\"@id\":\"https:\/\/uni-fit.ch\/it\/condizioni#breadcrumb\"},\"inLanguage\":\"it-IT\",\"potentialAction\":[{\"@type\":\"ReadAction\",\"target\":[\"https:\/\/uni-fit.ch\/it\/condizioni\"]}]},{\"@type\":\"BreadcrumbList\",\"@id\":\"https:\/\/uni-fit.ch\/it\/condizioni#breadcrumb\",\"itemListElement\":[{\"@type\":\"ListItem\",\"position\":1,\"name\":\"Startseite\",\"item\":\"https:\/\/uni-fit.ch\/it\"},{\"@type\":\"ListItem\",\"position\":2,\"name\":\"Condizioni\"}]},{\"@type\":\"WebSite\",\"@id\":\"https:\/\/uni-fit.ch\/it\/#website\",\"url\":\"https:\/\/uni-fit.ch\/it\/\",\"name\":\"Catalizzatori UNI-FIT\",\"description\":\"Catalizzatore e negozio di filtri antiparticolato per auto e furgoni\",\"publisher\":{\"@id\":\"https:\/\/uni-fit.ch\/it\/#organization\"},\"potentialAction\":[{\"@type\":\"SearchAction\",\"target\":{\"@type\":\"EntryPoint\",\"urlTemplate\":\"https:\/\/uni-fit.ch\/it\/?s={search_term_string}\"},\"query-input\":\"required name=search_term_string\"}],\"inLanguage\":\"it-IT\"},{\"@type\":\"Organization\",\"@id\":\"https:\/\/uni-fit.ch\/it\/#organization\",\"name\":\"UNI-FIT Katalysatoren GmbH\",\"url\":\"https:\/\/uni-fit.ch\/it\/\",\"logo\":{\"@type\":\"ImageObject\",\"inLanguage\":\"it-IT\",\"@id\":\"https:\/\/uni-fit.ch\/it\/#\/schema\/logo\/image\/\",\"url\":\"https:\/\/uni-fit.ch\/wp-content\/uploads\/unifit-katalysatoren-email-logo.png\",\"contentUrl\":\"https:\/\/uni-fit.ch\/wp-content\/uploads\/unifit-katalysatoren-email-logo.png\",\"width\":600,\"height\":286,\"caption\":\"UNI-FIT Katalysatoren GmbH\"},\"image\":{\"@id\":\"https:\/\/uni-fit.ch\/it\/#\/schema\/logo\/image\/\"}}]}<\/script>\n<!-- \/ Yoast SEO plugin. -->","yoast_head_json":{"title":"Condizioni - Catalizzatori UNI-FIT","robots":{"index":"index","follow":"follow","max-snippet":"max-snippet:-1","max-image-preview":"max-image-preview:large","max-video-preview":"max-video-preview:-1"},"canonical":"https:\/\/uni-fit.ch\/it\/condizioni","og_locale":"it_IT","og_type":"article","og_title":"Condizioni - Catalizzatori UNI-FIT","og_description":"[vc_row][vc_column][vc_column_text] Termini e condizioni generali UNI-FIT Katalysatoren GmbH [\/vc_column_text][\/vc_column][\/vc_row][vc_row][vc_column][vc_column_text]Generale Le seguenti condizioni si applicano esclusivamente, anche se in singoli casi non sono indicati di seguito per tutte le nostre offerte, vendite e consegne.\u00a0Con la distribuzione degli ordini, il cliente accetta i termini e le condizioni.\u00a0Condizioni diverse sono valide solo se confermate da noi per iscritto. [&hellip;]","og_url":"https:\/\/uni-fit.ch\/it\/condizioni","og_site_name":"Catalizzatori UNI-FIT","article_modified_time":"2019-07-04T07:11:42+00:00","twitter_card":"summary_large_image","twitter_misc":{"Tempo di lettura stimato":"5 minuti"},"schema":{"@context":"https:\/\/schema.org","@graph":[{"@type":"WebPage","@id":"https:\/\/uni-fit.ch\/it\/condizioni","url":"https:\/\/uni-fit.ch\/it\/condizioni","name":"Condizioni - Catalizzatori UNI-FIT","isPartOf":{"@id":"https:\/\/uni-fit.ch\/it\/#website"},"datePublished":"2019-07-04T07:11:41+00:00","dateModified":"2019-07-04T07:11:42+00:00","breadcrumb":{"@id":"https:\/\/uni-fit.ch\/it\/condizioni#breadcrumb"},"inLanguage":"it-IT","potentialAction":[{"@type":"ReadAction","target":["https:\/\/uni-fit.ch\/it\/condizioni"]}]},{"@type":"BreadcrumbList","@id":"https:\/\/uni-fit.ch\/it\/condizioni#breadcrumb","itemListElement":[{"@type":"ListItem","position":1,"name":"Startseite","item":"https:\/\/uni-fit.ch\/it"},{"@type":"ListItem","position":2,"name":"Condizioni"}]},{"@type":"WebSite","@id":"https:\/\/uni-fit.ch\/it\/#website","url":"https:\/\/uni-fit.ch\/it\/","name":"Catalizzatori UNI-FIT","description":"Catalizzatore e negozio di filtri antiparticolato per auto e furgoni","publisher":{"@id":"https:\/\/uni-fit.ch\/it\/#organization"},"potentialAction":[{"@type":"SearchAction","target":{"@type":"EntryPoint","urlTemplate":"https:\/\/uni-fit.ch\/it\/?s={search_term_string}"},"query-input":"required name=search_term_string"}],"inLanguage":"it-IT"},{"@type":"Organization","@id":"https:\/\/uni-fit.ch\/it\/#organization","name":"UNI-FIT Katalysatoren GmbH","url":"https:\/\/uni-fit.ch\/it\/","logo":{"@type":"ImageObject","inLanguage":"it-IT","@id":"https:\/\/uni-fit.ch\/it\/#\/schema\/logo\/image\/","url":"https:\/\/uni-fit.ch\/wp-content\/uploads\/unifit-katalysatoren-email-logo.png","contentUrl":"https:\/\/uni-fit.ch\/wp-content\/uploads\/unifit-katalysatoren-email-logo.png","width":600,"height":286,"caption":"UNI-FIT Katalysatoren GmbH"},"image":{"@id":"https:\/\/uni-fit.ch\/it\/#\/schema\/logo\/image\/"}}]}},"_links":{"self":[{"href":"https:\/\/uni-fit.ch\/it\/wp-json\/wp\/v2\/pages\/47915","targetHints":{"allow":["GET"]}}],"collection":[{"href":"https:\/\/uni-fit.ch\/it\/wp-json\/wp\/v2\/pages"}],"about":[{"href":"https:\/\/uni-fit.ch\/it\/wp-json\/wp\/v2\/types\/page"}],"author":[{"embeddable":true,"href":"https:\/\/uni-fit.ch\/it\/wp-json\/wp\/v2\/users\/3"}],"replies":[{"embeddable":true,"href":"https:\/\/uni-fit.ch\/it\/wp-json\/wp\/v2\/comments?post=47915"}],"version-history":[{"count":0,"href":"https:\/\/uni-fit.ch\/it\/wp-json\/wp\/v2\/pages\/47915\/revisions"}],"wp:attachment":[{"href":"https:\/\/uni-fit.ch\/it\/wp-json\/wp\/v2\/media?parent=47915"}],"curies":[{"name":"wp","href":"https:\/\/api.w.org\/{rel}","templated":true}]}}