{"id":47916,"date":"2019-07-04T09:19:49","date_gmt":"2019-07-04T07:19:49","guid":{"rendered":"http:\/\/unifitch.cyon.link\/privacy-policy"},"modified":"2019-07-04T09:19:50","modified_gmt":"2019-07-04T07:19:50","slug":"privacy-policy","status":"publish","type":"page","link":"https:\/\/uni-fit.ch\/it\/privacy-policy","title":{"rendered":"Privacy Policy"},"content":{"rendered":"<div class=\"wpb-content-wrapper\"><p>[vc_row][vc_column][vc_empty_space][vc_row_inner][vc_column_inner][vc_column_text]<\/p>\n<h3>UNI-FIT Katalysatoren GmbH<\/h3>\n<p>Kohlbachstrasse 77<br \/>\n4242 Laufen<br \/>\nSvizzera<\/p>\n<p>Numero di Tel. 061 763 04 35<br \/>\nNumero di Fax. 061 763 04 37<\/p>\n<p>info@uni-fit.ch<\/p>\n<p>Luned\u00ec &#8211; venerd\u00ec: 08.00 &#8211; 20.00<br \/>\nSabato e domenica: chiuso<\/p>\n<p>numero di partita IVA: CHE 112739561<\/p>\n<p>&nbsp;<\/p>\n<p>Il nostro sito web \u00e8: https:\/\/uni-fit.ch<\/p>\n<p>&nbsp;<\/p>\n<p><strong><span>Gestione<\/span><\/strong><\/p>\n<p>Franco Lodato[\/vc_column_text][\/vc_column_inner][\/vc_row_inner][\/vc_column][\/vc_row][vc_row][vc_column][vc_empty_space][vc_row_inner][vc_column_inner][vc_column_text]<\/p>\n<h2><span>Scopo<\/span><\/h2>\n<p><span>UNI-FIT Katalysatoren GmbH \u00e8 lieta della vostra visita a uno dei nostri siti web uni-fit.ch e del vostro interesse per la nostra azienda e i nostri servizi.\u00a0La protezione delle informazioni personali durante l&#8217;elaborazione durante il processo aziendale \u00e8 molto importante per noi e vogliamo che tu ti senta sicuro quando visiti il \u200b\u200bnostro sito web.\u00a0Di seguito spieghiamo quali informazioni raccogliamo durante la visita al nostro sito Web e come vengono utilizzate.<\/span>[\/vc_column_text][vc_empty_space][\/vc_column_inner][\/vc_row_inner][vc_row_inner][vc_column_inner][vc_column_text]<\/p>\n<h2>Dati personali<\/h2>\n<p>I dati personali sono dettagli individuali su circostanze personali o di fatto di una persona fisica specifica o identificabile.\u00a0Questo include informazioni come il tuo vero nome, il tuo indirizzo, il tuo numero di telefono e la tua data di nascita.\u00a0Le informazioni che non sono direttamente correlate alla tua vera identit\u00e0 non sono informazioni personali.[\/vc_column_text][vc_empty_space][\/vc_column_inner][\/vc_row_inner][vc_row_inner][vc_column_inner][vc_column_text]<\/p>\n<h2>Raccolta e trattamento di dati personali<\/h2>\n<p>Se visitate il nostro sito web, il nostro server web di default temporaneamente i dati di connessione del computer indagatore, le pagine web visitate, la data e la durata della visita, i dati identificativi del tipo di browser e il sistema operativo e il sito web da cui che si visita.\u00a0ulteriori dati personali quali nome, indirizzo, numero di telefono o indirizzo e-mail non sono raccolte a meno che queste informazioni vengono fornite volontariamente, ad esempio nell&#8217;ambito di una registrazione, di un sondaggio, per l&#8217;esecuzione di un contratto o di una richiesta di informazioni.[\/vc_column_text][vc_empty_space][\/vc_column_inner][\/vc_row_inner][vc_row_inner][vc_column_inner][vc_column_text]<\/p>\n<h2>Uso e divulgazione di dati personali<\/h2>\n<p>I dati personali forniti da voi vengono utilizzati esclusivamente a fini di amministrazione tecnica delle pagine Web e per l&#8217;adempimento dei vostri desideri e requisiti, che di solito \u00e8 per l&#8217;elaborazione del contratto concluso con voi o per rispondere alla vostra richiesta.\u00a0Se ci avete dato il vostro previo consenso o se &#8211; per quanto previsto dalle disposizioni statutarie in tal senso &#8211; non avete\u00a0<em>sollevato<\/em>\u00a0obiezioni o in un rapporto commerciale con\u00a0<em>UNI-FIT Katalysatoren GmbH<\/em>Utilizziamo questi dati anche per newsletter e scopi di marketing.\u00a0Qualsiasi trasferimento, vendita o altro trasferimento di dati personali a terzi non avverr\u00e0 a meno che ci\u00f2 non sia necessario ai fini dell&#8217;esecuzione del contratto o se l&#8217;utente abbia espressamente acconsentito ad esso.[\/vc_column_text][vc_empty_space][\/vc_column_inner][\/vc_row_inner][vc_row_inner][vc_column_inner][vc_column_text]<\/p>\n<h2>Uso dei cookie<\/h2>\n<p>Sui nostri siti Web, generalmente non utilizziamo i cookie.\u00a0Solo in casi eccezionali vengono utilizzati i cosiddetti cookie di sessione, che memorizzano i dati di controllo della sessione tecnica nella memoria del browser.\u00a0Questi dati non sono personali.\u00a0Inoltre, segnaliamo che in tutte le pi\u00f9 diffuse funzioni del browser software sono generalmente disponibili le funzioni di gestione o disattivazione dei cookie.[\/vc_column_text][vc_empty_space][\/vc_column_inner][\/vc_row_inner][vc_row_inner][vc_column_inner][vc_column_text]<\/p>\n<h2><span>Uso di Google Analytics<\/span><\/h2>\n<p><span>Questo sito Web utilizza Google Analytics, un servizio di analisi web fornito da Google Inc., per consentire un&#8217;analisi dell&#8217;uso del sito web.\u00a0Abbiamo ottimizzato l&#8217;uso di Google Analytics alle specifiche del Commissario per la protezione dei dati di Amburgo, incluso accorciamento \/ anonimizzazione degli indirizzi IP degli utenti e conclusione di un contratto di dati sugli ordini con Google.\u00a0Le informazioni generate dall&#8217;uso di Google Analytics sull&#8217;utilizzo di questo sito web sono trasmesse a un server di Google Inc. negli Stati Uniti e conservate l\u00ec per 12 mesi.\u00a0Google utilizzer\u00e0 le informazioni raccolte solo per analizzare l&#8217;utilizzo del sito Web creando report e grafici anonimi sul numero di visite, il numero di pagine visualizzate per utente e cos\u00ec via.\u00a0Li usiamo esclusivamente per le finalit\u00e0 della nostra ricerca di mercato e soprattutto per l&#8217;ottimizzazione e la progettazione basata sui bisogni dei nostri siti web.\u00a0Se generalmente non desideri ricevere \/ elaborare i tuoi dati tramite Google Analytics, puoi farlo sui siti web di Google<\/span><a href=\"http:\/\/tools.google.com\/dlpage\/gaoptout?hl=de\"><span>http:\/\/tools.google.com\/dlpage\/gaoptout?hl=it<\/span><\/a><span>\u00a0attivando un componente aggiuntivo per il tuo browser.\u00a0Per ulteriori informazioni sulla tecnologia utilizzata da Google,\u00a0<\/span><a href=\"http:\/\/www.google.com\/analytics\"><span>visitare www.google.com\/analytics<\/span><\/a><span>\u00a0.<\/span>[\/vc_column_text][vc_empty_space][\/vc_column_inner][\/vc_row_inner][vc_row_inner][vc_column_inner][vc_column_text]<\/p>\n<h2><span>Facebook social plugin<\/span><\/h2>\n<p><span>Sui nostri siti web utilizziamo i social plugin (nel seguito: &#8220;plugin&#8221;) del social network\u00a0<\/span><a href=\"http:\/\/www.facebook.com\/\"><span>www.facebook.com<\/span><\/a><span>, che \u00e8 gestito da Facebook Inc., USA, o Facebook Ireland Ltd., Irlanda (&#8220;Facebook&#8221;).\u00a0I plugin sono riconoscibili da un logo di Facebook.\u00a0Se si richiama un sito Web che contiene tale plug-in, il browser stabilisce una connessione diretta ai server di Facebook.\u00a0Il contenuto del plugin \u00e8 trasmesso da Facebook direttamente al tuo browser e integrato da questo nel sito web.\u00a0Integrando i plug-in, Facebook verr\u00e0 informato di aver effettuato l&#8217;accesso al sito Web corrispondente.\u00a0Se hai effettuato l&#8217;accesso a Facebook, Facebook pu\u00f2 assegnare la visita al tuo account Facebook.\u00a0Se si interagisce con i plugin, ad esempio, fare clic sul pulsante &#8220;Mi piace&#8221; o lasciare un commento, le informazioni vengono trasmesse dal browser direttamente a Facebook e memorizzate l\u00ec.\u00a0Se si desidera evitare che Facebook raccolga tali dati su di te tramite un sito Web contenente un plug-in, \u00e8 necessario disconnettersi da Facebook prima di chiamare il sito Web corrispondente.\u00a0Lo scopo e la portata della raccolta dei dati e l&#8217;ulteriore elaborazione e utilizzo dei dati da parte di Facebook, nonch\u00e9 i diritti e le opzioni di impostazione per la protezione della tua privacy, puoi anche prendere dalla politica sulla privacy di Facebook.<\/span>[\/vc_column_text][vc_empty_space][\/vc_column_inner][\/vc_row_inner][vc_row_inner][vc_column_inner][vc_column_text]<\/p>\n<h2><span>Plugin sociali di Google, Twitter, ecc<\/span><\/h2>\n<p><span>Nei nostri siti Web utilizziamo anche plug-in sociali di altri provider come Twitter, LinkedIn, XING e Google.\u00a0Natura e la portata di questi dati eventualmente trasmessi, fare riferimento alle istruzioni del fornitore di contenuti\u00a0<\/span><a href=\"https:\/\/privacy.xing.com\/de\"><span>https:\/\/privacy.xing.com\/de<\/span><\/a><span>\u00a0,\u00a0<\/span><a href=\"https:\/\/www.linkedin.com\/legal\/privacy-policy?trk=uno-reg-guest-home-privacy-policy\"><span>https:\/\/www.linkedin.com\/legal\/privacy-policy?trk=uno- reg-ospite-casa-privacy-policy<\/span><\/a><span>\u00a0,\u00a0<\/span><a href=\"http:\/\/www.twitter.com\/\"><span>www.twitter.com<\/span><\/a><span>\u00a0, e (per la funzione &#8220;pubblicamente +1&#8221; di Google) su\u00a0<\/span><a href=\"http:\/\/www.google.de\/intl\/de\/privacy\/plusone\"><span>http:\/\/www.google.de\/intl\/de\/privacy\/plusone<\/span><\/a><span>\u00a0.<\/span>[\/vc_column_text][vc_empty_space][\/vc_column_inner][\/vc_row_inner][vc_row_inner][vc_column_inner][vc_column_text]<\/p>\n<h2>S<span>icurezza<\/span><\/h2>\n<p><span>UNI-FIT Katalysatoren GmbH adotta tutte le misure di sicurezza tecniche e organizzative necessarie per proteggere i dati personali dalla perdita e dall&#8217;uso improprio.\u00a0Questo salva i tuoi dati in un ambiente operativo sicuro che \u00e8 inaccessibile al pubblico.\u00a0I tuoi dati personali vengono crittografati durante la trasmissione dalla cosiddetta tecnologia Secure Socket Layer (SSL).\u00a0Ci\u00f2 significa che la comunicazione tra il tuo computer e i nostri server avviene tramite un metodo di crittografia riconosciuto, se il tuo browser supporta SSL.\u00a0Su richiesta scritta, sarai naturalmente informato da noi, quali dati abbiamo memorizzato sulla tua persona (es. Nome, indirizzo).<\/span>[\/vc_column_text][vc_empty_space][\/vc_column_inner][\/vc_row_inner][\/vc_column][\/vc_row]<\/p>\n<\/div>","protected":false},"excerpt":{"rendered":"<p>[vc_row][vc_column][vc_empty_space][vc_row_inner][vc_column_inner][vc_column_text] UNI-FIT Katalysatoren GmbH Kohlbachstrasse 77 4242 Laufen Svizzera Numero di Tel. 061 763 04 35 Numero di Fax. 061 763 04 37 info@uni-fit.ch Luned\u00ec &#8211; venerd\u00ec: 08.00 &#8211; 20.00 Sabato e domenica: chiuso numero di partita IVA: CHE 112739561 &nbsp; Il nostro sito web \u00e8: https:\/\/uni-fit.ch &nbsp; Gestione Franco Lodato[\/vc_column_text][\/vc_column_inner][\/vc_row_inner][\/vc_column][\/vc_row][vc_row][vc_column][vc_empty_space][vc_row_inner][vc_column_inner][vc_column_text] Scopo UNI-FIT Katalysatoren GmbH [&hellip;]<\/p>\n","protected":false},"author":3,"featured_media":0,"parent":0,"menu_order":0,"comment_status":"closed","ping_status":"open","template":"","meta":{"footnotes":""},"class_list":["post-47916","page","type-page","status-publish","hentry"],"yoast_head":"<!-- This site is optimized with the Yoast SEO plugin v22.9 - https:\/\/yoast.com\/wordpress\/plugins\/seo\/ -->\n<title>Privacy Policy - Catalizzatori UNI-FIT<\/title>\n<meta name=\"robots\" content=\"index, follow, max-snippet:-1, max-image-preview:large, max-video-preview:-1\" \/>\n<link rel=\"canonical\" href=\"https:\/\/uni-fit.ch\/it\/privacy-policy\" \/>\n<meta property=\"og:locale\" content=\"it_IT\" \/>\n<meta property=\"og:type\" content=\"article\" \/>\n<meta property=\"og:title\" content=\"Privacy Policy - Catalizzatori UNI-FIT\" \/>\n<meta property=\"og:description\" content=\"[vc_row][vc_column][vc_empty_space][vc_row_inner][vc_column_inner][vc_column_text] UNI-FIT Katalysatoren GmbH Kohlbachstrasse 77 4242 Laufen Svizzera Numero di Tel. 061 763 04 35 Numero di Fax. 061 763 04 37 info@uni-fit.ch Luned\u00ec &#8211; venerd\u00ec: 08.00 &#8211; 20.00 Sabato e domenica: chiuso numero di partita IVA: CHE 112739561 &nbsp; Il nostro sito web \u00e8: https:\/\/uni-fit.ch &nbsp; Gestione Franco Lodato[\/vc_column_text][\/vc_column_inner][\/vc_row_inner][\/vc_column][\/vc_row][vc_row][vc_column][vc_empty_space][vc_row_inner][vc_column_inner][vc_column_text] Scopo UNI-FIT Katalysatoren GmbH [&hellip;]\" \/>\n<meta property=\"og:url\" content=\"https:\/\/uni-fit.ch\/it\/privacy-policy\" \/>\n<meta property=\"og:site_name\" content=\"Catalizzatori UNI-FIT\" \/>\n<meta property=\"article:modified_time\" content=\"2019-07-04T07:19:50+00:00\" \/>\n<meta name=\"twitter:card\" content=\"summary_large_image\" \/>\n<meta name=\"twitter:label1\" content=\"Tempo di lettura stimato\" \/>\n\t<meta name=\"twitter:data1\" content=\"6 minuti\" \/>\n<script type=\"application\/ld+json\" class=\"yoast-schema-graph\">{\"@context\":\"https:\/\/schema.org\",\"@graph\":[{\"@type\":\"WebPage\",\"@id\":\"https:\/\/uni-fit.ch\/it\/privacy-policy\",\"url\":\"https:\/\/uni-fit.ch\/it\/privacy-policy\",\"name\":\"Privacy Policy - Catalizzatori UNI-FIT\",\"isPartOf\":{\"@id\":\"https:\/\/uni-fit.ch\/it\/#website\"},\"datePublished\":\"2019-07-04T07:19:49+00:00\",\"dateModified\":\"2019-07-04T07:19:50+00:00\",\"breadcrumb\":{\"@id\":\"https:\/\/uni-fit.ch\/it\/privacy-policy#breadcrumb\"},\"inLanguage\":\"it-IT\",\"potentialAction\":[{\"@type\":\"ReadAction\",\"target\":[\"https:\/\/uni-fit.ch\/it\/privacy-policy\"]}]},{\"@type\":\"BreadcrumbList\",\"@id\":\"https:\/\/uni-fit.ch\/it\/privacy-policy#breadcrumb\",\"itemListElement\":[{\"@type\":\"ListItem\",\"position\":1,\"name\":\"Startseite\",\"item\":\"https:\/\/uni-fit.ch\/it\"},{\"@type\":\"ListItem\",\"position\":2,\"name\":\"Privacy Policy\"}]},{\"@type\":\"WebSite\",\"@id\":\"https:\/\/uni-fit.ch\/it\/#website\",\"url\":\"https:\/\/uni-fit.ch\/it\/\",\"name\":\"Catalizzatori UNI-FIT\",\"description\":\"Catalizzatore e negozio di filtri antiparticolato per auto e furgoni\",\"publisher\":{\"@id\":\"https:\/\/uni-fit.ch\/it\/#organization\"},\"potentialAction\":[{\"@type\":\"SearchAction\",\"target\":{\"@type\":\"EntryPoint\",\"urlTemplate\":\"https:\/\/uni-fit.ch\/it\/?s={search_term_string}\"},\"query-input\":\"required name=search_term_string\"}],\"inLanguage\":\"it-IT\"},{\"@type\":\"Organization\",\"@id\":\"https:\/\/uni-fit.ch\/it\/#organization\",\"name\":\"UNI-FIT Katalysatoren GmbH\",\"url\":\"https:\/\/uni-fit.ch\/it\/\",\"logo\":{\"@type\":\"ImageObject\",\"inLanguage\":\"it-IT\",\"@id\":\"https:\/\/uni-fit.ch\/it\/#\/schema\/logo\/image\/\",\"url\":\"https:\/\/uni-fit.ch\/wp-content\/uploads\/unifit-katalysatoren-email-logo.png\",\"contentUrl\":\"https:\/\/uni-fit.ch\/wp-content\/uploads\/unifit-katalysatoren-email-logo.png\",\"width\":600,\"height\":286,\"caption\":\"UNI-FIT Katalysatoren GmbH\"},\"image\":{\"@id\":\"https:\/\/uni-fit.ch\/it\/#\/schema\/logo\/image\/\"}}]}<\/script>\n<!-- \/ Yoast SEO plugin. -->","yoast_head_json":{"title":"Privacy Policy - Catalizzatori UNI-FIT","robots":{"index":"index","follow":"follow","max-snippet":"max-snippet:-1","max-image-preview":"max-image-preview:large","max-video-preview":"max-video-preview:-1"},"canonical":"https:\/\/uni-fit.ch\/it\/privacy-policy","og_locale":"it_IT","og_type":"article","og_title":"Privacy Policy - Catalizzatori UNI-FIT","og_description":"[vc_row][vc_column][vc_empty_space][vc_row_inner][vc_column_inner][vc_column_text] UNI-FIT Katalysatoren GmbH Kohlbachstrasse 77 4242 Laufen Svizzera Numero di Tel. 061 763 04 35 Numero di Fax. 061 763 04 37 info@uni-fit.ch Luned\u00ec &#8211; venerd\u00ec: 08.00 &#8211; 20.00 Sabato e domenica: chiuso numero di partita IVA: CHE 112739561 &nbsp; Il nostro sito web \u00e8: https:\/\/uni-fit.ch &nbsp; Gestione Franco Lodato[\/vc_column_text][\/vc_column_inner][\/vc_row_inner][\/vc_column][\/vc_row][vc_row][vc_column][vc_empty_space][vc_row_inner][vc_column_inner][vc_column_text] Scopo UNI-FIT Katalysatoren GmbH [&hellip;]","og_url":"https:\/\/uni-fit.ch\/it\/privacy-policy","og_site_name":"Catalizzatori UNI-FIT","article_modified_time":"2019-07-04T07:19:50+00:00","twitter_card":"summary_large_image","twitter_misc":{"Tempo di lettura stimato":"6 minuti"},"schema":{"@context":"https:\/\/schema.org","@graph":[{"@type":"WebPage","@id":"https:\/\/uni-fit.ch\/it\/privacy-policy","url":"https:\/\/uni-fit.ch\/it\/privacy-policy","name":"Privacy Policy - Catalizzatori UNI-FIT","isPartOf":{"@id":"https:\/\/uni-fit.ch\/it\/#website"},"datePublished":"2019-07-04T07:19:49+00:00","dateModified":"2019-07-04T07:19:50+00:00","breadcrumb":{"@id":"https:\/\/uni-fit.ch\/it\/privacy-policy#breadcrumb"},"inLanguage":"it-IT","potentialAction":[{"@type":"ReadAction","target":["https:\/\/uni-fit.ch\/it\/privacy-policy"]}]},{"@type":"BreadcrumbList","@id":"https:\/\/uni-fit.ch\/it\/privacy-policy#breadcrumb","itemListElement":[{"@type":"ListItem","position":1,"name":"Startseite","item":"https:\/\/uni-fit.ch\/it"},{"@type":"ListItem","position":2,"name":"Privacy Policy"}]},{"@type":"WebSite","@id":"https:\/\/uni-fit.ch\/it\/#website","url":"https:\/\/uni-fit.ch\/it\/","name":"Catalizzatori UNI-FIT","description":"Catalizzatore e negozio di filtri antiparticolato per auto e furgoni","publisher":{"@id":"https:\/\/uni-fit.ch\/it\/#organization"},"potentialAction":[{"@type":"SearchAction","target":{"@type":"EntryPoint","urlTemplate":"https:\/\/uni-fit.ch\/it\/?s={search_term_string}"},"query-input":"required name=search_term_string"}],"inLanguage":"it-IT"},{"@type":"Organization","@id":"https:\/\/uni-fit.ch\/it\/#organization","name":"UNI-FIT Katalysatoren GmbH","url":"https:\/\/uni-fit.ch\/it\/","logo":{"@type":"ImageObject","inLanguage":"it-IT","@id":"https:\/\/uni-fit.ch\/it\/#\/schema\/logo\/image\/","url":"https:\/\/uni-fit.ch\/wp-content\/uploads\/unifit-katalysatoren-email-logo.png","contentUrl":"https:\/\/uni-fit.ch\/wp-content\/uploads\/unifit-katalysatoren-email-logo.png","width":600,"height":286,"caption":"UNI-FIT Katalysatoren GmbH"},"image":{"@id":"https:\/\/uni-fit.ch\/it\/#\/schema\/logo\/image\/"}}]}},"_links":{"self":[{"href":"https:\/\/uni-fit.ch\/it\/wp-json\/wp\/v2\/pages\/47916","targetHints":{"allow":["GET"]}}],"collection":[{"href":"https:\/\/uni-fit.ch\/it\/wp-json\/wp\/v2\/pages"}],"about":[{"href":"https:\/\/uni-fit.ch\/it\/wp-json\/wp\/v2\/types\/page"}],"author":[{"embeddable":true,"href":"https:\/\/uni-fit.ch\/it\/wp-json\/wp\/v2\/users\/3"}],"replies":[{"embeddable":true,"href":"https:\/\/uni-fit.ch\/it\/wp-json\/wp\/v2\/comments?post=47916"}],"version-history":[{"count":0,"href":"https:\/\/uni-fit.ch\/it\/wp-json\/wp\/v2\/pages\/47916\/revisions"}],"wp:attachment":[{"href":"https:\/\/uni-fit.ch\/it\/wp-json\/wp\/v2\/media?parent=47916"}],"curies":[{"name":"wp","href":"https:\/\/api.w.org\/{rel}","templated":true}]}}