{"id":47921,"date":"2019-07-04T09:35:07","date_gmt":"2019-07-04T07:35:07","guid":{"rendered":"http:\/\/unifitch.cyon.link\/mappa-del-sito"},"modified":"2019-07-04T09:35:08","modified_gmt":"2019-07-04T07:35:08","slug":"mappa-del-sito","status":"publish","type":"page","link":"https:\/\/uni-fit.ch\/it\/mappa-del-sito","title":{"rendered":"Mappa del sito"},"content":{"rendered":"<div class=\"wpb-content-wrapper\"><p>[vc_row][vc_column width=&#8221;1\/2&#8243;][vc_column_text]<div class=\"wsp-container\"><ul class=\"wsp-pages-list\">\n<li class=\"page_item page-item-34927 current_page_parent\"><a href=\"https:\/\/uni-fit.ch\/it\/blog\">Blog<\/a><\/li>\n<li class=\"page_item page-item-29056\"><a href=\"https:\/\/uni-fit.ch\/it\/carrello\">Carrello<\/a><\/li>\n<li class=\"page_item page-item-47922\"><a href=\"https:\/\/uni-fit.ch\/it\/carriera-e-posti-di-lavoro\">Carriera e posti di lavoro<\/a><\/li>\n<li class=\"page_item page-item-34930\"><a href=\"https:\/\/uni-fit.ch\/it\/cassa\">Cassa<\/a><\/li>\n<li class=\"page_item page-item-29057\"><a href=\"https:\/\/uni-fit.ch\/it\/completa-transazione\">Cassa<\/a><\/li>\n<li class=\"page_item page-item-29059\"><a href=\"https:\/\/uni-fit.ch\/it\">Catalizzatori UNI-FIT &#8211; catalizzatore e filtro antiparticolato<\/a><\/li>\n<li class=\"page_item page-item-47920\"><a href=\"https:\/\/uni-fit.ch\/it\/chi-siamo\">Chi siamo<\/a><\/li>\n<li class=\"page_item page-item-47915\"><a href=\"https:\/\/uni-fit.ch\/it\/condizioni\">Condizioni<\/a><\/li>\n<li class=\"page_item page-item-47918\"><a href=\"https:\/\/uni-fit.ch\/it\/contatto\">Contatto<\/a><\/li>\n<li class=\"page_item page-item-47913\"><a href=\"https:\/\/uni-fit.ch\/it\/diagnosi-veloce\">Diagnosi veloce<\/a><\/li>\n<li class=\"page_item page-item-47652\"><a href=\"https:\/\/uni-fit.ch\/it\/download\">Download<\/a><\/li>\n<li class=\"page_item page-item-47654\"><a href=\"https:\/\/uni-fit.ch\/it\/faq\">FAQ<\/a><\/li>\n<li class=\"page_item page-item-2584\"><a href=\"https:\/\/uni-fit.ch\/it\/fehlerseite-2\">Fehlerseite<\/a><\/li>\n<li class=\"page_item page-item-1653\"><a href=\"https:\/\/uni-fit.ch\/it\/fehlerseite\">Fehlerseite<\/a><\/li>\n<li class=\"page_item page-item-29058\"><a href=\"https:\/\/uni-fit.ch\/it\/il-mio-account\">Il mio account<\/a><\/li>\n<li class=\"page_item page-item-47917\"><a href=\"https:\/\/uni-fit.ch\/it\/impronta\">Impronta<\/a><\/li>\n<li class=\"page_item page-item-47914\"><a href=\"https:\/\/uni-fit.ch\/it\/informazioni-sulla-garanzia\">Informazioni sulla garanzia<\/a><\/li>\n<li class=\"page_item page-item-47919\"><a href=\"https:\/\/uni-fit.ch\/it\/lista-dei-desideri\">Lista dei desideri<\/a><\/li>\n<li class=\"page_item page-item-47921\"><a href=\"https:\/\/uni-fit.ch\/it\/mappa-del-sito\">Mappa del sito<\/a><\/li>\n<li class=\"page_item page-item-62387\"><a href=\"https:\/\/uni-fit.ch\/it\/mein-konto\">Mein Konto<\/a><\/li>\n<li class=\"page_item page-item-29055\"><a href=\"https:\/\/uni-fit.ch\/it\/negozio\">Negozio<\/a><\/li>\n<li class=\"page_item page-item-47916\"><a href=\"https:\/\/uni-fit.ch\/it\/privacy-policy\">Privacy Policy<\/a><\/li>\n<li class=\"page_item page-item-62384\"><a href=\"https:\/\/uni-fit.ch\/it\/rueckerstattung_rueckgaben\">Richtlinie f\u00fcr R\u00fcckerstattungen und R\u00fcckgaben<\/a><\/li>\n<li class=\"page_item page-item-67\"><a href=\"https:\/\/uni-fit.ch\/it\/services\">Services<\/a><\/li>\n<\/ul>\n<\/div>[\/vc_column_text][\/vc_column][vc_column width=&#8221;1\/2&#8243;][vc_custom_heading text=&#8221;Chi <strong>siamo<\/strong>&#8221; use_theme_fonts=&#8221;yes&#8221; el_class=&#8221;m-b-md&#8221;][vc_column_text el_class=&#8221;lead&#8221;]<span>UNI-FIT \u00e8 specializzata in\u00a0<\/span><a href=\"https:\/\/uni-fit.ch\/shop\/katalysatoren\"><span>convertitori catalitici<\/span><\/a><span>\u00a0\u00a0e\u00a0\u00a0<\/span><a href=\"https:\/\/uni-fit.ch\/shop\/russpartikelfilter\"><span>filtri antiparticolato<\/span><\/a><span>\u00a0per auto e furgoni<\/span>.[\/vc_column_text][vc_column_text]<\/p>\n<ul class=\"list list-icons m-t-lg\">\n<li><i class=\"fa fa-check\"><\/i>I migliori prezzi in Svizzera<\/li>\n<li><i class=\"fa fa-check\"><\/i>filtro antiparticolato di ricambio<\/li>\n<li><i class=\"fa fa-check\"><\/i>Catalizzatori pronti per l&#8217;installazione<\/li>\n<li><i class=\"fa fa-check\"><\/i>sonda lambda<\/li>\n<li><i class=\"fa fa-check\"><\/i>Filtro per particelle di fuliggine<\/li>\n<li><i class=\"fa fa-check\"><\/i>sistemi di controllo dell&#8217;inquinamento<\/li>\n<li><i class=\"fa fa-check\"><\/i>Retrofit per filtro antiparticolato<\/li>\n<li><i class=\"fa fa-check\"><\/i>Accessori per sensori Lambda<\/li>\n<li><i class=\"fa fa-check\"><\/i>tubi flessibili<\/li>\n<li><i class=\"fa fa-check\"><\/i>Y-tubi<\/li>\n<li><i class=\"fa fa-check\"><\/i>tubi di collegamento<\/li>\n<li><i class=\"fa fa-check\"><\/i>Tubi a pressione per filtri antiparticolato<\/li>\n<li><i class=\"fa fa-check\"><\/i>Monolite per motocicli e scooter<\/li>\n<\/ul>\n<p>[\/vc_column_text][\/vc_column][\/vc_row]<\/p>\n<\/div>","protected":false},"excerpt":{"rendered":"<p>[vc_row][vc_column width=&#8221;1\/2&#8243;][vc_column_text][\/vc_column_text][\/vc_column][vc_column width=&#8221;1\/2&#8243;][vc_custom_heading text=&#8221;Chi siamo&#8221; use_theme_fonts=&#8221;yes&#8221; el_class=&#8221;m-b-md&#8221;][vc_column_text el_class=&#8221;lead&#8221;]UNI-FIT \u00e8 specializzata in\u00a0convertitori catalitici\u00a0\u00a0e\u00a0\u00a0filtri antiparticolato\u00a0per auto e furgoni.[\/vc_column_text][vc_column_text] I migliori prezzi in Svizzera filtro antiparticolato di ricambio Catalizzatori pronti per l&#8217;installazione sonda lambda Filtro per particelle di fuliggine sistemi di controllo dell&#8217;inquinamento Retrofit per filtro antiparticolato Accessori per sensori Lambda tubi flessibili Y-tubi tubi di collegamento Tubi [&hellip;]<\/p>\n","protected":false},"author":3,"featured_media":0,"parent":0,"menu_order":0,"comment_status":"closed","ping_status":"closed","template":"","meta":{"footnotes":""},"class_list":["post-47921","page","type-page","status-publish","hentry"],"yoast_head":"<!-- This site is optimized with the Yoast SEO plugin v22.9 - https:\/\/yoast.com\/wordpress\/plugins\/seo\/ -->\n<title>Mappa del sito - Catalizzatori UNI-FIT<\/title>\n<meta name=\"robots\" content=\"index, follow, max-snippet:-1, max-image-preview:large, max-video-preview:-1\" \/>\n<link rel=\"canonical\" href=\"https:\/\/uni-fit.ch\/it\/mappa-del-sito\" \/>\n<meta property=\"og:locale\" content=\"it_IT\" \/>\n<meta property=\"og:type\" content=\"article\" \/>\n<meta property=\"og:title\" content=\"Mappa del sito - Catalizzatori UNI-FIT\" \/>\n<meta property=\"og:description\" content=\"[vc_row][vc_column width=&#8221;1\/2&#8243;][vc_column_text][\/vc_column_text][\/vc_column][vc_column width=&#8221;1\/2&#8243;][vc_custom_heading text=&#8221;Chi siamo&#8221; use_theme_fonts=&#8221;yes&#8221; el_class=&#8221;m-b-md&#8221;][vc_column_text el_class=&#8221;lead&#8221;]UNI-FIT \u00e8 specializzata in\u00a0convertitori catalitici\u00a0\u00a0e\u00a0\u00a0filtri antiparticolato\u00a0per auto e furgoni.[\/vc_column_text][vc_column_text] I migliori prezzi in Svizzera filtro antiparticolato di ricambio Catalizzatori pronti per l&#8217;installazione sonda lambda Filtro per particelle di fuliggine sistemi di controllo dell&#8217;inquinamento Retrofit per filtro antiparticolato Accessori per sensori Lambda tubi flessibili Y-tubi tubi di collegamento Tubi [&hellip;]\" \/>\n<meta property=\"og:url\" content=\"https:\/\/uni-fit.ch\/it\/mappa-del-sito\" \/>\n<meta property=\"og:site_name\" content=\"Catalizzatori UNI-FIT\" \/>\n<meta property=\"article:modified_time\" content=\"2019-07-04T07:35:08+00:00\" \/>\n<meta name=\"twitter:card\" content=\"summary_large_image\" \/>\n<meta name=\"twitter:label1\" content=\"Tempo di lettura stimato\" \/>\n\t<meta name=\"twitter:data1\" content=\"1 minuto\" \/>\n<script type=\"application\/ld+json\" class=\"yoast-schema-graph\">{\"@context\":\"https:\/\/schema.org\",\"@graph\":[{\"@type\":\"WebPage\",\"@id\":\"https:\/\/uni-fit.ch\/it\/mappa-del-sito\",\"url\":\"https:\/\/uni-fit.ch\/it\/mappa-del-sito\",\"name\":\"Mappa del sito - Catalizzatori UNI-FIT\",\"isPartOf\":{\"@id\":\"https:\/\/uni-fit.ch\/it\/#website\"},\"datePublished\":\"2019-07-04T07:35:07+00:00\",\"dateModified\":\"2019-07-04T07:35:08+00:00\",\"breadcrumb\":{\"@id\":\"https:\/\/uni-fit.ch\/it\/mappa-del-sito#breadcrumb\"},\"inLanguage\":\"it-IT\",\"potentialAction\":[{\"@type\":\"ReadAction\",\"target\":[\"https:\/\/uni-fit.ch\/it\/mappa-del-sito\"]}]},{\"@type\":\"BreadcrumbList\",\"@id\":\"https:\/\/uni-fit.ch\/it\/mappa-del-sito#breadcrumb\",\"itemListElement\":[{\"@type\":\"ListItem\",\"position\":1,\"name\":\"Startseite\",\"item\":\"https:\/\/uni-fit.ch\/it\"},{\"@type\":\"ListItem\",\"position\":2,\"name\":\"Mappa del sito\"}]},{\"@type\":\"WebSite\",\"@id\":\"https:\/\/uni-fit.ch\/it\/#website\",\"url\":\"https:\/\/uni-fit.ch\/it\/\",\"name\":\"Catalizzatori UNI-FIT\",\"description\":\"Catalizzatore e negozio di filtri antiparticolato per auto e furgoni\",\"publisher\":{\"@id\":\"https:\/\/uni-fit.ch\/it\/#organization\"},\"potentialAction\":[{\"@type\":\"SearchAction\",\"target\":{\"@type\":\"EntryPoint\",\"urlTemplate\":\"https:\/\/uni-fit.ch\/it\/?s={search_term_string}\"},\"query-input\":\"required name=search_term_string\"}],\"inLanguage\":\"it-IT\"},{\"@type\":\"Organization\",\"@id\":\"https:\/\/uni-fit.ch\/it\/#organization\",\"name\":\"UNI-FIT Katalysatoren GmbH\",\"url\":\"https:\/\/uni-fit.ch\/it\/\",\"logo\":{\"@type\":\"ImageObject\",\"inLanguage\":\"it-IT\",\"@id\":\"https:\/\/uni-fit.ch\/it\/#\/schema\/logo\/image\/\",\"url\":\"https:\/\/uni-fit.ch\/wp-content\/uploads\/unifit-katalysatoren-email-logo.png\",\"contentUrl\":\"https:\/\/uni-fit.ch\/wp-content\/uploads\/unifit-katalysatoren-email-logo.png\",\"width\":600,\"height\":286,\"caption\":\"UNI-FIT Katalysatoren GmbH\"},\"image\":{\"@id\":\"https:\/\/uni-fit.ch\/it\/#\/schema\/logo\/image\/\"}}]}<\/script>\n<!-- \/ Yoast SEO plugin. -->","yoast_head_json":{"title":"Mappa del sito - Catalizzatori UNI-FIT","robots":{"index":"index","follow":"follow","max-snippet":"max-snippet:-1","max-image-preview":"max-image-preview:large","max-video-preview":"max-video-preview:-1"},"canonical":"https:\/\/uni-fit.ch\/it\/mappa-del-sito","og_locale":"it_IT","og_type":"article","og_title":"Mappa del sito - Catalizzatori UNI-FIT","og_description":"[vc_row][vc_column width=&#8221;1\/2&#8243;][vc_column_text][\/vc_column_text][\/vc_column][vc_column width=&#8221;1\/2&#8243;][vc_custom_heading text=&#8221;Chi siamo&#8221; use_theme_fonts=&#8221;yes&#8221; el_class=&#8221;m-b-md&#8221;][vc_column_text el_class=&#8221;lead&#8221;]UNI-FIT \u00e8 specializzata in\u00a0convertitori catalitici\u00a0\u00a0e\u00a0\u00a0filtri antiparticolato\u00a0per auto e furgoni.[\/vc_column_text][vc_column_text] I migliori prezzi in Svizzera filtro antiparticolato di ricambio Catalizzatori pronti per l&#8217;installazione sonda lambda Filtro per particelle di fuliggine sistemi di controllo dell&#8217;inquinamento Retrofit per filtro antiparticolato Accessori per sensori Lambda tubi flessibili Y-tubi tubi di collegamento Tubi [&hellip;]","og_url":"https:\/\/uni-fit.ch\/it\/mappa-del-sito","og_site_name":"Catalizzatori UNI-FIT","article_modified_time":"2019-07-04T07:35:08+00:00","twitter_card":"summary_large_image","twitter_misc":{"Tempo di lettura stimato":"1 minuto"},"schema":{"@context":"https:\/\/schema.org","@graph":[{"@type":"WebPage","@id":"https:\/\/uni-fit.ch\/it\/mappa-del-sito","url":"https:\/\/uni-fit.ch\/it\/mappa-del-sito","name":"Mappa del sito - Catalizzatori UNI-FIT","isPartOf":{"@id":"https:\/\/uni-fit.ch\/it\/#website"},"datePublished":"2019-07-04T07:35:07+00:00","dateModified":"2019-07-04T07:35:08+00:00","breadcrumb":{"@id":"https:\/\/uni-fit.ch\/it\/mappa-del-sito#breadcrumb"},"inLanguage":"it-IT","potentialAction":[{"@type":"ReadAction","target":["https:\/\/uni-fit.ch\/it\/mappa-del-sito"]}]},{"@type":"BreadcrumbList","@id":"https:\/\/uni-fit.ch\/it\/mappa-del-sito#breadcrumb","itemListElement":[{"@type":"ListItem","position":1,"name":"Startseite","item":"https:\/\/uni-fit.ch\/it"},{"@type":"ListItem","position":2,"name":"Mappa del sito"}]},{"@type":"WebSite","@id":"https:\/\/uni-fit.ch\/it\/#website","url":"https:\/\/uni-fit.ch\/it\/","name":"Catalizzatori UNI-FIT","description":"Catalizzatore e negozio di filtri antiparticolato per auto e furgoni","publisher":{"@id":"https:\/\/uni-fit.ch\/it\/#organization"},"potentialAction":[{"@type":"SearchAction","target":{"@type":"EntryPoint","urlTemplate":"https:\/\/uni-fit.ch\/it\/?s={search_term_string}"},"query-input":"required name=search_term_string"}],"inLanguage":"it-IT"},{"@type":"Organization","@id":"https:\/\/uni-fit.ch\/it\/#organization","name":"UNI-FIT Katalysatoren GmbH","url":"https:\/\/uni-fit.ch\/it\/","logo":{"@type":"ImageObject","inLanguage":"it-IT","@id":"https:\/\/uni-fit.ch\/it\/#\/schema\/logo\/image\/","url":"https:\/\/uni-fit.ch\/wp-content\/uploads\/unifit-katalysatoren-email-logo.png","contentUrl":"https:\/\/uni-fit.ch\/wp-content\/uploads\/unifit-katalysatoren-email-logo.png","width":600,"height":286,"caption":"UNI-FIT Katalysatoren GmbH"},"image":{"@id":"https:\/\/uni-fit.ch\/it\/#\/schema\/logo\/image\/"}}]}},"_links":{"self":[{"href":"https:\/\/uni-fit.ch\/it\/wp-json\/wp\/v2\/pages\/47921","targetHints":{"allow":["GET"]}}],"collection":[{"href":"https:\/\/uni-fit.ch\/it\/wp-json\/wp\/v2\/pages"}],"about":[{"href":"https:\/\/uni-fit.ch\/it\/wp-json\/wp\/v2\/types\/page"}],"author":[{"embeddable":true,"href":"https:\/\/uni-fit.ch\/it\/wp-json\/wp\/v2\/users\/3"}],"replies":[{"embeddable":true,"href":"https:\/\/uni-fit.ch\/it\/wp-json\/wp\/v2\/comments?post=47921"}],"version-history":[{"count":0,"href":"https:\/\/uni-fit.ch\/it\/wp-json\/wp\/v2\/pages\/47921\/revisions"}],"wp:attachment":[{"href":"https:\/\/uni-fit.ch\/it\/wp-json\/wp\/v2\/media?parent=47921"}],"curies":[{"name":"wp","href":"https:\/\/api.w.org\/{rel}","templated":true}]}}