{"id":52960,"date":"2019-07-01T04:21:48","date_gmt":"2019-07-01T02:21:48","guid":{"rendered":"https:\/\/uni-fit.ch\/shop\/tube-de-refoulement-pour-audi-a4-2-dl11054a"},"modified":"2019-10-07T01:47:40","modified_gmt":"2019-10-06T23:47:40","slug":"tube-de-refoulement-pour-audi-a4-2-dl11054a","status":"publish","type":"product","link":"https:\/\/uni-fit.ch\/it\/shop\/tube-de-refoulement-pour-audi-a4-2-dl11054a","title":{"rendered":"Tube de refoulement pour AUDI A4 2 &#8211; DL11054A"},"content":{"rendered":"<p>La conduite de refoulement convient pour: AUDI A4 2.0TDi Estate (moteur CAGC) 6 \/ 08-8 \/ 10 (combin\u00e9 Euro 4 Cat \/ DPF) Diesel<\/p>\n<p>Cat\u00e9gorie: Conduite de pression<br \/>\nFabricant: BM Catalyseurs<br \/>\nInformations suppl\u00e9mentaires: conduite sous pression<\/p>\n<p>Num\u00e9ro d&#8217;article UniFit: DL11054A<br \/>\nNum\u00e9ro de r\u00e9f\u00e9rence BMC: Catalyseurs PP11054A \/ BM<\/p>\n<p>Approbation de type: Approbation de type<\/p>\n<p>R\u00e9f\u00e9rences crois\u00e9es OE:<br \/>\n8K0131205C &#8211; * Liste non critique exhaustive<\/p>\n<p>Description:<br \/>\nTDi Estate (CAGC, combinaison cat \/ DPF)<\/p>\n<p>Zu_installieren_mit:<\/p>\n<p>Approbation:<\/p>\n<p>Avertissements:<\/p>\n","protected":false},"excerpt":{"rendered":"<p>Tube de refoulement pour AUDI A4 2.0TDi Estate (CAGC engine) 6\/08-8\/10 (Euro 4 Cat\/DPF combined)<\/p>\n","protected":false},"featured_media":29450,"comment_status":"closed","ping_status":"closed","template":"","meta":[],"product_cat":[3403],"product_tag":[6570,6058,6755,6190],"class_list":{"0":"post-52960","1":"product","2":"type-product","3":"status-publish","4":"has-post-thumbnail","6":"product_cat-linea-di-pressione","7":"product_tag-2-0-it","8":"product_tag-a4-it","9":"product_tag-audi-it","10":"product_tag-diesel-it","11":"product_shipping_class-paket-kl-1-meter-it","12":"pa_hubraum-2-0-it","13":"pa_marke-audi-it","14":"pa_modell-a4-it","15":"pa_treibstoff-diesel-it","16":"pa_warengruppe-linea-di-pressione","18":"first","19":"instock","20":"taxable","21":"shipping-taxable","22":"purchasable","23":"product-type-simple"},"yoast_head":"<!-- This site is optimized with the Yoast SEO plugin v22.9 - https:\/\/yoast.com\/wordpress\/plugins\/seo\/ -->\n<title>Tube de refoulement pour AUDI A4 2 - DL11054A - Catalizzatori UNI-FIT<\/title>\n<meta name=\"robots\" content=\"index, follow, max-snippet:-1, max-image-preview:large, max-video-preview:-1\" \/>\n<link rel=\"canonical\" href=\"https:\/\/uni-fit.ch\/it\/shop\/tube-de-refoulement-pour-audi-a4-2-dl11054a\" \/>\n<meta property=\"og:locale\" content=\"it_IT\" \/>\n<meta property=\"og:type\" content=\"article\" \/>\n<meta property=\"og:title\" content=\"Tube de refoulement pour AUDI A4 2 - DL11054A - Catalizzatori UNI-FIT\" \/>\n<meta property=\"og:description\" content=\"Tube de refoulement pour AUDI A4 2.0TDi Estate (CAGC engine) 6\/08-8\/10 (Euro 4 Cat\/DPF combined)\" \/>\n<meta property=\"og:url\" content=\"https:\/\/uni-fit.ch\/it\/shop\/tube-de-refoulement-pour-audi-a4-2-dl11054a\" \/>\n<meta property=\"og:site_name\" content=\"Catalizzatori UNI-FIT\" \/>\n<meta property=\"article:modified_time\" content=\"2019-10-06T23:47:40+00:00\" \/>\n<meta property=\"og:image\" content=\"https:\/\/uni-fit.ch\/wp-content\/uploads\/11054A.jpg\" \/>\n\t<meta property=\"og:image:width\" content=\"718\" \/>\n\t<meta property=\"og:image:height\" content=\"718\" \/>\n\t<meta property=\"og:image:type\" content=\"image\/jpeg\" \/>\n<meta name=\"twitter:card\" content=\"summary_large_image\" \/>\n<script type=\"application\/ld+json\" class=\"yoast-schema-graph\">{\"@context\":\"https:\/\/schema.org\",\"@graph\":[{\"@type\":\"WebPage\",\"@id\":\"https:\/\/uni-fit.ch\/it\/shop\/tube-de-refoulement-pour-audi-a4-2-dl11054a\",\"url\":\"https:\/\/uni-fit.ch\/it\/shop\/tube-de-refoulement-pour-audi-a4-2-dl11054a\",\"name\":\"Tube de refoulement pour AUDI A4 2 - DL11054A - Catalizzatori UNI-FIT\",\"isPartOf\":{\"@id\":\"https:\/\/uni-fit.ch\/it\/#website\"},\"primaryImageOfPage\":{\"@id\":\"https:\/\/uni-fit.ch\/it\/shop\/tube-de-refoulement-pour-audi-a4-2-dl11054a#primaryimage\"},\"image\":{\"@id\":\"https:\/\/uni-fit.ch\/it\/shop\/tube-de-refoulement-pour-audi-a4-2-dl11054a#primaryimage\"},\"thumbnailUrl\":\"https:\/\/uni-fit.ch\/wp-content\/uploads\/11054A.jpg\",\"datePublished\":\"2019-07-01T02:21:48+00:00\",\"dateModified\":\"2019-10-06T23:47:40+00:00\",\"breadcrumb\":{\"@id\":\"https:\/\/uni-fit.ch\/it\/shop\/tube-de-refoulement-pour-audi-a4-2-dl11054a#breadcrumb\"},\"inLanguage\":\"it-IT\",\"potentialAction\":[{\"@type\":\"ReadAction\",\"target\":[\"https:\/\/uni-fit.ch\/it\/shop\/tube-de-refoulement-pour-audi-a4-2-dl11054a\"]}]},{\"@type\":\"ImageObject\",\"inLanguage\":\"it-IT\",\"@id\":\"https:\/\/uni-fit.ch\/it\/shop\/tube-de-refoulement-pour-audi-a4-2-dl11054a#primaryimage\",\"url\":\"https:\/\/uni-fit.ch\/wp-content\/uploads\/11054A.jpg\",\"contentUrl\":\"https:\/\/uni-fit.ch\/wp-content\/uploads\/11054A.jpg\",\"width\":718,\"height\":718},{\"@type\":\"BreadcrumbList\",\"@id\":\"https:\/\/uni-fit.ch\/it\/shop\/tube-de-refoulement-pour-audi-a4-2-dl11054a#breadcrumb\",\"itemListElement\":[{\"@type\":\"ListItem\",\"position\":1,\"name\":\"Startseite\",\"item\":\"https:\/\/uni-fit.ch\/it\"},{\"@type\":\"ListItem\",\"position\":2,\"name\":\"Shop\",\"item\":\"https:\/\/uni-fit.ch\/shop\"},{\"@type\":\"ListItem\",\"position\":3,\"name\":\"Tube de refoulement pour AUDI A4 2 &#8211; DL11054A\"}]},{\"@type\":\"WebSite\",\"@id\":\"https:\/\/uni-fit.ch\/it\/#website\",\"url\":\"https:\/\/uni-fit.ch\/it\/\",\"name\":\"Catalizzatori UNI-FIT\",\"description\":\"Catalizzatore e negozio di filtri antiparticolato per auto e furgoni\",\"publisher\":{\"@id\":\"https:\/\/uni-fit.ch\/it\/#organization\"},\"potentialAction\":[{\"@type\":\"SearchAction\",\"target\":{\"@type\":\"EntryPoint\",\"urlTemplate\":\"https:\/\/uni-fit.ch\/it\/?s={search_term_string}\"},\"query-input\":\"required name=search_term_string\"}],\"inLanguage\":\"it-IT\"},{\"@type\":\"Organization\",\"@id\":\"https:\/\/uni-fit.ch\/it\/#organization\",\"name\":\"UNI-FIT Katalysatoren GmbH\",\"url\":\"https:\/\/uni-fit.ch\/it\/\",\"logo\":{\"@type\":\"ImageObject\",\"inLanguage\":\"it-IT\",\"@id\":\"https:\/\/uni-fit.ch\/it\/#\/schema\/logo\/image\/\",\"url\":\"https:\/\/uni-fit.ch\/wp-content\/uploads\/unifit-katalysatoren-email-logo.png\",\"contentUrl\":\"https:\/\/uni-fit.ch\/wp-content\/uploads\/unifit-katalysatoren-email-logo.png\",\"width\":600,\"height\":286,\"caption\":\"UNI-FIT Katalysatoren GmbH\"},\"image\":{\"@id\":\"https:\/\/uni-fit.ch\/it\/#\/schema\/logo\/image\/\"}}]}<\/script>\n<!-- \/ Yoast SEO plugin. -->","yoast_head_json":{"title":"Tube de refoulement pour AUDI A4 2 - DL11054A - Catalizzatori UNI-FIT","robots":{"index":"index","follow":"follow","max-snippet":"max-snippet:-1","max-image-preview":"max-image-preview:large","max-video-preview":"max-video-preview:-1"},"canonical":"https:\/\/uni-fit.ch\/it\/shop\/tube-de-refoulement-pour-audi-a4-2-dl11054a","og_locale":"it_IT","og_type":"article","og_title":"Tube de refoulement pour AUDI A4 2 - DL11054A - Catalizzatori UNI-FIT","og_description":"Tube de refoulement pour AUDI A4 2.0TDi Estate (CAGC engine) 6\/08-8\/10 (Euro 4 Cat\/DPF combined)","og_url":"https:\/\/uni-fit.ch\/it\/shop\/tube-de-refoulement-pour-audi-a4-2-dl11054a","og_site_name":"Catalizzatori UNI-FIT","article_modified_time":"2019-10-06T23:47:40+00:00","og_image":[{"width":718,"height":718,"url":"https:\/\/uni-fit.ch\/wp-content\/uploads\/11054A.jpg","type":"image\/jpeg"}],"twitter_card":"summary_large_image","schema":{"@context":"https:\/\/schema.org","@graph":[{"@type":"WebPage","@id":"https:\/\/uni-fit.ch\/it\/shop\/tube-de-refoulement-pour-audi-a4-2-dl11054a","url":"https:\/\/uni-fit.ch\/it\/shop\/tube-de-refoulement-pour-audi-a4-2-dl11054a","name":"Tube de refoulement pour AUDI A4 2 - DL11054A - Catalizzatori UNI-FIT","isPartOf":{"@id":"https:\/\/uni-fit.ch\/it\/#website"},"primaryImageOfPage":{"@id":"https:\/\/uni-fit.ch\/it\/shop\/tube-de-refoulement-pour-audi-a4-2-dl11054a#primaryimage"},"image":{"@id":"https:\/\/uni-fit.ch\/it\/shop\/tube-de-refoulement-pour-audi-a4-2-dl11054a#primaryimage"},"thumbnailUrl":"https:\/\/uni-fit.ch\/wp-content\/uploads\/11054A.jpg","datePublished":"2019-07-01T02:21:48+00:00","dateModified":"2019-10-06T23:47:40+00:00","breadcrumb":{"@id":"https:\/\/uni-fit.ch\/it\/shop\/tube-de-refoulement-pour-audi-a4-2-dl11054a#breadcrumb"},"inLanguage":"it-IT","potentialAction":[{"@type":"ReadAction","target":["https:\/\/uni-fit.ch\/it\/shop\/tube-de-refoulement-pour-audi-a4-2-dl11054a"]}]},{"@type":"ImageObject","inLanguage":"it-IT","@id":"https:\/\/uni-fit.ch\/it\/shop\/tube-de-refoulement-pour-audi-a4-2-dl11054a#primaryimage","url":"https:\/\/uni-fit.ch\/wp-content\/uploads\/11054A.jpg","contentUrl":"https:\/\/uni-fit.ch\/wp-content\/uploads\/11054A.jpg","width":718,"height":718},{"@type":"BreadcrumbList","@id":"https:\/\/uni-fit.ch\/it\/shop\/tube-de-refoulement-pour-audi-a4-2-dl11054a#breadcrumb","itemListElement":[{"@type":"ListItem","position":1,"name":"Startseite","item":"https:\/\/uni-fit.ch\/it"},{"@type":"ListItem","position":2,"name":"Shop","item":"https:\/\/uni-fit.ch\/shop"},{"@type":"ListItem","position":3,"name":"Tube de refoulement pour AUDI A4 2 &#8211; DL11054A"}]},{"@type":"WebSite","@id":"https:\/\/uni-fit.ch\/it\/#website","url":"https:\/\/uni-fit.ch\/it\/","name":"Catalizzatori UNI-FIT","description":"Catalizzatore e negozio di filtri antiparticolato per auto e furgoni","publisher":{"@id":"https:\/\/uni-fit.ch\/it\/#organization"},"potentialAction":[{"@type":"SearchAction","target":{"@type":"EntryPoint","urlTemplate":"https:\/\/uni-fit.ch\/it\/?s={search_term_string}"},"query-input":"required name=search_term_string"}],"inLanguage":"it-IT"},{"@type":"Organization","@id":"https:\/\/uni-fit.ch\/it\/#organization","name":"UNI-FIT Katalysatoren GmbH","url":"https:\/\/uni-fit.ch\/it\/","logo":{"@type":"ImageObject","inLanguage":"it-IT","@id":"https:\/\/uni-fit.ch\/it\/#\/schema\/logo\/image\/","url":"https:\/\/uni-fit.ch\/wp-content\/uploads\/unifit-katalysatoren-email-logo.png","contentUrl":"https:\/\/uni-fit.ch\/wp-content\/uploads\/unifit-katalysatoren-email-logo.png","width":600,"height":286,"caption":"UNI-FIT Katalysatoren GmbH"},"image":{"@id":"https:\/\/uni-fit.ch\/it\/#\/schema\/logo\/image\/"}}]}},"_links":{"self":[{"href":"https:\/\/uni-fit.ch\/it\/wp-json\/wp\/v2\/product\/52960","targetHints":{"allow":["GET"]}}],"collection":[{"href":"https:\/\/uni-fit.ch\/it\/wp-json\/wp\/v2\/product"}],"about":[{"href":"https:\/\/uni-fit.ch\/it\/wp-json\/wp\/v2\/types\/product"}],"replies":[{"embeddable":true,"href":"https:\/\/uni-fit.ch\/it\/wp-json\/wp\/v2\/comments?post=52960"}],"wp:featuredmedia":[{"embeddable":true,"href":"https:\/\/uni-fit.ch\/it\/wp-json\/wp\/v2\/media\/29450"}],"wp:attachment":[{"href":"https:\/\/uni-fit.ch\/it\/wp-json\/wp\/v2\/media?parent=52960"}],"wp:term":[{"taxonomy":"product_cat","embeddable":true,"href":"https:\/\/uni-fit.ch\/it\/wp-json\/wp\/v2\/product_cat?post=52960"},{"taxonomy":"product_tag","embeddable":true,"href":"https:\/\/uni-fit.ch\/it\/wp-json\/wp\/v2\/product_tag?post=52960"}],"curies":[{"name":"wp","href":"https:\/\/api.w.org\/{rel}","templated":true}]}}