{"id":63650,"date":"2024-02-07T13:52:29","date_gmt":"2024-02-07T12:52:29","guid":{"rendered":"https:\/\/uni-fit.ch\/?post_type=product&#038;p=63650"},"modified":"2025-04-11T09:55:36","modified_gmt":"2025-04-11T07:55:36","slug":"partikelfilter-fuer-volvo-s80-2-0-diesel-vo6024t-55","status":"publish","type":"product","link":"https:\/\/uni-fit.ch\/it\/shop\/partikelfilter-fuer-volvo-s80-2-0-diesel-vo6024t-55","title":{"rendered":"Partikelfilter f\u00fcr Volvo S80 2.0 Diesel &#8211; VO6024T-55"},"content":{"rendered":"<p>Russpartikelfilter ist geeignet f\u00fcr:  Volvo S80 2.0 Diesel (nur f\u00fcr Frontantrieb; D5204T2; D5204T3 engine, Euro 5) 163BHP 05\/2010 &#8211; 12\/2012, Diesel<\/p>\n<p>UniFit-Artikel-Nr: VO6024T-55<br \/>\nEEC-Artikelnummer: VO6024T <\/p>\n<p>Typengenehmigung: Typengenehmigung<\/p>\n<p>OE Cross References:<br \/>\n31293464<br \/>\n31293515<br \/>\n31338669<br \/>\n36000646<br \/>\n36001342<br \/>\n36011222 &#8211; *List not necessarily exhaustive<\/p>\n<p>Beschreibung:<br \/>\n2.0 Diesel (nur f\u00fcr Frontantrieb; D5204T2; D5204T3 engine, Euro 5) 163BHP<\/p>\n<p>Zu_installieren_mit:<br \/>\nThis part has the following Fitting Kit available: Yes<\/p>\n<p>Genehmigung: Type Approved<\/p>\n","protected":false},"excerpt":{"rendered":"<p>Russpartikelfilter f\u00fcr Volvo S80 2.0 Diesel (nur f\u00fcr Frontantrieb; D5204T2; D5204T3 engine, Euro 5) 163BHP 05\/2010 &#8211; 12\/2012<\/p>\n","protected":false},"featured_media":63646,"comment_status":"closed","ping_status":"closed","template":"","meta":[],"product_cat":[3257],"product_tag":[6566,2413,2678,2647],"class_list":{"0":"post-63650","1":"product","2":"type-product","3":"status-publish","4":"has-post-thumbnail","6":"product_cat-russpartikelfilter","7":"product_tag-2-0","8":"product_tag-diesel","9":"product_tag-s80","10":"product_tag-volvo","11":"product_shipping_class-kleinereinmeter","12":"pa_hubraum-2-0","13":"pa_marke-volvo","14":"pa_modell-s80","15":"pa_treibstoff-diesel","16":"pa_warengruppe-russpartikelfilter","18":"first","19":"onbackorder","20":"taxable","21":"shipping-taxable","22":"purchasable","23":"product-type-simple"},"yoast_head":"<!-- This site is optimized with the Yoast SEO plugin v22.9 - https:\/\/yoast.com\/wordpress\/plugins\/seo\/ -->\n<title>Partikelfilter f\u00fcr Volvo S80 2.0 Diesel - VO6024T-55 - Catalizzatori UNI-FIT<\/title>\n<meta name=\"robots\" content=\"index, follow, max-snippet:-1, max-image-preview:large, max-video-preview:-1\" \/>\n<link rel=\"canonical\" href=\"https:\/\/uni-fit.ch\/shop\/partikelfilter-fuer-volvo-s80-2-0-diesel-vo6024t-55\" \/>\n<meta property=\"og:locale\" content=\"it_IT\" \/>\n<meta property=\"og:type\" content=\"article\" \/>\n<meta property=\"og:title\" content=\"Partikelfilter f\u00fcr Volvo S80 2.0 Diesel - VO6024T-55 - Catalizzatori UNI-FIT\" \/>\n<meta property=\"og:description\" content=\"Russpartikelfilter f\u00fcr Volvo S80 2.0 Diesel (nur f\u00fcr Frontantrieb; D5204T2; D5204T3 engine, Euro 5) 163BHP 05\/2010 - 12\/2012\" \/>\n<meta property=\"og:url\" content=\"https:\/\/uni-fit.ch\/shop\/partikelfilter-fuer-volvo-s80-2-0-diesel-vo6024t-55\" \/>\n<meta property=\"og:site_name\" content=\"Catalizzatori UNI-FIT\" \/>\n<meta property=\"article:modified_time\" content=\"2025-04-11T07:55:36+00:00\" \/>\n<meta property=\"og:image\" content=\"https:\/\/uni-fit.ch\/wp-content\/uploads\/VO6024T-scaled.jpg\" \/>\n\t<meta property=\"og:image:width\" content=\"2560\" \/>\n\t<meta property=\"og:image:height\" content=\"2303\" \/>\n\t<meta property=\"og:image:type\" content=\"image\/jpeg\" \/>\n<meta name=\"twitter:card\" content=\"summary_large_image\" \/>\n<meta name=\"twitter:label1\" content=\"Tempo di lettura stimato\" \/>\n\t<meta name=\"twitter:data1\" content=\"1 minuto\" \/>\n<script type=\"application\/ld+json\" class=\"yoast-schema-graph\">{\"@context\":\"https:\/\/schema.org\",\"@graph\":[{\"@type\":\"WebPage\",\"@id\":\"https:\/\/uni-fit.ch\/shop\/partikelfilter-fuer-volvo-s80-2-0-diesel-vo6024t-55\",\"url\":\"https:\/\/uni-fit.ch\/shop\/partikelfilter-fuer-volvo-s80-2-0-diesel-vo6024t-55\",\"name\":\"Partikelfilter f\u00fcr Volvo S80 2.0 Diesel - VO6024T-55 - Catalizzatori UNI-FIT\",\"isPartOf\":{\"@id\":\"https:\/\/uni-fit.ch\/it\/#website\"},\"primaryImageOfPage\":{\"@id\":\"https:\/\/uni-fit.ch\/shop\/partikelfilter-fuer-volvo-s80-2-0-diesel-vo6024t-55#primaryimage\"},\"image\":{\"@id\":\"https:\/\/uni-fit.ch\/shop\/partikelfilter-fuer-volvo-s80-2-0-diesel-vo6024t-55#primaryimage\"},\"thumbnailUrl\":\"https:\/\/uni-fit.ch\/wp-content\/uploads\/VO6024T-scaled.jpg\",\"datePublished\":\"2024-02-07T12:52:29+00:00\",\"dateModified\":\"2025-04-11T07:55:36+00:00\",\"breadcrumb\":{\"@id\":\"https:\/\/uni-fit.ch\/shop\/partikelfilter-fuer-volvo-s80-2-0-diesel-vo6024t-55#breadcrumb\"},\"inLanguage\":\"it-IT\",\"potentialAction\":[{\"@type\":\"ReadAction\",\"target\":[\"https:\/\/uni-fit.ch\/shop\/partikelfilter-fuer-volvo-s80-2-0-diesel-vo6024t-55\"]}]},{\"@type\":\"ImageObject\",\"inLanguage\":\"it-IT\",\"@id\":\"https:\/\/uni-fit.ch\/shop\/partikelfilter-fuer-volvo-s80-2-0-diesel-vo6024t-55#primaryimage\",\"url\":\"https:\/\/uni-fit.ch\/wp-content\/uploads\/VO6024T-scaled.jpg\",\"contentUrl\":\"https:\/\/uni-fit.ch\/wp-content\/uploads\/VO6024T-scaled.jpg\",\"width\":2560,\"height\":2303},{\"@type\":\"BreadcrumbList\",\"@id\":\"https:\/\/uni-fit.ch\/shop\/partikelfilter-fuer-volvo-s80-2-0-diesel-vo6024t-55#breadcrumb\",\"itemListElement\":[{\"@type\":\"ListItem\",\"position\":1,\"name\":\"Startseite\",\"item\":\"https:\/\/uni-fit.ch\/it\"},{\"@type\":\"ListItem\",\"position\":2,\"name\":\"Shop\",\"item\":\"https:\/\/uni-fit.ch\/shop\"},{\"@type\":\"ListItem\",\"position\":3,\"name\":\"Partikelfilter f\u00fcr Volvo S80 2.0 Diesel &#8211; VO6024T-55\"}]},{\"@type\":\"WebSite\",\"@id\":\"https:\/\/uni-fit.ch\/it\/#website\",\"url\":\"https:\/\/uni-fit.ch\/it\/\",\"name\":\"Catalizzatori UNI-FIT\",\"description\":\"Catalizzatore e negozio di filtri antiparticolato per auto e furgoni\",\"publisher\":{\"@id\":\"https:\/\/uni-fit.ch\/it\/#organization\"},\"potentialAction\":[{\"@type\":\"SearchAction\",\"target\":{\"@type\":\"EntryPoint\",\"urlTemplate\":\"https:\/\/uni-fit.ch\/it\/?s={search_term_string}\"},\"query-input\":\"required name=search_term_string\"}],\"inLanguage\":\"it-IT\"},{\"@type\":\"Organization\",\"@id\":\"https:\/\/uni-fit.ch\/it\/#organization\",\"name\":\"UNI-FIT Katalysatoren GmbH\",\"url\":\"https:\/\/uni-fit.ch\/it\/\",\"logo\":{\"@type\":\"ImageObject\",\"inLanguage\":\"it-IT\",\"@id\":\"https:\/\/uni-fit.ch\/it\/#\/schema\/logo\/image\/\",\"url\":\"https:\/\/uni-fit.ch\/wp-content\/uploads\/unifit-katalysatoren-email-logo.png\",\"contentUrl\":\"https:\/\/uni-fit.ch\/wp-content\/uploads\/unifit-katalysatoren-email-logo.png\",\"width\":600,\"height\":286,\"caption\":\"UNI-FIT Katalysatoren GmbH\"},\"image\":{\"@id\":\"https:\/\/uni-fit.ch\/it\/#\/schema\/logo\/image\/\"}}]}<\/script>\n<!-- \/ Yoast SEO plugin. -->","yoast_head_json":{"title":"Partikelfilter f\u00fcr Volvo S80 2.0 Diesel - VO6024T-55 - Catalizzatori UNI-FIT","robots":{"index":"index","follow":"follow","max-snippet":"max-snippet:-1","max-image-preview":"max-image-preview:large","max-video-preview":"max-video-preview:-1"},"canonical":"https:\/\/uni-fit.ch\/shop\/partikelfilter-fuer-volvo-s80-2-0-diesel-vo6024t-55","og_locale":"it_IT","og_type":"article","og_title":"Partikelfilter f\u00fcr Volvo S80 2.0 Diesel - VO6024T-55 - Catalizzatori UNI-FIT","og_description":"Russpartikelfilter f\u00fcr Volvo S80 2.0 Diesel (nur f\u00fcr Frontantrieb; D5204T2; D5204T3 engine, Euro 5) 163BHP 05\/2010 - 12\/2012","og_url":"https:\/\/uni-fit.ch\/shop\/partikelfilter-fuer-volvo-s80-2-0-diesel-vo6024t-55","og_site_name":"Catalizzatori UNI-FIT","article_modified_time":"2025-04-11T07:55:36+00:00","og_image":[{"width":2560,"height":2303,"url":"https:\/\/uni-fit.ch\/wp-content\/uploads\/VO6024T-scaled.jpg","type":"image\/jpeg"}],"twitter_card":"summary_large_image","twitter_misc":{"Tempo di lettura stimato":"1 minuto"},"schema":{"@context":"https:\/\/schema.org","@graph":[{"@type":"WebPage","@id":"https:\/\/uni-fit.ch\/shop\/partikelfilter-fuer-volvo-s80-2-0-diesel-vo6024t-55","url":"https:\/\/uni-fit.ch\/shop\/partikelfilter-fuer-volvo-s80-2-0-diesel-vo6024t-55","name":"Partikelfilter f\u00fcr Volvo S80 2.0 Diesel - VO6024T-55 - Catalizzatori UNI-FIT","isPartOf":{"@id":"https:\/\/uni-fit.ch\/it\/#website"},"primaryImageOfPage":{"@id":"https:\/\/uni-fit.ch\/shop\/partikelfilter-fuer-volvo-s80-2-0-diesel-vo6024t-55#primaryimage"},"image":{"@id":"https:\/\/uni-fit.ch\/shop\/partikelfilter-fuer-volvo-s80-2-0-diesel-vo6024t-55#primaryimage"},"thumbnailUrl":"https:\/\/uni-fit.ch\/wp-content\/uploads\/VO6024T-scaled.jpg","datePublished":"2024-02-07T12:52:29+00:00","dateModified":"2025-04-11T07:55:36+00:00","breadcrumb":{"@id":"https:\/\/uni-fit.ch\/shop\/partikelfilter-fuer-volvo-s80-2-0-diesel-vo6024t-55#breadcrumb"},"inLanguage":"it-IT","potentialAction":[{"@type":"ReadAction","target":["https:\/\/uni-fit.ch\/shop\/partikelfilter-fuer-volvo-s80-2-0-diesel-vo6024t-55"]}]},{"@type":"ImageObject","inLanguage":"it-IT","@id":"https:\/\/uni-fit.ch\/shop\/partikelfilter-fuer-volvo-s80-2-0-diesel-vo6024t-55#primaryimage","url":"https:\/\/uni-fit.ch\/wp-content\/uploads\/VO6024T-scaled.jpg","contentUrl":"https:\/\/uni-fit.ch\/wp-content\/uploads\/VO6024T-scaled.jpg","width":2560,"height":2303},{"@type":"BreadcrumbList","@id":"https:\/\/uni-fit.ch\/shop\/partikelfilter-fuer-volvo-s80-2-0-diesel-vo6024t-55#breadcrumb","itemListElement":[{"@type":"ListItem","position":1,"name":"Startseite","item":"https:\/\/uni-fit.ch\/it"},{"@type":"ListItem","position":2,"name":"Shop","item":"https:\/\/uni-fit.ch\/shop"},{"@type":"ListItem","position":3,"name":"Partikelfilter f\u00fcr Volvo S80 2.0 Diesel &#8211; VO6024T-55"}]},{"@type":"WebSite","@id":"https:\/\/uni-fit.ch\/it\/#website","url":"https:\/\/uni-fit.ch\/it\/","name":"Catalizzatori UNI-FIT","description":"Catalizzatore e negozio di filtri antiparticolato per auto e furgoni","publisher":{"@id":"https:\/\/uni-fit.ch\/it\/#organization"},"potentialAction":[{"@type":"SearchAction","target":{"@type":"EntryPoint","urlTemplate":"https:\/\/uni-fit.ch\/it\/?s={search_term_string}"},"query-input":"required name=search_term_string"}],"inLanguage":"it-IT"},{"@type":"Organization","@id":"https:\/\/uni-fit.ch\/it\/#organization","name":"UNI-FIT Katalysatoren GmbH","url":"https:\/\/uni-fit.ch\/it\/","logo":{"@type":"ImageObject","inLanguage":"it-IT","@id":"https:\/\/uni-fit.ch\/it\/#\/schema\/logo\/image\/","url":"https:\/\/uni-fit.ch\/wp-content\/uploads\/unifit-katalysatoren-email-logo.png","contentUrl":"https:\/\/uni-fit.ch\/wp-content\/uploads\/unifit-katalysatoren-email-logo.png","width":600,"height":286,"caption":"UNI-FIT Katalysatoren GmbH"},"image":{"@id":"https:\/\/uni-fit.ch\/it\/#\/schema\/logo\/image\/"}}]}},"_links":{"self":[{"href":"https:\/\/uni-fit.ch\/it\/wp-json\/wp\/v2\/product\/63650","targetHints":{"allow":["GET"]}}],"collection":[{"href":"https:\/\/uni-fit.ch\/it\/wp-json\/wp\/v2\/product"}],"about":[{"href":"https:\/\/uni-fit.ch\/it\/wp-json\/wp\/v2\/types\/product"}],"replies":[{"embeddable":true,"href":"https:\/\/uni-fit.ch\/it\/wp-json\/wp\/v2\/comments?post=63650"}],"wp:featuredmedia":[{"embeddable":true,"href":"https:\/\/uni-fit.ch\/it\/wp-json\/wp\/v2\/media\/63646"}],"wp:attachment":[{"href":"https:\/\/uni-fit.ch\/it\/wp-json\/wp\/v2\/media?parent=63650"}],"wp:term":[{"taxonomy":"product_cat","embeddable":true,"href":"https:\/\/uni-fit.ch\/it\/wp-json\/wp\/v2\/product_cat?post=63650"},{"taxonomy":"product_tag","embeddable":true,"href":"https:\/\/uni-fit.ch\/it\/wp-json\/wp\/v2\/product_tag?post=63650"}],"curies":[{"name":"wp","href":"https:\/\/api.w.org\/{rel}","templated":true}]}}